{"id":3519,"date":"2021-02-06T04:18:06","date_gmt":"2021-02-06T03:18:06","guid":{"rendered":"https:\/\/michaelbern.com\/product\/tissot-chemin-des-tourelles-automatic-chronograph\/"},"modified":"2022-04-08T15:24:08","modified_gmt":"2022-04-08T13:24:08","slug":"tissot-chemin-des-tourelles-automatic-chronograph","status":"publish","type":"product","link":"https:\/\/michaelbern.com\/en\/product\/tissot-chemin-des-tourelles-automatic-chronograph\/","title":{"rendered":"Tissot Chemin des Tourelles Automatic Chronograph"},"content":{"rendered":"<p>Die Tissot Chemin des Tourelles tr\u00e4gt den Namen des Ortes, an dem sie erschaffen wurde. Chemin des Tourelles ist die Strasse, in der im Jahr 1907 die Manufaktur Tissot errichtet wurde und in der das Unternehmen noch heute seinen Sitz hat. Diese Armbanduhr blickt stolz auf ihre Herkunft und steht f\u00fcr \u00fcber 160 Jahre Uhrmachertradition. Das Geh\u00e4use aus hochwertigem Edelstahl beherbergt das Swiss-Made Automatik-Chronokaliber C01.211, welches f\u00fcr h\u00f6chste Pr\u00e4zision und einer Gangreserve von stolzen 46 Stunden sorgt. Diese Uhr bietet alles, was man sich nur w\u00fcnschen kann. Sie besticht durch ihre Klasse, Widerstandsf\u00e4higkeit und Gangreserve.<\/p>\n","protected":false},"excerpt":{"rendered":"<p>Die Tissot Chemin des Tourelles tr\u00e4gt den Namen des Ortes, an dem sie erschaffen wurde. Chemin des Tourelles ist die Strasse, in der im Jahr 1907 die Manufaktur Tissot errichtet wurde und in der das Unternehmen noch heute seinen Sitz hat. Diese Armbanduhr blickt stolz auf ihre Herkunft und steht f\u00fcr \u00fcber 160 Jahre Uhrmachertradition. [&hellip;]<\/p>\n","protected":false},"featured_media":3518,"comment_status":"open","ping_status":"closed","template":"","meta":{"inline_featured_image":false},"product_brand":[],"product_cat":[98,56],"product_tag":[],"class_list":{"0":"post-3519","1":"product","2":"type-product","3":"status-publish","4":"has-post-thumbnail","6":"product_cat-tissot","7":"product_cat-watches","8":"post-item","10":"first","11":"outofstock","12":"taxable","13":"shipping-taxable","14":"purchasable","15":"product-type-simple"},"_links":{"self":[{"href":"https:\/\/michaelbern.com\/en\/wp-json\/wp\/v2\/product\/3519","targetHints":{"allow":["GET"]}}],"collection":[{"href":"https:\/\/michaelbern.com\/en\/wp-json\/wp\/v2\/product"}],"about":[{"href":"https:\/\/michaelbern.com\/en\/wp-json\/wp\/v2\/types\/product"}],"replies":[{"embeddable":true,"href":"https:\/\/michaelbern.com\/en\/wp-json\/wp\/v2\/comments?post=3519"}],"wp:featuredmedia":[{"embeddable":true,"href":"https:\/\/michaelbern.com\/en\/wp-json\/wp\/v2\/media\/3518"}],"wp:attachment":[{"href":"https:\/\/michaelbern.com\/en\/wp-json\/wp\/v2\/media?parent=3519"}],"wp:term":[{"taxonomy":"product_brand","embeddable":true,"href":"https:\/\/michaelbern.com\/en\/wp-json\/wp\/v2\/product_brand?post=3519"},{"taxonomy":"product_cat","embeddable":true,"href":"https:\/\/michaelbern.com\/en\/wp-json\/wp\/v2\/product_cat?post=3519"},{"taxonomy":"product_tag","embeddable":true,"href":"https:\/\/michaelbern.com\/en\/wp-json\/wp\/v2\/product_tag?post=3519"}],"curies":[{"name":"wp","href":"https:\/\/api.w.org\/{rel}","templated":true}]}}