{"id":3496,"date":"2021-02-06T04:17:52","date_gmt":"2021-02-06T03:17:52","guid":{"rendered":"https:\/\/michaelbern.com\/product\/tissot-alpine-on-board-automatic-chronograph-limited-edition\/"},"modified":"2022-04-08T15:24:10","modified_gmt":"2022-04-08T13:24:10","slug":"tissot-alpine-on-board-automatic-chronograph-limited-edition","status":"publish","type":"product","link":"https:\/\/michaelbern.com\/en\/product\/tissot-alpine-on-board-automatic-chronograph-limited-edition\/","title":{"rendered":"Tissot Alpine on Board Automatic Chronograph Limited Edition"},"content":{"rendered":"<p>Der Alpine A110 ist ein Sportwagen, der die Historie aus den 1960ern gekonnt ins Heute \u00fcbertr\u00e4gt. Als besonderes Highlight f\u00fcr Alpine Kunden wurde der Tissot Alpine on Board Automatic Chronograph in limitierter Auflage von 516 St\u00fcck kreiert, die den Wagen auf ganz besondere Weise erg\u00e4nzt. Als Automatik-Chronograph macht der limitierte \u201eTissot Alpine On Board\u201c Zeitmesser nicht nur am Handgelenk eine gute Figur. Das abnehmbare 316L-Edelstahl Geh\u00e4use mit Sichtboden des Tissot on Board Automatic Chronographen l\u00e4sst sich ganz einfach vom Armband l\u00f6sen und seitlich am Multimedia-Bildschirm des A110 anbringen. Dies geschieht \u00fcber eine spezielle Aufnahme an einem passenden Aluminiumrahmen. Das grossz\u00fcgig gestaltete Geh\u00e4use erm\u00f6glicht ein m\u00fcheloses Ablesen der Zeit beim Fahren. Die Uhr ist ein unverzichtbares St\u00fcck f\u00fcr jeden Alpine-Fahrer. Die Uhr ist eine Hommage an die Zusammenarbeit von Tissot und Alpine, die sich in dem legend\u00e4ren \u201eA\u201c, das den orangefarbenen Sekundenzeiger ziert, zeigt. Das schwarze, perforierte Lederarmband mit orangefarbenen Ziern\u00e4hten verf\u00fcgt \u00fcber eine Butterfly-Faltschliesse mit Dr\u00fcckern, welches an die Lenkr\u00e4der klassischer Rennwagen erinnert und macht den Tissot Alpine On Board Automatic Chronograph zu einem herausragenden Uhrenmodell. Die Uhr besitzt ein graues Zifferblatt mit orangefarbenen Indizes sowie eine Datumsanzeige. Die Uhr wird in einem besonderen Etui geliefert.<\/p>\n","protected":false},"excerpt":{"rendered":"<p>Der Alpine A110 ist ein Sportwagen, der die Historie aus den 1960ern gekonnt ins Heute \u00fcbertr\u00e4gt. Als besonderes Highlight f\u00fcr Alpine Kunden wurde der Tissot Alpine on Board Automatic Chronograph in limitierter Auflage von 516 St\u00fcck kreiert, die den Wagen auf ganz besondere Weise erg\u00e4nzt. Als Automatik-Chronograph macht der limitierte \u201eTissot Alpine On Board\u201c Zeitmesser [&hellip;]<\/p>\n","protected":false},"featured_media":3487,"comment_status":"open","ping_status":"closed","template":"","meta":{"inline_featured_image":false},"product_brand":[],"product_cat":[98,56],"product_tag":[],"class_list":{"0":"post-3496","1":"product","2":"type-product","3":"status-publish","4":"has-post-thumbnail","6":"product_cat-tissot","7":"product_cat-watches","8":"post-item","10":"first","11":"outofstock","12":"taxable","13":"shipping-taxable","14":"purchasable","15":"product-type-simple"},"_links":{"self":[{"href":"https:\/\/michaelbern.com\/en\/wp-json\/wp\/v2\/product\/3496","targetHints":{"allow":["GET"]}}],"collection":[{"href":"https:\/\/michaelbern.com\/en\/wp-json\/wp\/v2\/product"}],"about":[{"href":"https:\/\/michaelbern.com\/en\/wp-json\/wp\/v2\/types\/product"}],"replies":[{"embeddable":true,"href":"https:\/\/michaelbern.com\/en\/wp-json\/wp\/v2\/comments?post=3496"}],"wp:featuredmedia":[{"embeddable":true,"href":"https:\/\/michaelbern.com\/en\/wp-json\/wp\/v2\/media\/3487"}],"wp:attachment":[{"href":"https:\/\/michaelbern.com\/en\/wp-json\/wp\/v2\/media?parent=3496"}],"wp:term":[{"taxonomy":"product_brand","embeddable":true,"href":"https:\/\/michaelbern.com\/en\/wp-json\/wp\/v2\/product_brand?post=3496"},{"taxonomy":"product_cat","embeddable":true,"href":"https:\/\/michaelbern.com\/en\/wp-json\/wp\/v2\/product_cat?post=3496"},{"taxonomy":"product_tag","embeddable":true,"href":"https:\/\/michaelbern.com\/en\/wp-json\/wp\/v2\/product_tag?post=3496"}],"curies":[{"name":"wp","href":"https:\/\/api.w.org\/{rel}","templated":true}]}}