{"id":3482,"date":"2021-02-06T04:17:43","date_gmt":"2021-02-06T03:17:43","guid":{"rendered":"https:\/\/michaelbern.com\/product\/tissot-alpine-on-board-automatic-chronograph-special-edition\/"},"modified":"2022-04-08T15:24:10","modified_gmt":"2022-04-08T13:24:10","slug":"tissot-alpine-on-board-automatic-chronograph-special-edition","status":"publish","type":"product","link":"https:\/\/michaelbern.com\/en\/product\/tissot-alpine-on-board-automatic-chronograph-special-edition\/","title":{"rendered":"Tissot Alpine on Board Automatic Chronograph Special Edition"},"content":{"rendered":"<p>Der neue Alpine A110 ist ein Sportwagen, der die Historie aus den 1960ern gekonnt ins Heute \u00fcbertr\u00e4gt. Als besonderes Highlight f\u00fcr Alpine Kunden wurden zwei Uhrenmodellen kreiert, die den Wagen auf ganz besondere Weise erg\u00e4nzen. Als Automatik-Chronograph sowie als Dreizeiger-Quarzuhr erh\u00e4ltlich, machen die neuen \u201eTissot Alpine On Board\u201c Zeitmesser nicht nur am Handgelenk eine gute Figur. Das abnehmbare 316L-Edelstahl Geh\u00e4use mit Sichtboden des Tissot on Board Automatic Chronographen l\u00e4sst sich ganz einfach vom Armband l\u00f6sen und seitlich am Multimedia-Bildschirm des A110 anbringen. Dies geschieht \u00fcber eine spezielle Aufnahme an einem passenden Aluminiumrahmen. Das grossz\u00fcgig gestaltete Geh\u00e4use erm\u00f6glicht ein m\u00fcheloses Ablesen der Zeit beim Fahren. Die Uhr ist ein unverzichtbares St\u00fcck f\u00fcr jeden Alpine-Fahrer. Die Uhr ist eine Hommage an die Zusammenarbeit von Tissot und Alpine, die sich in dem legend\u00e4ren \u201eA\u201c, das den Alpine-blauen Sekundenzeiger ziert, zeigt. Das schwarze, perforierte Lederarmband mit Butterfly-Faltschliesse mit Dr\u00fcckern erinnert an die Lenkr\u00e4der klassischer Rennwagen und macht den Tissot Alpine On Board Automatic Chronograph zu einem herausragenden Uhrenmodell. Die Uhr besitzt ein schwarzes Zifferblatt mit Indizes sowie eine Datumsanzeige.<\/p>\n","protected":false},"excerpt":{"rendered":"<p>Der neue Alpine A110 ist ein Sportwagen, der die Historie aus den 1960ern gekonnt ins Heute \u00fcbertr\u00e4gt. Als besonderes Highlight f\u00fcr Alpine Kunden wurden zwei Uhrenmodellen kreiert, die den Wagen auf ganz besondere Weise erg\u00e4nzen. Als Automatik-Chronograph sowie als Dreizeiger-Quarzuhr erh\u00e4ltlich, machen die neuen \u201eTissot Alpine On Board\u201c Zeitmesser nicht nur am Handgelenk eine gute [&hellip;]<\/p>\n","protected":false},"featured_media":3476,"comment_status":"open","ping_status":"closed","template":"","meta":{"inline_featured_image":false},"product_brand":[],"product_cat":[98,56],"product_tag":[],"class_list":{"0":"post-3482","1":"product","2":"type-product","3":"status-publish","4":"has-post-thumbnail","6":"product_cat-tissot","7":"product_cat-watches","8":"post-item","10":"first","11":"outofstock","12":"taxable","13":"shipping-taxable","14":"purchasable","15":"product-type-simple"},"_links":{"self":[{"href":"https:\/\/michaelbern.com\/en\/wp-json\/wp\/v2\/product\/3482","targetHints":{"allow":["GET"]}}],"collection":[{"href":"https:\/\/michaelbern.com\/en\/wp-json\/wp\/v2\/product"}],"about":[{"href":"https:\/\/michaelbern.com\/en\/wp-json\/wp\/v2\/types\/product"}],"replies":[{"embeddable":true,"href":"https:\/\/michaelbern.com\/en\/wp-json\/wp\/v2\/comments?post=3482"}],"wp:featuredmedia":[{"embeddable":true,"href":"https:\/\/michaelbern.com\/en\/wp-json\/wp\/v2\/media\/3476"}],"wp:attachment":[{"href":"https:\/\/michaelbern.com\/en\/wp-json\/wp\/v2\/media?parent=3482"}],"wp:term":[{"taxonomy":"product_brand","embeddable":true,"href":"https:\/\/michaelbern.com\/en\/wp-json\/wp\/v2\/product_brand?post=3482"},{"taxonomy":"product_cat","embeddable":true,"href":"https:\/\/michaelbern.com\/en\/wp-json\/wp\/v2\/product_cat?post=3482"},{"taxonomy":"product_tag","embeddable":true,"href":"https:\/\/michaelbern.com\/en\/wp-json\/wp\/v2\/product_tag?post=3482"}],"curies":[{"name":"wp","href":"https:\/\/api.w.org\/{rel}","templated":true}]}}