{"id":3452,"date":"2021-02-06T04:17:23","date_gmt":"2021-02-06T03:17:23","guid":{"rendered":"https:\/\/michaelbern.com\/product\/tissot-heritage-1948-chronograph-2\/"},"modified":"2022-04-08T15:24:12","modified_gmt":"2022-04-08T13:24:12","slug":"tissot-heritage-1948-chronograph-2","status":"publish","type":"product","link":"https:\/\/michaelbern.com\/en\/product\/tissot-heritage-1948-chronograph-2\/","title":{"rendered":"Tissot Heritage 1948 Chronograph"},"content":{"rendered":"<p>Mit der neuen Tissot Heritage 1948 Kollektion kehrt eine stilvolle Chronographen-Kollektion wieder zur\u00fcck, welche vor fast 70 Jahren Premiere feierte. Neben sportlicher Eleganz war und ist Pr\u00e4zision das Credo. Daf\u00fcr sorgt das zuverl\u00e4ssige Swiss-Made Automatikwerk, welches durch des gl\u00e4sernen Sichtboden zu beobachten ist. Reminiszenzen an den historischen Vorg\u00e4nger sind neben dem fr\u00fcheren Logo Details wie die Vintage-Minuterie, silberfarbene Ziernagelkopf-Indexe sowie die besonders geformten Bandanst\u00f6\u00dfe und die Blattzeiger. Wahlweise erg\u00e4nzt ein Milanaise- oder ein Lederarmband den Auftritt. Das Zifferblatt ist mit der r\u00f6mischen Ziffer bei 12 Uhr und Indizes versehen und wird von einem Hesalitglas gesch\u00fctzt. Dieses Modell mit silberfarbenem Zifferblatt besitzt ein Milanaise-Armband mit Schmuckschlie\u00dfe mit Sicherheitsverschluss.<\/p>\n","protected":false},"excerpt":{"rendered":"<p>Mit der neuen Tissot Heritage 1948 Kollektion kehrt eine stilvolle Chronographen-Kollektion wieder zur\u00fcck, welche vor fast 70 Jahren Premiere feierte. Neben sportlicher Eleganz war und ist Pr\u00e4zision das Credo. Daf\u00fcr sorgt das zuverl\u00e4ssige Swiss-Made Automatikwerk, welches durch des gl\u00e4sernen Sichtboden zu beobachten ist. Reminiszenzen an den historischen Vorg\u00e4nger sind neben dem fr\u00fcheren Logo Details wie [&hellip;]<\/p>\n","protected":false},"featured_media":3449,"comment_status":"open","ping_status":"closed","template":"","meta":{"inline_featured_image":false},"product_brand":[],"product_cat":[98,56],"product_tag":[],"class_list":{"0":"post-3452","1":"product","2":"type-product","3":"status-publish","4":"has-post-thumbnail","6":"product_cat-tissot","7":"product_cat-watches","8":"post-item","10":"first","11":"outofstock","12":"taxable","13":"shipping-taxable","14":"purchasable","15":"product-type-simple"},"_links":{"self":[{"href":"https:\/\/michaelbern.com\/en\/wp-json\/wp\/v2\/product\/3452","targetHints":{"allow":["GET"]}}],"collection":[{"href":"https:\/\/michaelbern.com\/en\/wp-json\/wp\/v2\/product"}],"about":[{"href":"https:\/\/michaelbern.com\/en\/wp-json\/wp\/v2\/types\/product"}],"replies":[{"embeddable":true,"href":"https:\/\/michaelbern.com\/en\/wp-json\/wp\/v2\/comments?post=3452"}],"wp:featuredmedia":[{"embeddable":true,"href":"https:\/\/michaelbern.com\/en\/wp-json\/wp\/v2\/media\/3449"}],"wp:attachment":[{"href":"https:\/\/michaelbern.com\/en\/wp-json\/wp\/v2\/media?parent=3452"}],"wp:term":[{"taxonomy":"product_brand","embeddable":true,"href":"https:\/\/michaelbern.com\/en\/wp-json\/wp\/v2\/product_brand?post=3452"},{"taxonomy":"product_cat","embeddable":true,"href":"https:\/\/michaelbern.com\/en\/wp-json\/wp\/v2\/product_cat?post=3452"},{"taxonomy":"product_tag","embeddable":true,"href":"https:\/\/michaelbern.com\/en\/wp-json\/wp\/v2\/product_tag?post=3452"}],"curies":[{"name":"wp","href":"https:\/\/api.w.org\/{rel}","templated":true}]}}