{"id":3368,"date":"2021-02-06T04:16:29","date_gmt":"2021-02-06T03:16:29","guid":{"rendered":"https:\/\/michaelbern.com\/product\/tissot-gentleman-powermatic-80-silicium-2\/"},"modified":"2022-04-08T15:24:14","modified_gmt":"2022-04-08T13:24:14","slug":"tissot-gentleman-powermatic-80-silicium-2","status":"publish","type":"product","link":"https:\/\/michaelbern.com\/en\/product\/tissot-gentleman-powermatic-80-silicium-2\/","title":{"rendered":"Tissot Gentleman Powermatic 80 Silicium"},"content":{"rendered":"<p>Zu einem Gentleman geh\u00f6rt auch ein stilvoller, klassischer und eleganter Zeitmesser. So wie die neue Tissot Gentleman Automatic, die ihre Klasse bereits im Namen tr\u00e4gt. Auf dem 40 Millimeter messenden 316L-Edelstahlgeh\u00e4use sitzend, verleiht die 18 Karat Gelbgoldl\u00fcnette der Uhr eine edle Optik und bildet gemeinsam mit den gleichfarbigen Indexen und Zeigern einen gelungenen Kontrast zum Zifferblatt. Gentleman-like pr\u00e4sentiert sich auch das Innere der Uhr, zu bestaunen durch den gl\u00e4sernen Sichtboden aus Mineralglas: Das Powermatic 80 Automatikwerk \u2013 hier in der Ausf\u00fchrung mit Siliziumspirale (ETA C07.811) \u2013 bildet das Herz dieses Zeitmessers und sorgt f\u00fcr bis zu 80 Stunden Gangreserve und konstante Pr\u00e4zision. Dieses Modell hat ein dunkelblaues Zifferblatt mit Indizes und Datumsanzeige sowie ein dunkelblaues Lederarmband mit Faltschliesse und Dr\u00fcckern.<\/p>\n","protected":false},"excerpt":{"rendered":"<p>Zu einem Gentleman geh\u00f6rt auch ein stilvoller, klassischer und eleganter Zeitmesser. So wie die neue Tissot Gentleman Automatic, die ihre Klasse bereits im Namen tr\u00e4gt. Auf dem 40 Millimeter messenden 316L-Edelstahlgeh\u00e4use sitzend, verleiht die 18 Karat Gelbgoldl\u00fcnette der Uhr eine edle Optik und bildet gemeinsam mit den gleichfarbigen Indexen und Zeigern einen gelungenen Kontrast zum [&hellip;]<\/p>\n","protected":false},"featured_media":3364,"comment_status":"open","ping_status":"closed","template":"","meta":{"inline_featured_image":false},"product_brand":[],"product_cat":[98,56],"product_tag":[],"class_list":{"0":"post-3368","1":"product","2":"type-product","3":"status-publish","4":"has-post-thumbnail","6":"product_cat-tissot","7":"product_cat-watches","8":"post-item","10":"first","11":"outofstock","12":"taxable","13":"shipping-taxable","14":"purchasable","15":"product-type-simple"},"_links":{"self":[{"href":"https:\/\/michaelbern.com\/en\/wp-json\/wp\/v2\/product\/3368","targetHints":{"allow":["GET"]}}],"collection":[{"href":"https:\/\/michaelbern.com\/en\/wp-json\/wp\/v2\/product"}],"about":[{"href":"https:\/\/michaelbern.com\/en\/wp-json\/wp\/v2\/types\/product"}],"replies":[{"embeddable":true,"href":"https:\/\/michaelbern.com\/en\/wp-json\/wp\/v2\/comments?post=3368"}],"wp:featuredmedia":[{"embeddable":true,"href":"https:\/\/michaelbern.com\/en\/wp-json\/wp\/v2\/media\/3364"}],"wp:attachment":[{"href":"https:\/\/michaelbern.com\/en\/wp-json\/wp\/v2\/media?parent=3368"}],"wp:term":[{"taxonomy":"product_brand","embeddable":true,"href":"https:\/\/michaelbern.com\/en\/wp-json\/wp\/v2\/product_brand?post=3368"},{"taxonomy":"product_cat","embeddable":true,"href":"https:\/\/michaelbern.com\/en\/wp-json\/wp\/v2\/product_cat?post=3368"},{"taxonomy":"product_tag","embeddable":true,"href":"https:\/\/michaelbern.com\/en\/wp-json\/wp\/v2\/product_tag?post=3368"}],"curies":[{"name":"wp","href":"https:\/\/api.w.org\/{rel}","templated":true}]}}