{"id":3332,"date":"2021-02-06T04:16:06","date_gmt":"2021-02-06T03:16:06","guid":{"rendered":"https:\/\/michaelbern.com\/product\/tissot-supersport-chrono-4\/"},"modified":"2022-04-08T15:24:16","modified_gmt":"2022-04-08T13:24:16","slug":"tissot-supersport-chrono-4","status":"publish","type":"product","link":"https:\/\/michaelbern.com\/en\/product\/tissot-supersport-chrono-4\/","title":{"rendered":"Tissot Supersport Chrono"},"content":{"rendered":"<p>Die Tissot Supersport Chrono Kollektion ist perfekt f\u00fcr den modernen Gentleman, der seine Uhr im Alltag, B\u00fcro sowie bei sportlichen Ereignissen tragen m\u00f6chte. Die geraden Linien und scharfen Kanten in Kombination mit dem 45,5 mm Geh\u00e4use verleihen der Tissot Supersport Chrono eine starke Pers\u00f6nlichkeit. Die massiven Indizes mit SuperLuminova\u00ae Beschichtung sowie die asymmetrischen Applikationen auf dem Zifferblatt sorgen f\u00fcr einen kraftvollen 3D-Effekt, ein dynamisches Erscheinungsbild und erm\u00f6glichen eine beeindruckende Lesbarkeit bei Dunkelheit. Alle Modelle des Tissot Chrono Supersport haben ein massives 316L- Edelstahlgeh\u00e4use, kratzfestes Saphirglas und besitzen eine Wasserdichtigkeit bis zu einem Druck von 10 bar (100 Metern\/330 Fuss). Diese Ausf\u00fchrung der Tissot Supersport Chrono besitzt ein Swiss-Made Quartzwerk sowie ein Bicolor 316L-Edelstahlgeh\u00e4use mit gelbgoldfarbener PVD-Beschichtung. Das schwarze Zifferblatt besitzt Indizes und eine Datumsanzeige. Das massive 316L-Edelstahlarmband ist mit Sicherheitsfaltschliesse und Taucherverl\u00e4ngerung ausgestattet.<\/p>\n","protected":false},"excerpt":{"rendered":"<p>Die Tissot Supersport Chrono Kollektion ist perfekt f\u00fcr den modernen Gentleman, der seine Uhr im Alltag, B\u00fcro sowie bei sportlichen Ereignissen tragen m\u00f6chte. Die geraden Linien und scharfen Kanten in Kombination mit dem 45,5 mm Geh\u00e4use verleihen der Tissot Supersport Chrono eine starke Pers\u00f6nlichkeit. Die massiven Indizes mit SuperLuminova\u00ae Beschichtung sowie die asymmetrischen Applikationen auf [&hellip;]<\/p>\n","protected":false},"featured_media":3328,"comment_status":"open","ping_status":"closed","template":"","meta":{"inline_featured_image":false},"product_brand":[],"product_cat":[98,56],"product_tag":[],"class_list":{"0":"post-3332","1":"product","2":"type-product","3":"status-publish","4":"has-post-thumbnail","6":"product_cat-tissot","7":"product_cat-watches","8":"post-item","10":"first","11":"outofstock","12":"taxable","13":"shipping-taxable","14":"purchasable","15":"product-type-simple"},"_links":{"self":[{"href":"https:\/\/michaelbern.com\/en\/wp-json\/wp\/v2\/product\/3332","targetHints":{"allow":["GET"]}}],"collection":[{"href":"https:\/\/michaelbern.com\/en\/wp-json\/wp\/v2\/product"}],"about":[{"href":"https:\/\/michaelbern.com\/en\/wp-json\/wp\/v2\/types\/product"}],"replies":[{"embeddable":true,"href":"https:\/\/michaelbern.com\/en\/wp-json\/wp\/v2\/comments?post=3332"}],"wp:featuredmedia":[{"embeddable":true,"href":"https:\/\/michaelbern.com\/en\/wp-json\/wp\/v2\/media\/3328"}],"wp:attachment":[{"href":"https:\/\/michaelbern.com\/en\/wp-json\/wp\/v2\/media?parent=3332"}],"wp:term":[{"taxonomy":"product_brand","embeddable":true,"href":"https:\/\/michaelbern.com\/en\/wp-json\/wp\/v2\/product_brand?post=3332"},{"taxonomy":"product_cat","embeddable":true,"href":"https:\/\/michaelbern.com\/en\/wp-json\/wp\/v2\/product_cat?post=3332"},{"taxonomy":"product_tag","embeddable":true,"href":"https:\/\/michaelbern.com\/en\/wp-json\/wp\/v2\/product_tag?post=3332"}],"curies":[{"name":"wp","href":"https:\/\/api.w.org\/{rel}","templated":true}]}}