{"id":3262,"date":"2021-02-06T04:15:25","date_gmt":"2021-02-06T03:15:25","guid":{"rendered":"https:\/\/michaelbern.com\/product\/tissot-t-my-lady-set-4\/"},"modified":"2022-04-08T15:25:16","modified_gmt":"2022-04-08T13:25:16","slug":"tissot-t-my-lady-set-4","status":"publish","type":"product","link":"https:\/\/michaelbern.com\/en\/product\/tissot-t-my-lady-set-4\/","title":{"rendered":"Tissot T-My Lady Set"},"content":{"rendered":"<p>Diese Modelle der T-My Lady verf\u00fcgen \u00fcber ein widerstandsf\u00e4higes Edelstahlgeh\u00e4use mit einem Durchmesser von 29 mm, einem zus\u00e4tzlichen Lederarmband zum einfachen Wechseln ohne Werkzeug und einer schlichten Eleganz dank einer zeitlosen Linienf\u00fchrung. Die T-My Lady von Tissot ist eine feminine Uhr, die aufgrund ihrer Konzeption und des Designs zur perfekten Wahl f\u00fcr alle Frauen wird, f\u00fcr die eine Uhr ein zeitloser Begleiter ist.<\/p>\n","protected":false},"excerpt":{"rendered":"<p>Diese Modelle der T-My Lady verf\u00fcgen \u00fcber ein widerstandsf\u00e4higes Edelstahlgeh\u00e4use mit einem Durchmesser von 29 mm, einem zus\u00e4tzlichen Lederarmband zum einfachen Wechseln ohne Werkzeug und einer schlichten Eleganz dank einer zeitlosen Linienf\u00fchrung. Die T-My Lady von Tissot ist eine feminine Uhr, die aufgrund ihrer Konzeption und des Designs zur perfekten Wahl f\u00fcr alle Frauen wird, [&hellip;]<\/p>\n","protected":false},"featured_media":3258,"comment_status":"open","ping_status":"closed","template":"","meta":{"inline_featured_image":false},"product_brand":[],"product_cat":[98,56,57],"product_tag":[],"class_list":{"0":"post-3262","1":"product","2":"type-product","3":"status-publish","4":"has-post-thumbnail","6":"product_cat-tissot","7":"product_cat-watches","8":"product_cat-womens-watches","9":"post-item","11":"first","12":"outofstock","13":"taxable","14":"shipping-taxable","15":"purchasable","16":"product-type-simple"},"_links":{"self":[{"href":"https:\/\/michaelbern.com\/en\/wp-json\/wp\/v2\/product\/3262","targetHints":{"allow":["GET"]}}],"collection":[{"href":"https:\/\/michaelbern.com\/en\/wp-json\/wp\/v2\/product"}],"about":[{"href":"https:\/\/michaelbern.com\/en\/wp-json\/wp\/v2\/types\/product"}],"replies":[{"embeddable":true,"href":"https:\/\/michaelbern.com\/en\/wp-json\/wp\/v2\/comments?post=3262"}],"wp:featuredmedia":[{"embeddable":true,"href":"https:\/\/michaelbern.com\/en\/wp-json\/wp\/v2\/media\/3258"}],"wp:attachment":[{"href":"https:\/\/michaelbern.com\/en\/wp-json\/wp\/v2\/media?parent=3262"}],"wp:term":[{"taxonomy":"product_brand","embeddable":true,"href":"https:\/\/michaelbern.com\/en\/wp-json\/wp\/v2\/product_brand?post=3262"},{"taxonomy":"product_cat","embeddable":true,"href":"https:\/\/michaelbern.com\/en\/wp-json\/wp\/v2\/product_cat?post=3262"},{"taxonomy":"product_tag","embeddable":true,"href":"https:\/\/michaelbern.com\/en\/wp-json\/wp\/v2\/product_tag?post=3262"}],"curies":[{"name":"wp","href":"https:\/\/api.w.org\/{rel}","templated":true}]}}