{"id":3208,"date":"2021-02-06T04:14:47","date_gmt":"2021-02-06T03:14:47","guid":{"rendered":"https:\/\/michaelbern.com\/product\/bomberg-bb-01-black-red-2\/"},"modified":"2022-04-08T15:25:18","modified_gmt":"2022-04-08T13:25:18","slug":"bomberg-bb-01-black-red-2","status":"publish","type":"product","link":"https:\/\/michaelbern.com\/en\/product\/bomberg-bb-01-black-red-2\/","title":{"rendered":"Bomberg BB-01 Black &#038; Red"},"content":{"rendered":"<p>Die BB-01 ist tiefschwarz mit einem roten Kreis umrandet und mit zwei sich drehenden Zeigern in hellem Weiss und einem in Dunkelrot. Ein weiterer frecher Tupfer Rot sitzt auf zwei Uhr an der Krone am Aussengeh\u00e4use. Das Armband? Schwarzes Kalbsleder, nat\u00fcrlich. Dieser Zeitmesser mit seiner Eleganz und Gediegenheit steht f\u00fcr Nachtleben, Highlife und gehobenen Lebensstil. Er zieht die Aufmerksamkeit auf sich, l\u00f6st Verlangen aus und regt zum Handeln an. Klingt, als ob das zu Ihnen passt? Dann holen Sie sich die Uhr! Um diese stylische Armbanduhr in eine Taschenuhr und einen echten Hingucker zu verwandeln, kaufen Sie noch die Kette dazu, die direkt am Geh\u00e4use befestigt werden kann (nicht inbegriffen). Uhrwerk, Design und Montage, alles made in Switzerland.<\/p>\n","protected":false},"excerpt":{"rendered":"<p>Die BB-01 ist tiefschwarz mit einem roten Kreis umrandet und mit zwei sich drehenden Zeigern in hellem Weiss und einem in Dunkelrot. Ein weiterer frecher Tupfer Rot sitzt auf zwei Uhr an der Krone am Aussengeh\u00e4use. Das Armband? Schwarzes Kalbsleder, nat\u00fcrlich. Dieser Zeitmesser mit seiner Eleganz und Gediegenheit steht f\u00fcr Nachtleben, Highlife und gehobenen Lebensstil. [&hellip;]<\/p>\n","protected":false},"featured_media":3203,"comment_status":"open","ping_status":"closed","template":"","meta":{"inline_featured_image":false},"product_brand":[],"product_cat":[106,56],"product_tag":[],"class_list":{"0":"post-3208","1":"product","2":"type-product","3":"status-publish","4":"has-post-thumbnail","6":"product_cat-bomberg","7":"product_cat-watches","8":"post-item","10":"first","11":"outofstock","12":"taxable","13":"shipping-taxable","14":"purchasable","15":"product-type-simple"},"_links":{"self":[{"href":"https:\/\/michaelbern.com\/en\/wp-json\/wp\/v2\/product\/3208","targetHints":{"allow":["GET"]}}],"collection":[{"href":"https:\/\/michaelbern.com\/en\/wp-json\/wp\/v2\/product"}],"about":[{"href":"https:\/\/michaelbern.com\/en\/wp-json\/wp\/v2\/types\/product"}],"replies":[{"embeddable":true,"href":"https:\/\/michaelbern.com\/en\/wp-json\/wp\/v2\/comments?post=3208"}],"wp:featuredmedia":[{"embeddable":true,"href":"https:\/\/michaelbern.com\/en\/wp-json\/wp\/v2\/media\/3203"}],"wp:attachment":[{"href":"https:\/\/michaelbern.com\/en\/wp-json\/wp\/v2\/media?parent=3208"}],"wp:term":[{"taxonomy":"product_brand","embeddable":true,"href":"https:\/\/michaelbern.com\/en\/wp-json\/wp\/v2\/product_brand?post=3208"},{"taxonomy":"product_cat","embeddable":true,"href":"https:\/\/michaelbern.com\/en\/wp-json\/wp\/v2\/product_cat?post=3208"},{"taxonomy":"product_tag","embeddable":true,"href":"https:\/\/michaelbern.com\/en\/wp-json\/wp\/v2\/product_tag?post=3208"}],"curies":[{"name":"wp","href":"https:\/\/api.w.org\/{rel}","templated":true}]}}