{"id":3135,"date":"2021-02-06T04:13:59","date_gmt":"2021-02-06T03:13:59","guid":{"rendered":"https:\/\/michaelbern.com\/product\/frederique-constant-manufacture-slimline-moonphase-stars\/"},"modified":"2022-04-08T15:25:21","modified_gmt":"2022-04-08T13:25:21","slug":"frederique-constant-manufacture-slimline-moonphase-stars","status":"publish","type":"product","link":"https:\/\/michaelbern.com\/en\/product\/frederique-constant-manufacture-slimline-moonphase-stars\/","title":{"rendered":"Fr\u00e9d\u00e9rique Constant Manufacture Slimline Moonphase Stars"},"content":{"rendered":"<p>Diese Fr\u00e9d\u00e9rique Constant Slimline Automatic ist ein wahrer Klassiker. Trotz Ihrer klassischen Eleganz wird diese Uhr mit den neuesten Technologien hergestellt, wobei das Design genauso erfolgreich und stilvoll bleibt. Die Fr\u00e9d\u00e9rique Constant Classics ist ein Tribut an die Genfer Uhrmacher, welche perfekten Stil, feine Eleganz und hohe Qualit\u00e4t zu vern\u00fcnftigen Preisen anbieten. Ausgestattet mit dem Automatikkaliber FC-701 bietet diese Damenuhr genauste Pr\u00e4zision und eine Gangreserve von 42 Stunden. Im Mittelpunkt dieser Fr\u00e9d\u00e9rique Constant Manufacture Slimline steht, wie der Name uns schon verr\u00e4t, die klassische Mondanzeige, welche uns auf den Tag genau anzeigt, in welcher gr\u00f6sse sich der Mond in der jeweiligen Nacht am Himmel entfaltet. Die gl\u00e4nzenden, hochwertigen Diamanten, auf der L\u00fcnette und dem Zifferblatt, werten zusammen mit den kleinen Sternchen die klassische Erscheinung dieser wundersch\u00f6nen Uhr gekonnt auf.<\/p>\n","protected":false},"excerpt":{"rendered":"<p>Diese Fr\u00e9d\u00e9rique Constant Slimline Automatic ist ein wahrer Klassiker. Trotz Ihrer klassischen Eleganz wird diese Uhr mit den neuesten Technologien hergestellt, wobei das Design genauso erfolgreich und stilvoll bleibt. Die Fr\u00e9d\u00e9rique Constant Classics ist ein Tribut an die Genfer Uhrmacher, welche perfekten Stil, feine Eleganz und hohe Qualit\u00e4t zu vern\u00fcnftigen Preisen anbieten. Ausgestattet mit dem [&hellip;]<\/p>\n","protected":false},"featured_media":3131,"comment_status":"open","ping_status":"closed","template":"","meta":{"inline_featured_image":false},"product_brand":[],"product_cat":[93,56,57],"product_tag":[],"class_list":{"0":"post-3135","1":"product","2":"type-product","3":"status-publish","4":"has-post-thumbnail","6":"product_cat-frederique-constant","7":"product_cat-watches","8":"product_cat-womens-watches","9":"post-item","11":"first","12":"outofstock","13":"taxable","14":"shipping-taxable","15":"purchasable","16":"product-type-simple"},"_links":{"self":[{"href":"https:\/\/michaelbern.com\/en\/wp-json\/wp\/v2\/product\/3135","targetHints":{"allow":["GET"]}}],"collection":[{"href":"https:\/\/michaelbern.com\/en\/wp-json\/wp\/v2\/product"}],"about":[{"href":"https:\/\/michaelbern.com\/en\/wp-json\/wp\/v2\/types\/product"}],"replies":[{"embeddable":true,"href":"https:\/\/michaelbern.com\/en\/wp-json\/wp\/v2\/comments?post=3135"}],"wp:featuredmedia":[{"embeddable":true,"href":"https:\/\/michaelbern.com\/en\/wp-json\/wp\/v2\/media\/3131"}],"wp:attachment":[{"href":"https:\/\/michaelbern.com\/en\/wp-json\/wp\/v2\/media?parent=3135"}],"wp:term":[{"taxonomy":"product_brand","embeddable":true,"href":"https:\/\/michaelbern.com\/en\/wp-json\/wp\/v2\/product_brand?post=3135"},{"taxonomy":"product_cat","embeddable":true,"href":"https:\/\/michaelbern.com\/en\/wp-json\/wp\/v2\/product_cat?post=3135"},{"taxonomy":"product_tag","embeddable":true,"href":"https:\/\/michaelbern.com\/en\/wp-json\/wp\/v2\/product_tag?post=3135"}],"curies":[{"name":"wp","href":"https:\/\/api.w.org\/{rel}","templated":true}]}}