{"id":3088,"date":"2021-02-06T04:13:30","date_gmt":"2021-02-06T03:13:30","guid":{"rendered":"https:\/\/michaelbern.com\/product\/balmain-beleganza-lady-ii\/"},"modified":"2022-04-08T15:25:23","modified_gmt":"2022-04-08T13:25:23","slug":"balmain-beleganza-lady-ii","status":"publish","type":"product","link":"https:\/\/michaelbern.com\/en\/product\/balmain-beleganza-lady-ii\/","title":{"rendered":"Balmain Beleganza Lady II"},"content":{"rendered":"<p>Beleganza Lady II: Genaue Zeitmessung kombiniert mit dem Charme einer Balmain<br \/>\nBalmain \u2013 das ist eine lange Tradition von gutem Geschmack und Eleganz. Der Geist der Originalit\u00e4t, der das von Modesch\u00f6pfer Pierre Balmain in der gehobenen Pariser Mode gegr\u00fcndete Gesch\u00e4ft antrieb, schreibt sich heute in einer Uhrenmarke fort, die fest in einen grossen Schweizer Konzern eingebettet ist. Dieser bringt f\u00fcr die Montres Balmain unsch\u00e4tzbare technische und kommerzielle Vorteile mit sich.<br \/>\nWie jede Balmain-Uhr ist das versilberte Zifferblatt teilweise mit Arabesken in klassischem Design verziert, dem Lieblingsmotiv von Pierre Balmain. Weitere Modelle sind in Perlmuttweiss und poliertem Schwarzlack erh\u00e4ltlich. F\u00fcr Miss Suisse wie f\u00fcr jede Frau mit Geschmack und einem ausgef\u00fcllten Tagesablauf bedeutet die Beleganza Lady II die Sicherheit eines zuverl\u00e4ssigen Instruments kombiniert mit dem entwaffnenden Charme einer Balmain.<\/p>\n","protected":false},"excerpt":{"rendered":"<p>Beleganza Lady II: Genaue Zeitmessung kombiniert mit dem Charme einer Balmain Balmain \u2013 das ist eine lange Tradition von gutem Geschmack und Eleganz. Der Geist der Originalit\u00e4t, der das von Modesch\u00f6pfer Pierre Balmain in der gehobenen Pariser Mode gegr\u00fcndete Gesch\u00e4ft antrieb, schreibt sich heute in einer Uhrenmarke fort, die fest in einen grossen Schweizer Konzern [&hellip;]<\/p>\n","protected":false},"featured_media":3087,"comment_status":"open","ping_status":"closed","template":"","meta":{"inline_featured_image":false},"product_brand":[],"product_cat":[101,56,57],"product_tag":[],"class_list":{"0":"post-3088","1":"product","2":"type-product","3":"status-publish","4":"has-post-thumbnail","6":"product_cat-balmain","7":"product_cat-watches","8":"product_cat-womens-watches","9":"post-item","11":"first","12":"outofstock","13":"taxable","14":"shipping-taxable","15":"purchasable","16":"product-type-simple"},"_links":{"self":[{"href":"https:\/\/michaelbern.com\/en\/wp-json\/wp\/v2\/product\/3088","targetHints":{"allow":["GET"]}}],"collection":[{"href":"https:\/\/michaelbern.com\/en\/wp-json\/wp\/v2\/product"}],"about":[{"href":"https:\/\/michaelbern.com\/en\/wp-json\/wp\/v2\/types\/product"}],"replies":[{"embeddable":true,"href":"https:\/\/michaelbern.com\/en\/wp-json\/wp\/v2\/comments?post=3088"}],"wp:featuredmedia":[{"embeddable":true,"href":"https:\/\/michaelbern.com\/en\/wp-json\/wp\/v2\/media\/3087"}],"wp:attachment":[{"href":"https:\/\/michaelbern.com\/en\/wp-json\/wp\/v2\/media?parent=3088"}],"wp:term":[{"taxonomy":"product_brand","embeddable":true,"href":"https:\/\/michaelbern.com\/en\/wp-json\/wp\/v2\/product_brand?post=3088"},{"taxonomy":"product_cat","embeddable":true,"href":"https:\/\/michaelbern.com\/en\/wp-json\/wp\/v2\/product_cat?post=3088"},{"taxonomy":"product_tag","embeddable":true,"href":"https:\/\/michaelbern.com\/en\/wp-json\/wp\/v2\/product_tag?post=3088"}],"curies":[{"name":"wp","href":"https:\/\/api.w.org\/{rel}","templated":true}]}}