{"id":3081,"date":"2021-02-06T04:13:25","date_gmt":"2021-02-06T03:13:25","guid":{"rendered":"https:\/\/michaelbern.com\/product\/swiss-military-hanowa-hans-noll-automatic-limited-edition\/"},"modified":"2022-04-08T15:25:24","modified_gmt":"2022-04-08T13:25:24","slug":"swiss-military-hanowa-hans-noll-automatic-limited-edition","status":"publish","type":"product","link":"https:\/\/michaelbern.com\/en\/product\/swiss-military-hanowa-hans-noll-automatic-limited-edition\/","title":{"rendered":"Swiss Military Hanowa Hans Noll Automatic Limited Edition"},"content":{"rendered":"<p>Die Schweizer Uhrenmarke Hanowa &#8211; 1963 vom Unternehmer Hans Noll in Biel (Schweiz) gegr\u00fcndet &#8211; und vor allem ihre Nachfolgemarke Swiss Military Hanowa, seit 1990, sind ein Synonym f\u00fcr Robustheit und Ausdauer. Im Jahr 2018, anl\u00e4sslich des 55-j\u00e4hrigen Jubil\u00e4ums von Hanowa, wurde Hans Noll Botschafter der Marke, und im Jahr 2020 wird eine Kollektion mit seinem Namen lanciert.<\/p>\n","protected":false},"excerpt":{"rendered":"<p>Die Schweizer Uhrenmarke Hanowa &#8211; 1963 vom Unternehmer Hans Noll in Biel (Schweiz) gegr\u00fcndet &#8211; und vor allem ihre Nachfolgemarke Swiss Military Hanowa, seit 1990, sind ein Synonym f\u00fcr Robustheit und Ausdauer. Im Jahr 2018, anl\u00e4sslich des 55-j\u00e4hrigen Jubil\u00e4ums von Hanowa, wurde Hans Noll Botschafter der Marke, und im Jahr 2020 wird eine Kollektion mit [&hellip;]<\/p>\n","protected":false},"featured_media":3075,"comment_status":"open","ping_status":"closed","template":"","meta":{"inline_featured_image":false},"product_brand":[],"product_cat":[103,56],"product_tag":[],"class_list":{"0":"post-3081","1":"product","2":"type-product","3":"status-publish","4":"has-post-thumbnail","6":"product_cat-swiss-military-hanowa","7":"product_cat-watches","8":"post-item","10":"first","11":"outofstock","12":"taxable","13":"shipping-taxable","14":"purchasable","15":"product-type-simple"},"_links":{"self":[{"href":"https:\/\/michaelbern.com\/en\/wp-json\/wp\/v2\/product\/3081","targetHints":{"allow":["GET"]}}],"collection":[{"href":"https:\/\/michaelbern.com\/en\/wp-json\/wp\/v2\/product"}],"about":[{"href":"https:\/\/michaelbern.com\/en\/wp-json\/wp\/v2\/types\/product"}],"replies":[{"embeddable":true,"href":"https:\/\/michaelbern.com\/en\/wp-json\/wp\/v2\/comments?post=3081"}],"wp:featuredmedia":[{"embeddable":true,"href":"https:\/\/michaelbern.com\/en\/wp-json\/wp\/v2\/media\/3075"}],"wp:attachment":[{"href":"https:\/\/michaelbern.com\/en\/wp-json\/wp\/v2\/media?parent=3081"}],"wp:term":[{"taxonomy":"product_brand","embeddable":true,"href":"https:\/\/michaelbern.com\/en\/wp-json\/wp\/v2\/product_brand?post=3081"},{"taxonomy":"product_cat","embeddable":true,"href":"https:\/\/michaelbern.com\/en\/wp-json\/wp\/v2\/product_cat?post=3081"},{"taxonomy":"product_tag","embeddable":true,"href":"https:\/\/michaelbern.com\/en\/wp-json\/wp\/v2\/product_tag?post=3081"}],"curies":[{"name":"wp","href":"https:\/\/api.w.org\/{rel}","templated":true}]}}