{"id":3026,"date":"2021-02-06T04:12:51","date_gmt":"2021-02-06T03:12:51","guid":{"rendered":"https:\/\/michaelbern.com\/product\/mido-multifort-automatik-chronograph-6\/"},"modified":"2022-04-08T15:25:26","modified_gmt":"2022-04-08T13:25:26","slug":"mido-multifort-automatik-chronograph-6","status":"publish","type":"product","link":"https:\/\/michaelbern.com\/en\/product\/mido-multifort-automatik-chronograph-6\/","title":{"rendered":"Mido Multifort Automatik Chronograph"},"content":{"rendered":"<p>Seit ihrer Einf\u00fchrung im Jahr 1934, also zwei Jahre nach der Fertigstellung der Sydney Harbour Bridge, teilt die Kollektion Multifort die beeindruckenden Eigenschaften dieses Bauwerks: Beide sind beispielhaft f\u00fcr die perfekte Verbindung von Funktionalit\u00e4t und \u00c4sthetik. Die Zeitlosigkeit der Kollektion ist unbestritten, denn Mido feierte 2014 das achtzigj\u00e4hrige Bestehen der legend\u00e4ren Linie. Das macht sie zu einer der am l\u00e4ngsten bestehenden Produktionsreihen der Schweizer Uhrmacherei.<\/p>\n","protected":false},"excerpt":{"rendered":"<p>Seit ihrer Einf\u00fchrung im Jahr 1934, also zwei Jahre nach der Fertigstellung der Sydney Harbour Bridge, teilt die Kollektion Multifort die beeindruckenden Eigenschaften dieses Bauwerks: Beide sind beispielhaft f\u00fcr die perfekte Verbindung von Funktionalit\u00e4t und \u00c4sthetik. Die Zeitlosigkeit der Kollektion ist unbestritten, denn Mido feierte 2014 das achtzigj\u00e4hrige Bestehen der legend\u00e4ren Linie. Das macht sie [&hellip;]<\/p>\n","protected":false},"featured_media":3022,"comment_status":"open","ping_status":"closed","template":"","meta":{"inline_featured_image":false},"product_brand":[],"product_cat":[104,56],"product_tag":[],"class_list":{"0":"post-3026","1":"product","2":"type-product","3":"status-publish","4":"has-post-thumbnail","6":"product_cat-mido","7":"product_cat-watches","8":"post-item","10":"first","11":"outofstock","12":"taxable","13":"shipping-taxable","14":"purchasable","15":"product-type-simple"},"_links":{"self":[{"href":"https:\/\/michaelbern.com\/en\/wp-json\/wp\/v2\/product\/3026","targetHints":{"allow":["GET"]}}],"collection":[{"href":"https:\/\/michaelbern.com\/en\/wp-json\/wp\/v2\/product"}],"about":[{"href":"https:\/\/michaelbern.com\/en\/wp-json\/wp\/v2\/types\/product"}],"replies":[{"embeddable":true,"href":"https:\/\/michaelbern.com\/en\/wp-json\/wp\/v2\/comments?post=3026"}],"wp:featuredmedia":[{"embeddable":true,"href":"https:\/\/michaelbern.com\/en\/wp-json\/wp\/v2\/media\/3022"}],"wp:attachment":[{"href":"https:\/\/michaelbern.com\/en\/wp-json\/wp\/v2\/media?parent=3026"}],"wp:term":[{"taxonomy":"product_brand","embeddable":true,"href":"https:\/\/michaelbern.com\/en\/wp-json\/wp\/v2\/product_brand?post=3026"},{"taxonomy":"product_cat","embeddable":true,"href":"https:\/\/michaelbern.com\/en\/wp-json\/wp\/v2\/product_cat?post=3026"},{"taxonomy":"product_tag","embeddable":true,"href":"https:\/\/michaelbern.com\/en\/wp-json\/wp\/v2\/product_tag?post=3026"}],"curies":[{"name":"wp","href":"https:\/\/api.w.org\/{rel}","templated":true}]}}