{"id":3021,"date":"2021-02-06T04:12:48","date_gmt":"2021-02-06T03:12:48","guid":{"rendered":"https:\/\/michaelbern.com\/product\/mido-baroncelli-automatik-swiss-edition\/"},"modified":"2022-04-08T15:25:26","modified_gmt":"2022-04-08T13:25:26","slug":"mido-baroncelli-automatik-swiss-edition","status":"publish","type":"product","link":"https:\/\/michaelbern.com\/en\/product\/mido-baroncelli-automatik-swiss-edition\/","title":{"rendered":"Mido Baroncelli Automatik Swiss Edition"},"content":{"rendered":"<p>Die Oper von Rennes zeichnet sich durch ihre architektonischen Rundungen aus, ihre \u00fcppig geschwungenen und gebogenen Linien fallen besonders auf. Die Baroncelli Lady Silver ist eine sch\u00f6ne Anspielung auf dieses zeitlos elegante Bauwerk.<br \/>\nF\u00fcr den Uhrenhersteller Mido ist die bemerkenswerte Architektur eines Bauwerks ein Zeichen f\u00fcr wahres Design. Dies sieht die Schweizer Uhrenmarke bei dieser Damenuhr genauso: Die Baroncelli Swiss Edition in schlichtem Design verk\u00f6rpert klassische Weiblichkeit. Das silberfarbene Zifferblatt mit satiniertem Sonnenschliff ist mit Diamant Indizes und Zeigern in Ros\u00e9goldfarben versehen. Dieses mit einem Automatikwerk ausgestattete Modell vereint auf subtile Weise Eleganz und schlichte Sch\u00f6nheit.<\/p>\n","protected":false},"excerpt":{"rendered":"<p>Die Oper von Rennes zeichnet sich durch ihre architektonischen Rundungen aus, ihre \u00fcppig geschwungenen und gebogenen Linien fallen besonders auf. Die Baroncelli Lady Silver ist eine sch\u00f6ne Anspielung auf dieses zeitlos elegante Bauwerk. F\u00fcr den Uhrenhersteller Mido ist die bemerkenswerte Architektur eines Bauwerks ein Zeichen f\u00fcr wahres Design. Dies sieht die Schweizer Uhrenmarke bei dieser [&hellip;]<\/p>\n","protected":false},"featured_media":3018,"comment_status":"open","ping_status":"closed","template":"","meta":{"inline_featured_image":false},"product_brand":[],"product_cat":[104,56,57],"product_tag":[],"class_list":{"0":"post-3021","1":"product","2":"type-product","3":"status-publish","4":"has-post-thumbnail","6":"product_cat-mido","7":"product_cat-watches","8":"product_cat-womens-watches","9":"post-item","11":"first","12":"outofstock","13":"taxable","14":"shipping-taxable","15":"purchasable","16":"product-type-simple"},"_links":{"self":[{"href":"https:\/\/michaelbern.com\/en\/wp-json\/wp\/v2\/product\/3021","targetHints":{"allow":["GET"]}}],"collection":[{"href":"https:\/\/michaelbern.com\/en\/wp-json\/wp\/v2\/product"}],"about":[{"href":"https:\/\/michaelbern.com\/en\/wp-json\/wp\/v2\/types\/product"}],"replies":[{"embeddable":true,"href":"https:\/\/michaelbern.com\/en\/wp-json\/wp\/v2\/comments?post=3021"}],"wp:featuredmedia":[{"embeddable":true,"href":"https:\/\/michaelbern.com\/en\/wp-json\/wp\/v2\/media\/3018"}],"wp:attachment":[{"href":"https:\/\/michaelbern.com\/en\/wp-json\/wp\/v2\/media?parent=3021"}],"wp:term":[{"taxonomy":"product_brand","embeddable":true,"href":"https:\/\/michaelbern.com\/en\/wp-json\/wp\/v2\/product_brand?post=3021"},{"taxonomy":"product_cat","embeddable":true,"href":"https:\/\/michaelbern.com\/en\/wp-json\/wp\/v2\/product_cat?post=3021"},{"taxonomy":"product_tag","embeddable":true,"href":"https:\/\/michaelbern.com\/en\/wp-json\/wp\/v2\/product_tag?post=3021"}],"curies":[{"name":"wp","href":"https:\/\/api.w.org\/{rel}","templated":true}]}}