{"id":3009,"date":"2021-02-06T04:12:40","date_gmt":"2021-02-06T03:12:40","guid":{"rendered":"https:\/\/michaelbern.com\/product\/ebel-sport-classic-lady-beige\/"},"modified":"2022-04-08T15:25:27","modified_gmt":"2022-04-08T13:25:27","slug":"ebel-sport-classic-lady-beige","status":"publish","type":"product","link":"https:\/\/michaelbern.com\/en\/product\/ebel-sport-classic-lady-beige\/","title":{"rendered":"Ebel Sport Classic Lady Beige"},"content":{"rendered":"<p>Au Naturel Beige mit der EBEL Sport Classic Lady Beige<br \/>\nEin Hauch glamour\u00f6ser Nostalgie kombiniert zu einer schlichten Silhouette. Die EBEL Sport Classic Lady Beige Mother-of-Pearl strahlt W\u00e4rme sowie Eleganz aus und besticht mit Understatement.<br \/>\nDie EBEL Sport Classic Lady Beige Mother-of-Pearl beruht auf der Verbindung herausragender Handwerkskunst mit zeitlosem Design und besticht mit ihren fliessenden Formen, eleganten Details und einer stilvollen Silhouette.<br \/>\nAls dezentes und doch glamour\u00f6ses Accessoire steht die EBEL Sport Classic Lady Beige f\u00fcr femininen Luxus. Mit einem Geh\u00e4use aus 18-kar\u00e4tigem Gelbgold und Edelstahl sowie entspiegeltem Saphirglas auf der Innenseite sorgt die EBEL Sport Classic Lady Beige Mother-of-Pearl f\u00fcr einen strahlenden Auftritt. Die Premium Ausf\u00fchrung setzt mit 47 Diamanten auf der L\u00fcnette edle Akzente.<\/p>\n","protected":false},"excerpt":{"rendered":"<p>Au Naturel Beige mit der EBEL Sport Classic Lady Beige Ein Hauch glamour\u00f6ser Nostalgie kombiniert zu einer schlichten Silhouette. Die EBEL Sport Classic Lady Beige Mother-of-Pearl strahlt W\u00e4rme sowie Eleganz aus und besticht mit Understatement. Die EBEL Sport Classic Lady Beige Mother-of-Pearl beruht auf der Verbindung herausragender Handwerkskunst mit zeitlosem Design und besticht mit ihren [&hellip;]<\/p>\n","protected":false},"featured_media":3003,"comment_status":"open","ping_status":"closed","template":"","meta":{"inline_featured_image":false},"product_brand":[],"product_cat":[107,56,57],"product_tag":[],"class_list":{"0":"post-3009","1":"product","2":"type-product","3":"status-publish","4":"has-post-thumbnail","6":"product_cat-ebel","7":"product_cat-watches","8":"product_cat-womens-watches","9":"post-item","11":"first","12":"outofstock","13":"taxable","14":"shipping-taxable","15":"purchasable","16":"product-type-simple"},"_links":{"self":[{"href":"https:\/\/michaelbern.com\/en\/wp-json\/wp\/v2\/product\/3009","targetHints":{"allow":["GET"]}}],"collection":[{"href":"https:\/\/michaelbern.com\/en\/wp-json\/wp\/v2\/product"}],"about":[{"href":"https:\/\/michaelbern.com\/en\/wp-json\/wp\/v2\/types\/product"}],"replies":[{"embeddable":true,"href":"https:\/\/michaelbern.com\/en\/wp-json\/wp\/v2\/comments?post=3009"}],"wp:featuredmedia":[{"embeddable":true,"href":"https:\/\/michaelbern.com\/en\/wp-json\/wp\/v2\/media\/3003"}],"wp:attachment":[{"href":"https:\/\/michaelbern.com\/en\/wp-json\/wp\/v2\/media?parent=3009"}],"wp:term":[{"taxonomy":"product_brand","embeddable":true,"href":"https:\/\/michaelbern.com\/en\/wp-json\/wp\/v2\/product_brand?post=3009"},{"taxonomy":"product_cat","embeddable":true,"href":"https:\/\/michaelbern.com\/en\/wp-json\/wp\/v2\/product_cat?post=3009"},{"taxonomy":"product_tag","embeddable":true,"href":"https:\/\/michaelbern.com\/en\/wp-json\/wp\/v2\/product_tag?post=3009"}],"curies":[{"name":"wp","href":"https:\/\/api.w.org\/{rel}","templated":true}]}}