{"id":2972,"date":"2021-02-06T04:12:19","date_gmt":"2021-02-06T03:12:19","guid":{"rendered":"https:\/\/michaelbern.com\/product\/mondaine-classic-automatic-o33\/"},"modified":"2022-04-08T15:25:29","modified_gmt":"2022-04-08T13:25:29","slug":"mondaine-classic-automatic-o33","status":"publish","type":"product","link":"https:\/\/michaelbern.com\/en\/product\/mondaine-classic-automatic-o33\/","title":{"rendered":"Mondaine Classic Automatic \u00d833"},"content":{"rendered":"<p>Die Mondaine Classic Automatic versorgt sich bei t\u00e4glicher Bewegung selbst mit Energie, sie ben\u00f6tigt also keine Batterie. Ein sch\u00f6nes Detail: das im Boden eingelassene Mineralglas gibt Einblick auf das Uhrwerk. Die &#8216;Mondaine Classic Automatic&#8217; vereint Tradition und Design. Kennzeichen f\u00fcr die Classic Uhren von Mondaine ist die kantige Form. Anders als die Uhren der Evo-Serie mit dem runden Geh\u00e4use haben die Uhren aus der Classic-Serie ein kantiges Uhrengeh\u00e4use. Das grafisch klare Ziffernblatt mit den markanten Stunden- und Minutenlinien und dem roten Sekundenzeiger pr\u00e4gt auch die Uhren der Classic-Serie von Mondaine. Die offizielle Schweizer Bahnhofsuhr f\u00fcrs Handgelenk.<\/p>\n","protected":false},"excerpt":{"rendered":"<p>Die Mondaine Classic Automatic versorgt sich bei t\u00e4glicher Bewegung selbst mit Energie, sie ben\u00f6tigt also keine Batterie. Ein sch\u00f6nes Detail: das im Boden eingelassene Mineralglas gibt Einblick auf das Uhrwerk. Die &#8216;Mondaine Classic Automatic&#8217; vereint Tradition und Design. Kennzeichen f\u00fcr die Classic Uhren von Mondaine ist die kantige Form. Anders als die Uhren der Evo-Serie [&hellip;]<\/p>\n","protected":false},"featured_media":2970,"comment_status":"open","ping_status":"closed","template":"","meta":{"inline_featured_image":false},"product_brand":[],"product_cat":[108,56],"product_tag":[],"class_list":{"0":"post-2972","1":"product","2":"type-product","3":"status-publish","4":"has-post-thumbnail","6":"product_cat-mondaine","7":"product_cat-watches","8":"post-item","10":"first","11":"outofstock","12":"taxable","13":"shipping-taxable","14":"purchasable","15":"product-type-simple"},"_links":{"self":[{"href":"https:\/\/michaelbern.com\/en\/wp-json\/wp\/v2\/product\/2972","targetHints":{"allow":["GET"]}}],"collection":[{"href":"https:\/\/michaelbern.com\/en\/wp-json\/wp\/v2\/product"}],"about":[{"href":"https:\/\/michaelbern.com\/en\/wp-json\/wp\/v2\/types\/product"}],"replies":[{"embeddable":true,"href":"https:\/\/michaelbern.com\/en\/wp-json\/wp\/v2\/comments?post=2972"}],"wp:featuredmedia":[{"embeddable":true,"href":"https:\/\/michaelbern.com\/en\/wp-json\/wp\/v2\/media\/2970"}],"wp:attachment":[{"href":"https:\/\/michaelbern.com\/en\/wp-json\/wp\/v2\/media?parent=2972"}],"wp:term":[{"taxonomy":"product_brand","embeddable":true,"href":"https:\/\/michaelbern.com\/en\/wp-json\/wp\/v2\/product_brand?post=2972"},{"taxonomy":"product_cat","embeddable":true,"href":"https:\/\/michaelbern.com\/en\/wp-json\/wp\/v2\/product_cat?post=2972"},{"taxonomy":"product_tag","embeddable":true,"href":"https:\/\/michaelbern.com\/en\/wp-json\/wp\/v2\/product_tag?post=2972"}],"curies":[{"name":"wp","href":"https:\/\/api.w.org\/{rel}","templated":true}]}}