{"id":2939,"date":"2021-02-06T04:12:00","date_gmt":"2021-02-06T03:12:00","guid":{"rendered":"https:\/\/michaelbern.com\/product\/ebel-wave-gent-automatic-2\/"},"modified":"2022-04-08T15:25:30","modified_gmt":"2022-04-08T13:25:30","slug":"ebel-wave-gent-automatic-2","status":"publish","type":"product","link":"https:\/\/michaelbern.com\/en\/product\/ebel-wave-gent-automatic-2\/","title":{"rendered":"Ebel Wave Gent Automatic"},"content":{"rendered":"<p>Fliesende Linien, ein kompromissloser Tragekomfort, ein starkes, elegantes Profil und das Legend\u00e4re Wellenarmband machen die neue Ebel Wave aus. Ikonische Designelemente neu interpretiert. Ebels typische Flexibilit\u00e4t mit sanfter, geschmeidiger Passform. Die Wave Kollektion ist ein absolutes Glanzst\u00fcck.<br \/>\nDas hochwertige Material vereint mit den wellenf\u00f6rmigen Gliedern, aus 18 Karat Ros\u00e9gold, des Armbands bringt eine ausssergew\u00f6hnliche Kombination hervor und macht das Ablesen der Zeit jedesmal zu einem Highlight. Das polierte und geschliffene Edelstahl unterstreicht die klassische Erscheinung genauso wie das silberfarbene Zifferblatt. Das hochwertige Geh\u00e4use wird durch ein kratzfestes Saphirglas gesch\u00fctzt und ist bis zu 5 Bar wasserdicht &#8211; somit kann die Wave problemlos allt\u00e4glichen Situationen standhalten. Sie ist ausgestattet mit einem Hauseigenem Automatik Kaliber &#8220;EBL-125&#8221;, welches f\u00fcr h\u00f6chste Pr\u00e4zision und eine Gangreserve von ca. 40 Stunden sorgt. Die perfekte Synthese zwischen klassischem Zeitmesser und moderner Alltagsuhr!<\/p>\n","protected":false},"excerpt":{"rendered":"<p>Fliesende Linien, ein kompromissloser Tragekomfort, ein starkes, elegantes Profil und das Legend\u00e4re Wellenarmband machen die neue Ebel Wave aus. Ikonische Designelemente neu interpretiert. Ebels typische Flexibilit\u00e4t mit sanfter, geschmeidiger Passform. Die Wave Kollektion ist ein absolutes Glanzst\u00fcck. Das hochwertige Material vereint mit den wellenf\u00f6rmigen Gliedern, aus 18 Karat Ros\u00e9gold, des Armbands bringt eine ausssergew\u00f6hnliche Kombination [&hellip;]<\/p>\n","protected":false},"featured_media":2938,"comment_status":"open","ping_status":"closed","template":"","meta":{"inline_featured_image":false},"product_brand":[],"product_cat":[107,56],"product_tag":[],"class_list":{"0":"post-2939","1":"product","2":"type-product","3":"status-publish","4":"has-post-thumbnail","6":"product_cat-ebel","7":"product_cat-watches","8":"post-item","10":"first","11":"outofstock","12":"taxable","13":"shipping-taxable","14":"purchasable","15":"product-type-simple"},"_links":{"self":[{"href":"https:\/\/michaelbern.com\/en\/wp-json\/wp\/v2\/product\/2939","targetHints":{"allow":["GET"]}}],"collection":[{"href":"https:\/\/michaelbern.com\/en\/wp-json\/wp\/v2\/product"}],"about":[{"href":"https:\/\/michaelbern.com\/en\/wp-json\/wp\/v2\/types\/product"}],"replies":[{"embeddable":true,"href":"https:\/\/michaelbern.com\/en\/wp-json\/wp\/v2\/comments?post=2939"}],"wp:featuredmedia":[{"embeddable":true,"href":"https:\/\/michaelbern.com\/en\/wp-json\/wp\/v2\/media\/2938"}],"wp:attachment":[{"href":"https:\/\/michaelbern.com\/en\/wp-json\/wp\/v2\/media?parent=2939"}],"wp:term":[{"taxonomy":"product_brand","embeddable":true,"href":"https:\/\/michaelbern.com\/en\/wp-json\/wp\/v2\/product_brand?post=2939"},{"taxonomy":"product_cat","embeddable":true,"href":"https:\/\/michaelbern.com\/en\/wp-json\/wp\/v2\/product_cat?post=2939"},{"taxonomy":"product_tag","embeddable":true,"href":"https:\/\/michaelbern.com\/en\/wp-json\/wp\/v2\/product_tag?post=2939"}],"curies":[{"name":"wp","href":"https:\/\/api.w.org\/{rel}","templated":true}]}}