{"id":2927,"date":"2021-02-06T04:11:55","date_gmt":"2021-02-06T03:11:55","guid":{"rendered":"https:\/\/michaelbern.com\/product\/ebel-beluga-lady-3\/"},"modified":"2022-04-08T15:25:32","modified_gmt":"2022-04-08T13:25:32","slug":"ebel-beluga-lady-3","status":"publish","type":"product","link":"https:\/\/michaelbern.com\/en\/product\/ebel-beluga-lady-3\/","title":{"rendered":"Ebel Beluga Lady"},"content":{"rendered":"<p>Beluga &#8211; F\u00fcr die Frau, die ihre Uhr als Schmuckst\u00fcck empfindet. \u00dcppige Formen und sanfte, sinnliche Linien verleihen der Beluga unwiderstehliche Anziehungskraft. Ultra-weiblich und zeitlos. Eine anmutige und kompromisslose Interpretation verf\u00fchrerischer Eleganz.<br \/>\nDie Beluga Damenuhr von Ebel \u00fcberzeugt mit ihrem 30 mm Geh\u00e4use aus satiniertem und poliertem Edelstahl mit integrierter Krone, silberfarben galvanisiertes Zifferblatt mit aufgemalten r\u00f6mischen Ziffern und Gliederarmband aus satiniertem und poliertem Edelstahl. Sie ist ausgestattet mit einem schweizer Quarzwerk, welches f\u00fcr h\u00f6chste Pr\u00e4zision sorgt. Wer mit der Uhr selbst vor Wasser keine Halt macht, ist mit 5 bar (50 Meter) Wasserdichtigkeit auf der sicheren Seite. Die perfekte Synthese zwischen klassischem Zeitmesser und moderner Alltagsuhr!<\/p>\n","protected":false},"excerpt":{"rendered":"<p>Beluga &#8211; F\u00fcr die Frau, die ihre Uhr als Schmuckst\u00fcck empfindet. \u00dcppige Formen und sanfte, sinnliche Linien verleihen der Beluga unwiderstehliche Anziehungskraft. Ultra-weiblich und zeitlos. Eine anmutige und kompromisslose Interpretation verf\u00fchrerischer Eleganz. Die Beluga Damenuhr von Ebel \u00fcberzeugt mit ihrem 30 mm Geh\u00e4use aus satiniertem und poliertem Edelstahl mit integrierter Krone, silberfarben galvanisiertes Zifferblatt mit [&hellip;]<\/p>\n","protected":false},"featured_media":2926,"comment_status":"open","ping_status":"closed","template":"","meta":{"inline_featured_image":false},"product_brand":[],"product_cat":[107,56,57],"product_tag":[],"class_list":{"0":"post-2927","1":"product","2":"type-product","3":"status-publish","4":"has-post-thumbnail","6":"product_cat-ebel","7":"product_cat-watches","8":"product_cat-womens-watches","9":"post-item","11":"first","12":"outofstock","13":"taxable","14":"shipping-taxable","15":"purchasable","16":"product-type-simple"},"_links":{"self":[{"href":"https:\/\/michaelbern.com\/en\/wp-json\/wp\/v2\/product\/2927","targetHints":{"allow":["GET"]}}],"collection":[{"href":"https:\/\/michaelbern.com\/en\/wp-json\/wp\/v2\/product"}],"about":[{"href":"https:\/\/michaelbern.com\/en\/wp-json\/wp\/v2\/types\/product"}],"replies":[{"embeddable":true,"href":"https:\/\/michaelbern.com\/en\/wp-json\/wp\/v2\/comments?post=2927"}],"wp:featuredmedia":[{"embeddable":true,"href":"https:\/\/michaelbern.com\/en\/wp-json\/wp\/v2\/media\/2926"}],"wp:attachment":[{"href":"https:\/\/michaelbern.com\/en\/wp-json\/wp\/v2\/media?parent=2927"}],"wp:term":[{"taxonomy":"product_brand","embeddable":true,"href":"https:\/\/michaelbern.com\/en\/wp-json\/wp\/v2\/product_brand?post=2927"},{"taxonomy":"product_cat","embeddable":true,"href":"https:\/\/michaelbern.com\/en\/wp-json\/wp\/v2\/product_cat?post=2927"},{"taxonomy":"product_tag","embeddable":true,"href":"https:\/\/michaelbern.com\/en\/wp-json\/wp\/v2\/product_tag?post=2927"}],"curies":[{"name":"wp","href":"https:\/\/api.w.org\/{rel}","templated":true}]}}