{"id":2923,"date":"2021-02-06T04:11:53","date_gmt":"2021-02-06T03:11:53","guid":{"rendered":"https:\/\/michaelbern.com\/product\/ebel-beluga-lady\/"},"modified":"2022-04-08T15:25:32","modified_gmt":"2022-04-08T13:25:32","slug":"ebel-beluga-lady","status":"publish","type":"product","link":"https:\/\/michaelbern.com\/en\/product\/ebel-beluga-lady\/","title":{"rendered":"Ebel Beluga Lady"},"content":{"rendered":"<p>Die EBEL Beluga wird neu interpretiert und l\u00e4sst mit dieser Kollektion die Liebe zu Schmuckuhren aufleben.<br \/>\nSeit der Markteinf\u00fchrung 1985 steht die EBEL Beluga f\u00fcr zeitlose Eleganz. Das Design hat sich stets weiterentwickelt, doch der Relaunch kehrt zu den bedeutenden Anf\u00e4ngen zur\u00fcck. Das Armband ist schmaler und verleiht der Uhr eine besonders edle und feminine Optik. Mit der zierlichen Silhouette ist die EBEL Beluga zudem eine Hommage an das Uhrenhandwerk.<br \/>\nDie Kollektion ist an dem charakteristischen EBEL Beluga Design einfach zu erkennen: Die L\u00fcnette verzieren 40 feine Diamanten, r\u00f6mische Ziffern und das Kissing E. Auf dem Zifferblatt scheinen weitere Diamanten und verleihen der EBEL Beluga einen subtilen Hauch von Luxus.<\/p>\n","protected":false},"excerpt":{"rendered":"<p>Die EBEL Beluga wird neu interpretiert und l\u00e4sst mit dieser Kollektion die Liebe zu Schmuckuhren aufleben. Seit der Markteinf\u00fchrung 1985 steht die EBEL Beluga f\u00fcr zeitlose Eleganz. Das Design hat sich stets weiterentwickelt, doch der Relaunch kehrt zu den bedeutenden Anf\u00e4ngen zur\u00fcck. Das Armband ist schmaler und verleiht der Uhr eine besonders edle und feminine [&hellip;]<\/p>\n","protected":false},"featured_media":2921,"comment_status":"open","ping_status":"closed","template":"","meta":{"inline_featured_image":false},"product_brand":[],"product_cat":[107,56,57],"product_tag":[],"class_list":{"0":"post-2923","1":"product","2":"type-product","3":"status-publish","4":"has-post-thumbnail","6":"product_cat-ebel","7":"product_cat-watches","8":"product_cat-womens-watches","9":"post-item","11":"first","12":"outofstock","13":"taxable","14":"shipping-taxable","15":"purchasable","16":"product-type-simple"},"_links":{"self":[{"href":"https:\/\/michaelbern.com\/en\/wp-json\/wp\/v2\/product\/2923","targetHints":{"allow":["GET"]}}],"collection":[{"href":"https:\/\/michaelbern.com\/en\/wp-json\/wp\/v2\/product"}],"about":[{"href":"https:\/\/michaelbern.com\/en\/wp-json\/wp\/v2\/types\/product"}],"replies":[{"embeddable":true,"href":"https:\/\/michaelbern.com\/en\/wp-json\/wp\/v2\/comments?post=2923"}],"wp:featuredmedia":[{"embeddable":true,"href":"https:\/\/michaelbern.com\/en\/wp-json\/wp\/v2\/media\/2921"}],"wp:attachment":[{"href":"https:\/\/michaelbern.com\/en\/wp-json\/wp\/v2\/media?parent=2923"}],"wp:term":[{"taxonomy":"product_brand","embeddable":true,"href":"https:\/\/michaelbern.com\/en\/wp-json\/wp\/v2\/product_brand?post=2923"},{"taxonomy":"product_cat","embeddable":true,"href":"https:\/\/michaelbern.com\/en\/wp-json\/wp\/v2\/product_cat?post=2923"},{"taxonomy":"product_tag","embeddable":true,"href":"https:\/\/michaelbern.com\/en\/wp-json\/wp\/v2\/product_tag?post=2923"}],"curies":[{"name":"wp","href":"https:\/\/api.w.org\/{rel}","templated":true}]}}