{"id":2920,"date":"2021-02-06T04:11:52","date_gmt":"2021-02-06T03:11:52","guid":{"rendered":"https:\/\/michaelbern.com\/product\/rado-diamaster-m-automatik-open-heart-jubile-3\/"},"modified":"2022-04-08T15:25:32","modified_gmt":"2022-04-08T13:25:32","slug":"rado-diamaster-m-automatik-open-heart-jubile-3","status":"publish","type":"product","link":"https:\/\/michaelbern.com\/en\/product\/rado-diamaster-m-automatik-open-heart-jubile-3\/","title":{"rendered":"Rado DiaMaster M Automatik Open Heart Jubil\u00e9"},"content":{"rendered":"<p>Die DiaMaster Kollektion verf\u00fcgt \u00fcber alle Vorz\u00fcge \u2013 und die ganze Design-Expertise, die man von einer Rado erwarten kann. Ausserdem zeichnen sich diese neuen Automatikmodelle aus innovativer Plasma Hightech-Keramik durch Zifferbl\u00e4tter aus feinem Perlmutt und funkelnde Diamanten aus und gew\u00e4hren einen Blick auf das hochwertige Schweizer Automatikwerk im Inneren der Uhren.<br \/>\nAuch wenn die DiaMaster ganz anders als die vorherigen Kollektionen aussehen mag, steht doch allein ihr Name schon f\u00fcr die garantierte Rado-Qualit\u00e4t und \u00fcberragendes Rado-Design. Mit einer solchen Armbanduhr am Handgelenk haben Sie die Zeit immer auf Ihrer Seite.<\/p>\n","protected":false},"excerpt":{"rendered":"<p>Die DiaMaster Kollektion verf\u00fcgt \u00fcber alle Vorz\u00fcge \u2013 und die ganze Design-Expertise, die man von einer Rado erwarten kann. Ausserdem zeichnen sich diese neuen Automatikmodelle aus innovativer Plasma Hightech-Keramik durch Zifferbl\u00e4tter aus feinem Perlmutt und funkelnde Diamanten aus und gew\u00e4hren einen Blick auf das hochwertige Schweizer Automatikwerk im Inneren der Uhren. Auch wenn die DiaMaster [&hellip;]<\/p>\n","protected":false},"featured_media":2912,"comment_status":"open","ping_status":"closed","template":"","meta":{"inline_featured_image":false},"product_brand":[],"product_cat":[97,56,57],"product_tag":[],"class_list":{"0":"post-2920","1":"product","2":"type-product","3":"status-publish","4":"has-post-thumbnail","6":"product_cat-rado","7":"product_cat-watches","8":"product_cat-womens-watches","9":"post-item","11":"first","12":"outofstock","13":"taxable","14":"shipping-taxable","15":"purchasable","16":"product-type-simple"},"_links":{"self":[{"href":"https:\/\/michaelbern.com\/en\/wp-json\/wp\/v2\/product\/2920","targetHints":{"allow":["GET"]}}],"collection":[{"href":"https:\/\/michaelbern.com\/en\/wp-json\/wp\/v2\/product"}],"about":[{"href":"https:\/\/michaelbern.com\/en\/wp-json\/wp\/v2\/types\/product"}],"replies":[{"embeddable":true,"href":"https:\/\/michaelbern.com\/en\/wp-json\/wp\/v2\/comments?post=2920"}],"wp:featuredmedia":[{"embeddable":true,"href":"https:\/\/michaelbern.com\/en\/wp-json\/wp\/v2\/media\/2912"}],"wp:attachment":[{"href":"https:\/\/michaelbern.com\/en\/wp-json\/wp\/v2\/media?parent=2920"}],"wp:term":[{"taxonomy":"product_brand","embeddable":true,"href":"https:\/\/michaelbern.com\/en\/wp-json\/wp\/v2\/product_brand?post=2920"},{"taxonomy":"product_cat","embeddable":true,"href":"https:\/\/michaelbern.com\/en\/wp-json\/wp\/v2\/product_cat?post=2920"},{"taxonomy":"product_tag","embeddable":true,"href":"https:\/\/michaelbern.com\/en\/wp-json\/wp\/v2\/product_tag?post=2920"}],"curies":[{"name":"wp","href":"https:\/\/api.w.org\/{rel}","templated":true}]}}