{"id":2886,"date":"2021-02-06T04:11:21","date_gmt":"2021-02-06T03:11:21","guid":{"rendered":"https:\/\/michaelbern.com\/product\/rado-hyperchrome-xxl-automatik-chronograph\/"},"modified":"2022-04-08T15:25:34","modified_gmt":"2022-04-08T13:25:34","slug":"rado-hyperchrome-xxl-automatik-chronograph","status":"publish","type":"product","link":"https:\/\/michaelbern.com\/en\/product\/rado-hyperchrome-xxl-automatik-chronograph\/","title":{"rendered":"Rado HyperChrome XXL Automatik Chronograph"},"content":{"rendered":"<p>Diese HyperChrome ist perfekt geformt und mit einem hochwertigem Automatik Chronograph-Werk ausgestattet. Das Swiss Made Automatikwerk bietet eine Gangreserve von 42 Stunden. Das schwarze Zifferblatt wird von einem Saphirglas gesch\u00fctzt. Sie ist definitiv ein Modell, das man f\u00fcr immer behalten m\u00f6chte. Das leichte und sportliche Textilarmband schmiegt sich perfekt um das Handgelenk und bietet somit einen sehr hohen Tragekomfort. Mit ihrem einteiligen, so genannten \u201eMonobloque\u201f-Geh\u00e4use, dessen Form die Struktur der gesamten Uhr vorgibt, st\u00f6sst diese Uhr in eine neue Dimension technischer Komplexit\u00e4t vor. Kontrastierende Klammern sch\u00fctzen und unterstreichen ihre Einzigartigkeit. Zudem bietet die Uhr eine Tachymeter-Skala, welche die Herzen von Geschwindigkeits-Freaks h\u00f6her schlagen l\u00e4sst. Mit einer stolzen Wasserdichtigkeit von 10ATM (100m) ist sie vor Wasser bestens abgesichert. Mit der Hyperchrome sind Sie ebenso vielseitig wie auff\u00e4llig.<\/p>\n","protected":false},"excerpt":{"rendered":"<p>Diese HyperChrome ist perfekt geformt und mit einem hochwertigem Automatik Chronograph-Werk ausgestattet. Das Swiss Made Automatikwerk bietet eine Gangreserve von 42 Stunden. Das schwarze Zifferblatt wird von einem Saphirglas gesch\u00fctzt. Sie ist definitiv ein Modell, das man f\u00fcr immer behalten m\u00f6chte. Das leichte und sportliche Textilarmband schmiegt sich perfekt um das Handgelenk und bietet somit [&hellip;]<\/p>\n","protected":false},"featured_media":2881,"comment_status":"open","ping_status":"closed","template":"","meta":{"inline_featured_image":false},"product_brand":[],"product_cat":[97,56],"product_tag":[],"class_list":{"0":"post-2886","1":"product","2":"type-product","3":"status-publish","4":"has-post-thumbnail","6":"product_cat-rado","7":"product_cat-watches","8":"post-item","10":"first","11":"outofstock","12":"taxable","13":"shipping-taxable","14":"purchasable","15":"product-type-simple"},"_links":{"self":[{"href":"https:\/\/michaelbern.com\/en\/wp-json\/wp\/v2\/product\/2886","targetHints":{"allow":["GET"]}}],"collection":[{"href":"https:\/\/michaelbern.com\/en\/wp-json\/wp\/v2\/product"}],"about":[{"href":"https:\/\/michaelbern.com\/en\/wp-json\/wp\/v2\/types\/product"}],"replies":[{"embeddable":true,"href":"https:\/\/michaelbern.com\/en\/wp-json\/wp\/v2\/comments?post=2886"}],"wp:featuredmedia":[{"embeddable":true,"href":"https:\/\/michaelbern.com\/en\/wp-json\/wp\/v2\/media\/2881"}],"wp:attachment":[{"href":"https:\/\/michaelbern.com\/en\/wp-json\/wp\/v2\/media?parent=2886"}],"wp:term":[{"taxonomy":"product_brand","embeddable":true,"href":"https:\/\/michaelbern.com\/en\/wp-json\/wp\/v2\/product_brand?post=2886"},{"taxonomy":"product_cat","embeddable":true,"href":"https:\/\/michaelbern.com\/en\/wp-json\/wp\/v2\/product_cat?post=2886"},{"taxonomy":"product_tag","embeddable":true,"href":"https:\/\/michaelbern.com\/en\/wp-json\/wp\/v2\/product_tag?post=2886"}],"curies":[{"name":"wp","href":"https:\/\/api.w.org\/{rel}","templated":true}]}}