{"id":2817,"date":"2021-02-06T04:10:34","date_gmt":"2021-02-06T03:10:34","guid":{"rendered":"https:\/\/michaelbern.com\/product\/louis-erard-emotion-round-diamonds\/"},"modified":"2022-04-08T15:25:36","modified_gmt":"2022-04-08T13:25:36","slug":"louis-erard-emotion-round-diamonds","status":"publish","type":"product","link":"https:\/\/michaelbern.com\/en\/product\/louis-erard-emotion-round-diamonds\/","title":{"rendered":"Louis Erard Emotion round Diamonds"},"content":{"rendered":"<p>Aktive Frau von rassiger Eleganz trifft auf eine, authentische Mechanik. Emotion \u2013 in diesen sieben Buchstaben findet sich die Quintessenz einer perfekten Verbindung von mechanischer Uhrmacherei und edler Weiblichkeit.<br \/>\nAuf die Vielfalt der Pers\u00f6nlichkeiten! Silhouetten, Farben und Materialien sind f\u00fcr Louis Erard eine bevorzugte Spielweise. Das erkl\u00e4rte Ziel dabei: Die Damen verf\u00fchren! Dabei kommen die besonderen Fertigkeiten des Hauses zum Einsatz: die Zeit als Element nutzen, um das Temperament jeder Frau zum Ausdruck zu bringen.<\/p>\n","protected":false},"excerpt":{"rendered":"<p>Aktive Frau von rassiger Eleganz trifft auf eine, authentische Mechanik. Emotion \u2013 in diesen sieben Buchstaben findet sich die Quintessenz einer perfekten Verbindung von mechanischer Uhrmacherei und edler Weiblichkeit. Auf die Vielfalt der Pers\u00f6nlichkeiten! Silhouetten, Farben und Materialien sind f\u00fcr Louis Erard eine bevorzugte Spielweise. Das erkl\u00e4rte Ziel dabei: Die Damen verf\u00fchren! Dabei kommen die [&hellip;]<\/p>\n","protected":false},"featured_media":2816,"comment_status":"open","ping_status":"closed","template":"","meta":{"inline_featured_image":false},"product_brand":[],"product_cat":[105,56,57],"product_tag":[],"class_list":{"0":"post-2817","1":"product","2":"type-product","3":"status-publish","4":"has-post-thumbnail","6":"product_cat-louis-erard","7":"product_cat-watches","8":"product_cat-womens-watches","9":"post-item","11":"first","12":"outofstock","13":"taxable","14":"shipping-taxable","15":"purchasable","16":"product-type-simple"},"_links":{"self":[{"href":"https:\/\/michaelbern.com\/en\/wp-json\/wp\/v2\/product\/2817","targetHints":{"allow":["GET"]}}],"collection":[{"href":"https:\/\/michaelbern.com\/en\/wp-json\/wp\/v2\/product"}],"about":[{"href":"https:\/\/michaelbern.com\/en\/wp-json\/wp\/v2\/types\/product"}],"replies":[{"embeddable":true,"href":"https:\/\/michaelbern.com\/en\/wp-json\/wp\/v2\/comments?post=2817"}],"wp:featuredmedia":[{"embeddable":true,"href":"https:\/\/michaelbern.com\/en\/wp-json\/wp\/v2\/media\/2816"}],"wp:attachment":[{"href":"https:\/\/michaelbern.com\/en\/wp-json\/wp\/v2\/media?parent=2817"}],"wp:term":[{"taxonomy":"product_brand","embeddable":true,"href":"https:\/\/michaelbern.com\/en\/wp-json\/wp\/v2\/product_brand?post=2817"},{"taxonomy":"product_cat","embeddable":true,"href":"https:\/\/michaelbern.com\/en\/wp-json\/wp\/v2\/product_cat?post=2817"},{"taxonomy":"product_tag","embeddable":true,"href":"https:\/\/michaelbern.com\/en\/wp-json\/wp\/v2\/product_tag?post=2817"}],"curies":[{"name":"wp","href":"https:\/\/api.w.org\/{rel}","templated":true}]}}