{"id":2802,"date":"2021-02-06T04:10:24","date_gmt":"2021-02-06T03:10:24","guid":{"rendered":"https:\/\/michaelbern.com\/product\/hamilton-khaki-aviation-pilot-auto-3\/"},"modified":"2022-04-08T15:25:37","modified_gmt":"2022-04-08T13:25:37","slug":"hamilton-khaki-aviation-pilot-auto-3","status":"publish","type":"product","link":"https:\/\/michaelbern.com\/en\/product\/hamilton-khaki-aviation-pilot-auto-3\/","title":{"rendered":"Hamilton Khaki Aviation Pilot Auto"},"content":{"rendered":"<p>Mit der Khaki Pilot f\u00fchlt man sich wie ein amerikanischer Pilot aus der Pionierzeit der modernen Luftfahrt. Schon damals vertrauten die Piloten w\u00e4hrend ihren Expeditionen auf die Zuverl\u00e4ssigkeit der Hamilton Uhren. Die Khaki Pilot besticht durch ihr klassisches Fliegerdesign und das gro\u00dfe, gut lesbare Zifferblatt mit Tages- und Datumsanzeige und Zeigern mit Superluminova-Beschichtung. Bei dieser Uhr stimmen Form und Funktion. Das perfekte Zeitinstrument f\u00fcr jeden Piloten.<\/p>\n","protected":false},"excerpt":{"rendered":"<p>Mit der Khaki Pilot f\u00fchlt man sich wie ein amerikanischer Pilot aus der Pionierzeit der modernen Luftfahrt. Schon damals vertrauten die Piloten w\u00e4hrend ihren Expeditionen auf die Zuverl\u00e4ssigkeit der Hamilton Uhren. Die Khaki Pilot besticht durch ihr klassisches Fliegerdesign und das gro\u00dfe, gut lesbare Zifferblatt mit Tages- und Datumsanzeige und Zeigern mit Superluminova-Beschichtung. Bei dieser [&hellip;]<\/p>\n","protected":false},"featured_media":2797,"comment_status":"open","ping_status":"closed","template":"","meta":{"inline_featured_image":false},"product_brand":[],"product_cat":[89,56],"product_tag":[],"class_list":{"0":"post-2802","1":"product","2":"type-product","3":"status-publish","4":"has-post-thumbnail","6":"product_cat-hamilton","7":"product_cat-watches","8":"post-item","10":"first","11":"outofstock","12":"taxable","13":"shipping-taxable","14":"purchasable","15":"product-type-simple"},"_links":{"self":[{"href":"https:\/\/michaelbern.com\/en\/wp-json\/wp\/v2\/product\/2802","targetHints":{"allow":["GET"]}}],"collection":[{"href":"https:\/\/michaelbern.com\/en\/wp-json\/wp\/v2\/product"}],"about":[{"href":"https:\/\/michaelbern.com\/en\/wp-json\/wp\/v2\/types\/product"}],"replies":[{"embeddable":true,"href":"https:\/\/michaelbern.com\/en\/wp-json\/wp\/v2\/comments?post=2802"}],"wp:featuredmedia":[{"embeddable":true,"href":"https:\/\/michaelbern.com\/en\/wp-json\/wp\/v2\/media\/2797"}],"wp:attachment":[{"href":"https:\/\/michaelbern.com\/en\/wp-json\/wp\/v2\/media?parent=2802"}],"wp:term":[{"taxonomy":"product_brand","embeddable":true,"href":"https:\/\/michaelbern.com\/en\/wp-json\/wp\/v2\/product_brand?post=2802"},{"taxonomy":"product_cat","embeddable":true,"href":"https:\/\/michaelbern.com\/en\/wp-json\/wp\/v2\/product_cat?post=2802"},{"taxonomy":"product_tag","embeddable":true,"href":"https:\/\/michaelbern.com\/en\/wp-json\/wp\/v2\/product_tag?post=2802"}],"curies":[{"name":"wp","href":"https:\/\/api.w.org\/{rel}","templated":true}]}}