{"id":2713,"date":"2021-02-06T04:09:26","date_gmt":"2021-02-06T03:09:26","guid":{"rendered":"https:\/\/michaelbern.com\/product\/hamilton-khaki-aviation-converter-auto-chrono-2\/"},"modified":"2022-04-08T15:25:40","modified_gmt":"2022-04-08T13:25:40","slug":"hamilton-khaki-aviation-converter-auto-chrono-2","status":"publish","type":"product","link":"https:\/\/michaelbern.com\/en\/product\/hamilton-khaki-aviation-converter-auto-chrono-2\/","title":{"rendered":"Hamilton Khaki Aviation Converter Auto Chrono"},"content":{"rendered":"<p>Fortschrittliche Technologie f\u00fcr den anspruchsvollen Piloten. Berechnen Sie wichtige Umrechnungen und Metriken mit nur einem Blick auf die beidseitig drehbare Rechenschieber-L\u00fcnette der Khaki Aviation Converter Auto Chrono. Dieses leistungsstarke Tool erm\u00f6glicht Umrechnungen wie von Fuss in Meter oder Meilen in Kilometer oder auch zwischen W\u00e4hrungen. Ber\u00fccksichtigt man dann noch, dass das H-21-Si Automatikchronographenwerk mit einer hochwertigen, amagnetischen Spiralfeder aus Silizium ausgestattet ist, hat diese stilvolle Fliegeruhr mit 44mm Durchmesser wirklich alles, was Sie bei Ihrem n\u00e4chsten Abenteuer in den L\u00fcften brauchen.<\/p>\n","protected":false},"excerpt":{"rendered":"<p>Fortschrittliche Technologie f\u00fcr den anspruchsvollen Piloten. Berechnen Sie wichtige Umrechnungen und Metriken mit nur einem Blick auf die beidseitig drehbare Rechenschieber-L\u00fcnette der Khaki Aviation Converter Auto Chrono. Dieses leistungsstarke Tool erm\u00f6glicht Umrechnungen wie von Fuss in Meter oder Meilen in Kilometer oder auch zwischen W\u00e4hrungen. Ber\u00fccksichtigt man dann noch, dass das H-21-Si Automatikchronographenwerk mit einer [&hellip;]<\/p>\n","protected":false},"featured_media":2708,"comment_status":"open","ping_status":"closed","template":"","meta":{"inline_featured_image":false},"product_brand":[],"product_cat":[89,56],"product_tag":[],"class_list":{"0":"post-2713","1":"product","2":"type-product","3":"status-publish","4":"has-post-thumbnail","6":"product_cat-hamilton","7":"product_cat-watches","8":"post-item","10":"first","11":"outofstock","12":"taxable","13":"shipping-taxable","14":"purchasable","15":"product-type-simple"},"_links":{"self":[{"href":"https:\/\/michaelbern.com\/en\/wp-json\/wp\/v2\/product\/2713","targetHints":{"allow":["GET"]}}],"collection":[{"href":"https:\/\/michaelbern.com\/en\/wp-json\/wp\/v2\/product"}],"about":[{"href":"https:\/\/michaelbern.com\/en\/wp-json\/wp\/v2\/types\/product"}],"replies":[{"embeddable":true,"href":"https:\/\/michaelbern.com\/en\/wp-json\/wp\/v2\/comments?post=2713"}],"wp:featuredmedia":[{"embeddable":true,"href":"https:\/\/michaelbern.com\/en\/wp-json\/wp\/v2\/media\/2708"}],"wp:attachment":[{"href":"https:\/\/michaelbern.com\/en\/wp-json\/wp\/v2\/media?parent=2713"}],"wp:term":[{"taxonomy":"product_brand","embeddable":true,"href":"https:\/\/michaelbern.com\/en\/wp-json\/wp\/v2\/product_brand?post=2713"},{"taxonomy":"product_cat","embeddable":true,"href":"https:\/\/michaelbern.com\/en\/wp-json\/wp\/v2\/product_cat?post=2713"},{"taxonomy":"product_tag","embeddable":true,"href":"https:\/\/michaelbern.com\/en\/wp-json\/wp\/v2\/product_tag?post=2713"}],"curies":[{"name":"wp","href":"https:\/\/api.w.org\/{rel}","templated":true}]}}