{"id":2689,"date":"2021-02-06T04:09:11","date_gmt":"2021-02-06T03:09:11","guid":{"rendered":"https:\/\/michaelbern.com\/product\/hamilton-khaki-x-wind-day-date-auto-3\/"},"modified":"2022-04-08T15:25:41","modified_gmt":"2022-04-08T13:25:41","slug":"hamilton-khaki-x-wind-day-date-auto-3","status":"publish","type":"product","link":"https:\/\/michaelbern.com\/en\/product\/hamilton-khaki-x-wind-day-date-auto-3\/","title":{"rendered":"Hamilton Khaki X-Wind Day Date Auto"},"content":{"rendered":"<p>Hamilton hat die Khaki X-Wind Kollektion nun um eine Automatikversion mit Wochentags- und Datumsanzeige erg\u00e4nzt. Sie verf\u00fcgt \u00fcber breite SuperLumiNova\u00ae Stundenindizes und sportliche Zeiger f\u00fcr optimale Ablesbarkeit \u2013 selbst wenn Ihnen f\u00fcr einen Blick aufs Zifferblatt nur der Bruchteil einer Sekunde bleibt. Das Fenster f\u00fcr die Wochentags- und Datumsanzeige bei neun Uhr sorgt f\u00fcr ein \u00e4sthetisches Gleichgewicht auf dem Zifferblatt \u2013 dieses Modell ist zum Abflug bereit.<br \/>\nDie Khaki X-Wind Day Date wird vom Automatikwerk H-30 angetrieben und besitzt eine grossz\u00fcgige Gangreserve von 80 Stunden. Die hohe Qualit\u00e4t in der Ausf\u00fchrung verbindet sich mit einem modernen, kantigen Look, der das bekannte Flair von Cockpit-Instrumenten erzeugt, wie es der X-Wind zu eigen ist.<\/p>\n","protected":false},"excerpt":{"rendered":"<p>Hamilton hat die Khaki X-Wind Kollektion nun um eine Automatikversion mit Wochentags- und Datumsanzeige erg\u00e4nzt. Sie verf\u00fcgt \u00fcber breite SuperLumiNova\u00ae Stundenindizes und sportliche Zeiger f\u00fcr optimale Ablesbarkeit \u2013 selbst wenn Ihnen f\u00fcr einen Blick aufs Zifferblatt nur der Bruchteil einer Sekunde bleibt. Das Fenster f\u00fcr die Wochentags- und Datumsanzeige bei neun Uhr sorgt f\u00fcr ein [&hellip;]<\/p>\n","protected":false},"featured_media":2686,"comment_status":"open","ping_status":"closed","template":"","meta":{"inline_featured_image":false},"product_brand":[],"product_cat":[89,56],"product_tag":[],"class_list":{"0":"post-2689","1":"product","2":"type-product","3":"status-publish","4":"has-post-thumbnail","6":"product_cat-hamilton","7":"product_cat-watches","8":"post-item","10":"first","11":"outofstock","12":"taxable","13":"shipping-taxable","14":"purchasable","15":"product-type-simple"},"_links":{"self":[{"href":"https:\/\/michaelbern.com\/en\/wp-json\/wp\/v2\/product\/2689","targetHints":{"allow":["GET"]}}],"collection":[{"href":"https:\/\/michaelbern.com\/en\/wp-json\/wp\/v2\/product"}],"about":[{"href":"https:\/\/michaelbern.com\/en\/wp-json\/wp\/v2\/types\/product"}],"replies":[{"embeddable":true,"href":"https:\/\/michaelbern.com\/en\/wp-json\/wp\/v2\/comments?post=2689"}],"wp:featuredmedia":[{"embeddable":true,"href":"https:\/\/michaelbern.com\/en\/wp-json\/wp\/v2\/media\/2686"}],"wp:attachment":[{"href":"https:\/\/michaelbern.com\/en\/wp-json\/wp\/v2\/media?parent=2689"}],"wp:term":[{"taxonomy":"product_brand","embeddable":true,"href":"https:\/\/michaelbern.com\/en\/wp-json\/wp\/v2\/product_brand?post=2689"},{"taxonomy":"product_cat","embeddable":true,"href":"https:\/\/michaelbern.com\/en\/wp-json\/wp\/v2\/product_cat?post=2689"},{"taxonomy":"product_tag","embeddable":true,"href":"https:\/\/michaelbern.com\/en\/wp-json\/wp\/v2\/product_tag?post=2689"}],"curies":[{"name":"wp","href":"https:\/\/api.w.org\/{rel}","templated":true}]}}