{"id":2656,"date":"2021-02-06T04:08:51","date_gmt":"2021-02-06T03:08:51","guid":{"rendered":"https:\/\/michaelbern.com\/product\/hamilton-jazzmaster-skeleton-lady-2\/"},"modified":"2022-04-08T15:25:43","modified_gmt":"2022-04-08T13:25:43","slug":"hamilton-jazzmaster-skeleton-lady-2","status":"publish","type":"product","link":"https:\/\/michaelbern.com\/en\/product\/hamilton-jazzmaster-skeleton-lady-2\/","title":{"rendered":"Hamilton Jazzmaster Skeleton Lady"},"content":{"rendered":"<p>Eine faszinierende Blume im Jazzmaster-Garten<br \/>\nDas Design der Jazzmaster Skeleton Lady spielt mit der Messung der Zeit, indem sie einen Teil ihres Herzens \u00f6ffnet. Ein Blick auf das Zifferblatt, l\u00e4sst einen Ausschnitt des Automatikwerks erkennen &#8211; aber nicht das ganze. Gewisse Teile werden der Imagination \u00fcberlassen &#8211; nicht zuletzt, weil die verwendeten Materialien h\u00f6chster Qualit\u00e4t und ausgefeilten Details zum Tr\u00e4umen anregen.<br \/>\nDie sanften Rundungen der Jazzmaster Skeleton Lady werden durch ein satiniertes und poliertes Geh\u00e4use und ein durchbrochenes Zifferblatt mit diamantgeschnittenem abgeschr\u00e4gten Rand unterstrichen. Trotz ihrer romantischen Anmutung ist die Jazzmaster Skeleton Lady erstaunlich robust und bis zu einem Druck von 5 Bar wasserdicht, sodass sie den Bed\u00fcrfnissen aktiver Frauen im 21. Jahrhundert, derer sie sich sehr bewusst ist, gerecht wird. Das mit hochwertigen Finissierungen versehene neue Hamilton-Kaliber H-20-S sorgt f\u00fcr eine 42-st\u00fcndige Gangreserve.<\/p>\n","protected":false},"excerpt":{"rendered":"<p>Eine faszinierende Blume im Jazzmaster-Garten Das Design der Jazzmaster Skeleton Lady spielt mit der Messung der Zeit, indem sie einen Teil ihres Herzens \u00f6ffnet. Ein Blick auf das Zifferblatt, l\u00e4sst einen Ausschnitt des Automatikwerks erkennen &#8211; aber nicht das ganze. Gewisse Teile werden der Imagination \u00fcberlassen &#8211; nicht zuletzt, weil die verwendeten Materialien h\u00f6chster Qualit\u00e4t [&hellip;]<\/p>\n","protected":false},"featured_media":2651,"comment_status":"open","ping_status":"closed","template":"","meta":{"inline_featured_image":false},"product_brand":[],"product_cat":[89,56,57],"product_tag":[],"class_list":{"0":"post-2656","1":"product","2":"type-product","3":"status-publish","4":"has-post-thumbnail","6":"product_cat-hamilton","7":"product_cat-watches","8":"product_cat-womens-watches","9":"post-item","11":"first","12":"outofstock","13":"taxable","14":"shipping-taxable","15":"purchasable","16":"product-type-simple"},"_links":{"self":[{"href":"https:\/\/michaelbern.com\/en\/wp-json\/wp\/v2\/product\/2656","targetHints":{"allow":["GET"]}}],"collection":[{"href":"https:\/\/michaelbern.com\/en\/wp-json\/wp\/v2\/product"}],"about":[{"href":"https:\/\/michaelbern.com\/en\/wp-json\/wp\/v2\/types\/product"}],"replies":[{"embeddable":true,"href":"https:\/\/michaelbern.com\/en\/wp-json\/wp\/v2\/comments?post=2656"}],"wp:featuredmedia":[{"embeddable":true,"href":"https:\/\/michaelbern.com\/en\/wp-json\/wp\/v2\/media\/2651"}],"wp:attachment":[{"href":"https:\/\/michaelbern.com\/en\/wp-json\/wp\/v2\/media?parent=2656"}],"wp:term":[{"taxonomy":"product_brand","embeddable":true,"href":"https:\/\/michaelbern.com\/en\/wp-json\/wp\/v2\/product_brand?post=2656"},{"taxonomy":"product_cat","embeddable":true,"href":"https:\/\/michaelbern.com\/en\/wp-json\/wp\/v2\/product_cat?post=2656"},{"taxonomy":"product_tag","embeddable":true,"href":"https:\/\/michaelbern.com\/en\/wp-json\/wp\/v2\/product_tag?post=2656"}],"curies":[{"name":"wp","href":"https:\/\/api.w.org\/{rel}","templated":true}]}}