{"id":2627,"date":"2021-02-06T04:08:33","date_gmt":"2021-02-06T03:08:33","guid":{"rendered":"https:\/\/michaelbern.com\/product\/hamilton-shaped-ventura-s\/"},"modified":"2022-04-08T15:25:44","modified_gmt":"2022-04-08T13:25:44","slug":"hamilton-shaped-ventura-s","status":"publish","type":"product","link":"https:\/\/michaelbern.com\/en\/product\/hamilton-shaped-ventura-s\/","title":{"rendered":"Hamilton Shaped Ventura S"},"content":{"rendered":"<p>Auch mehr als ein halbes Jahrhundert nach ihrer Geburtsstunde macht die Hamilton Ventura in Form einer modernen Damenversion weiter von sich reden. Dem klassischen Grundkonzept verleihen unerwartete Nuancen ein topaktuelles futuristisches \u00c4u\u00dferes. Das vertraute, schildf\u00f6rmige Edelstahlgeh\u00e4use erh\u00e4lt durch glatte Oberfl\u00e4chen eine markante zeitgem\u00e4\u00dfe Optik. Die ins Geh\u00e4use integrierte Krone l\u00e4uft in einem Dreieck aus, dessen Spitze auf 3 Uhr zeigt. Das Zifferblatt in Wei\u00df und Perlmutt verleiht der Uhr Rasanz. Passend zum ultramodernen Design geht das Geh\u00e4use elegant in ein stylisches, weiches Kautschukarmband \u00fcber.<\/p>\n","protected":false},"excerpt":{"rendered":"<p>Auch mehr als ein halbes Jahrhundert nach ihrer Geburtsstunde macht die Hamilton Ventura in Form einer modernen Damenversion weiter von sich reden. Dem klassischen Grundkonzept verleihen unerwartete Nuancen ein topaktuelles futuristisches \u00c4u\u00dferes. Das vertraute, schildf\u00f6rmige Edelstahlgeh\u00e4use erh\u00e4lt durch glatte Oberfl\u00e4chen eine markante zeitgem\u00e4\u00dfe Optik. Die ins Geh\u00e4use integrierte Krone l\u00e4uft in einem Dreieck aus, dessen [&hellip;]<\/p>\n","protected":false},"featured_media":2625,"comment_status":"open","ping_status":"closed","template":"","meta":{"inline_featured_image":false},"product_brand":[],"product_cat":[89,56,57],"product_tag":[],"class_list":{"0":"post-2627","1":"product","2":"type-product","3":"status-publish","4":"has-post-thumbnail","6":"product_cat-hamilton","7":"product_cat-watches","8":"product_cat-womens-watches","9":"post-item","11":"first","12":"outofstock","13":"taxable","14":"shipping-taxable","15":"purchasable","16":"product-type-simple"},"_links":{"self":[{"href":"https:\/\/michaelbern.com\/en\/wp-json\/wp\/v2\/product\/2627","targetHints":{"allow":["GET"]}}],"collection":[{"href":"https:\/\/michaelbern.com\/en\/wp-json\/wp\/v2\/product"}],"about":[{"href":"https:\/\/michaelbern.com\/en\/wp-json\/wp\/v2\/types\/product"}],"replies":[{"embeddable":true,"href":"https:\/\/michaelbern.com\/en\/wp-json\/wp\/v2\/comments?post=2627"}],"wp:featuredmedia":[{"embeddable":true,"href":"https:\/\/michaelbern.com\/en\/wp-json\/wp\/v2\/media\/2625"}],"wp:attachment":[{"href":"https:\/\/michaelbern.com\/en\/wp-json\/wp\/v2\/media?parent=2627"}],"wp:term":[{"taxonomy":"product_brand","embeddable":true,"href":"https:\/\/michaelbern.com\/en\/wp-json\/wp\/v2\/product_brand?post=2627"},{"taxonomy":"product_cat","embeddable":true,"href":"https:\/\/michaelbern.com\/en\/wp-json\/wp\/v2\/product_cat?post=2627"},{"taxonomy":"product_tag","embeddable":true,"href":"https:\/\/michaelbern.com\/en\/wp-json\/wp\/v2\/product_tag?post=2627"}],"curies":[{"name":"wp","href":"https:\/\/api.w.org\/{rel}","templated":true}]}}