{"id":2574,"date":"2021-02-06T04:08:01","date_gmt":"2021-02-06T03:08:01","guid":{"rendered":"https:\/\/michaelbern.com\/product\/hamilton-khaki-pilot-air-race-chrono\/"},"modified":"2022-04-08T15:25:46","modified_gmt":"2022-04-08T13:25:46","slug":"hamilton-khaki-pilot-air-race-chrono","status":"publish","type":"product","link":"https:\/\/michaelbern.com\/en\/product\/hamilton-khaki-pilot-air-race-chrono\/","title":{"rendered":"Hamilton Khaki Pilot Air Race Chrono"},"content":{"rendered":"<p>2017 ist Hamilton offizieller Zeitnehmer des Red Bull Air Race World Championship, der den Motorsport in eine neue Dimension katapultiert. Dieser Motorsportwettbewerb der Extraklasse, an dem 14 der besten Rennpiloten teilnehmen \u2013 darunter Nicolas Ivanoff, seit 2005 Hamilton-Markenbotschafter \u2013 ist ein unvergleichliches visuelles Spektakel, bei dem Geschwindigkeit, Pr\u00e4zision und Geschick \u00fcber Sieg und Niederlage entscheiden. Die Piloten steuern ihre extrem schnellen, leichten und man\u00f6vrierf\u00e4higen Rennflugzeuge nur wenige Meter \u00fcber dem Boden durch einen Parcours, der mit 25 Meter hohen luftbef\u00fcllten Pylonen abgesteckt wird.<br \/>\nDieser sportliche Chronograph mit einem 44-mm-Geh\u00e4use feiert Hamilton als offiziellen Zeitnehmer der Red Bull Air Race Weltmeisterschaft 2018. Eine perfekte Mischung aus Luftfahrtstil und Schweizer Pr\u00e4zision.<\/p>\n","protected":false},"excerpt":{"rendered":"<p>2017 ist Hamilton offizieller Zeitnehmer des Red Bull Air Race World Championship, der den Motorsport in eine neue Dimension katapultiert. Dieser Motorsportwettbewerb der Extraklasse, an dem 14 der besten Rennpiloten teilnehmen \u2013 darunter Nicolas Ivanoff, seit 2005 Hamilton-Markenbotschafter \u2013 ist ein unvergleichliches visuelles Spektakel, bei dem Geschwindigkeit, Pr\u00e4zision und Geschick \u00fcber Sieg und Niederlage entscheiden. [&hellip;]<\/p>\n","protected":false},"featured_media":2567,"comment_status":"open","ping_status":"closed","template":"","meta":{"inline_featured_image":false},"product_brand":[],"product_cat":[89,56],"product_tag":[],"class_list":{"0":"post-2574","1":"product","2":"type-product","3":"status-publish","4":"has-post-thumbnail","6":"product_cat-hamilton","7":"product_cat-watches","8":"post-item","10":"first","11":"outofstock","12":"taxable","13":"shipping-taxable","14":"purchasable","15":"product-type-simple"},"_links":{"self":[{"href":"https:\/\/michaelbern.com\/en\/wp-json\/wp\/v2\/product\/2574","targetHints":{"allow":["GET"]}}],"collection":[{"href":"https:\/\/michaelbern.com\/en\/wp-json\/wp\/v2\/product"}],"about":[{"href":"https:\/\/michaelbern.com\/en\/wp-json\/wp\/v2\/types\/product"}],"replies":[{"embeddable":true,"href":"https:\/\/michaelbern.com\/en\/wp-json\/wp\/v2\/comments?post=2574"}],"wp:featuredmedia":[{"embeddable":true,"href":"https:\/\/michaelbern.com\/en\/wp-json\/wp\/v2\/media\/2567"}],"wp:attachment":[{"href":"https:\/\/michaelbern.com\/en\/wp-json\/wp\/v2\/media?parent=2574"}],"wp:term":[{"taxonomy":"product_brand","embeddable":true,"href":"https:\/\/michaelbern.com\/en\/wp-json\/wp\/v2\/product_brand?post=2574"},{"taxonomy":"product_cat","embeddable":true,"href":"https:\/\/michaelbern.com\/en\/wp-json\/wp\/v2\/product_cat?post=2574"},{"taxonomy":"product_tag","embeddable":true,"href":"https:\/\/michaelbern.com\/en\/wp-json\/wp\/v2\/product_tag?post=2574"}],"curies":[{"name":"wp","href":"https:\/\/api.w.org\/{rel}","templated":true}]}}