{"id":2513,"date":"2021-02-06T04:07:25","date_gmt":"2021-02-06T03:07:25","guid":{"rendered":"https:\/\/michaelbern.com\/product\/rado-centrix-chronograph-3\/"},"modified":"2022-04-08T15:25:49","modified_gmt":"2022-04-08T13:25:49","slug":"rado-centrix-chronograph-3","status":"publish","type":"product","link":"https:\/\/michaelbern.com\/en\/product\/rado-centrix-chronograph-3\/","title":{"rendered":"Rado Centrix Chronograph"},"content":{"rendered":"<p>Diese Rado Centrix verk\u00f6rpert Eleganz und Klarheit. Die klare Formgebung und der elegant anmutende Stil der Rado Centrix machen diese Uhr begehrenswert. Das leichte, flexible und sich verj\u00fcngende Armband aus Edelstahl und Hightech-Keramik schmiegt sich perfekt um das Handgelenk und bietet somit einen sehr hohen Tragekomfort. Geschmeidige Linien und Oberfl\u00e4chen geben ihr einen raffinierten und gleichzeitig modernen Touch. Das edle Geh\u00e4use aus ros\u00e9-vergoldetem Edelstahl beherbergt ein hochwertiges Chronographen-Quarzwerk, welches f\u00fcr h\u00f6chste Schweizer Pr\u00e4zision sorgt. Die Wasserdichtigkeit betr\u00e4gt 5 ATM (50m). Bei diesem stromlinienf\u00f6rmigen, schlanken und dynamischen Zeitmesser regiert die Einfachheit. Ihre Erscheinung ist sinnlich\u2013 ihr Design zeitlos.<\/p>\n","protected":false},"excerpt":{"rendered":"<p>Diese Rado Centrix verk\u00f6rpert Eleganz und Klarheit. Die klare Formgebung und der elegant anmutende Stil der Rado Centrix machen diese Uhr begehrenswert. Das leichte, flexible und sich verj\u00fcngende Armband aus Edelstahl und Hightech-Keramik schmiegt sich perfekt um das Handgelenk und bietet somit einen sehr hohen Tragekomfort. Geschmeidige Linien und Oberfl\u00e4chen geben ihr einen raffinierten und [&hellip;]<\/p>\n","protected":false},"featured_media":2508,"comment_status":"open","ping_status":"closed","template":"","meta":{"inline_featured_image":false},"product_brand":[],"product_cat":[97,56],"product_tag":[],"class_list":{"0":"post-2513","1":"product","2":"type-product","3":"status-publish","4":"has-post-thumbnail","6":"product_cat-rado","7":"product_cat-watches","8":"post-item","10":"first","11":"outofstock","12":"taxable","13":"shipping-taxable","14":"purchasable","15":"product-type-simple"},"_links":{"self":[{"href":"https:\/\/michaelbern.com\/en\/wp-json\/wp\/v2\/product\/2513","targetHints":{"allow":["GET"]}}],"collection":[{"href":"https:\/\/michaelbern.com\/en\/wp-json\/wp\/v2\/product"}],"about":[{"href":"https:\/\/michaelbern.com\/en\/wp-json\/wp\/v2\/types\/product"}],"replies":[{"embeddable":true,"href":"https:\/\/michaelbern.com\/en\/wp-json\/wp\/v2\/comments?post=2513"}],"wp:featuredmedia":[{"embeddable":true,"href":"https:\/\/michaelbern.com\/en\/wp-json\/wp\/v2\/media\/2508"}],"wp:attachment":[{"href":"https:\/\/michaelbern.com\/en\/wp-json\/wp\/v2\/media?parent=2513"}],"wp:term":[{"taxonomy":"product_brand","embeddable":true,"href":"https:\/\/michaelbern.com\/en\/wp-json\/wp\/v2\/product_brand?post=2513"},{"taxonomy":"product_cat","embeddable":true,"href":"https:\/\/michaelbern.com\/en\/wp-json\/wp\/v2\/product_cat?post=2513"},{"taxonomy":"product_tag","embeddable":true,"href":"https:\/\/michaelbern.com\/en\/wp-json\/wp\/v2\/product_tag?post=2513"}],"curies":[{"name":"wp","href":"https:\/\/api.w.org\/{rel}","templated":true}]}}