{"id":2431,"date":"2021-02-06T04:06:33","date_gmt":"2021-02-06T03:06:33","guid":{"rendered":"https:\/\/michaelbern.com\/product\/rado-coupole-classic-xl-automatik-2\/"},"modified":"2022-04-08T15:25:51","modified_gmt":"2022-04-08T13:25:51","slug":"rado-coupole-classic-xl-automatik-2","status":"publish","type":"product","link":"https:\/\/michaelbern.com\/en\/product\/rado-coupole-classic-xl-automatik-2\/","title":{"rendered":"Rado Coupole Classic XL Automatik"},"content":{"rendered":"<p>Rado Coupole Classic ist wie der Name schon sagt ein wahrer Klassiker. Die Kollektion wurde im Jahr 1987 zum ersten Mal aufgelegt. Jetzt ist Rado auf sie zur\u00fcckgekommen und hat ihr einen neuen, ausgefallenen Look verliehen. Die Coupole Classic ist von Rado Uhren aus den 60er Jahren inspiriert und vereint Vintage Design mit einem modernen Touch. Mit einem runden Zifferblatt, das durch das gew\u00f6lbte Saphirglas gesch\u00fctzt wird, ist diese Armbanduhr eine elegante Begleiterin f\u00fcr jeden Tag. Das skelettierte Zifferblatt, welches uns einen fantastischen Einblick in das Innenleben dieses Automaten gew\u00e4hrt, in Verbindung mit dem hochwertigen Lederarmband, setzt Akzente und macht sie so zum perfekten Accessoire f\u00fcrs Handgelenk. Mit diesem Zeitmesser k\u00f6nnen Sie sicher sein, dass Sie die Zeit nie im Stich l\u00e4sst.<\/p>\n","protected":false},"excerpt":{"rendered":"<p>Rado Coupole Classic ist wie der Name schon sagt ein wahrer Klassiker. Die Kollektion wurde im Jahr 1987 zum ersten Mal aufgelegt. Jetzt ist Rado auf sie zur\u00fcckgekommen und hat ihr einen neuen, ausgefallenen Look verliehen. Die Coupole Classic ist von Rado Uhren aus den 60er Jahren inspiriert und vereint Vintage Design mit einem modernen [&hellip;]<\/p>\n","protected":false},"featured_media":2424,"comment_status":"open","ping_status":"closed","template":"","meta":{"inline_featured_image":false},"product_brand":[],"product_cat":[97,56],"product_tag":[],"class_list":{"0":"post-2431","1":"product","2":"type-product","3":"status-publish","4":"has-post-thumbnail","6":"product_cat-rado","7":"product_cat-watches","8":"post-item","10":"first","11":"outofstock","12":"taxable","13":"shipping-taxable","14":"purchasable","15":"product-type-simple"},"_links":{"self":[{"href":"https:\/\/michaelbern.com\/en\/wp-json\/wp\/v2\/product\/2431","targetHints":{"allow":["GET"]}}],"collection":[{"href":"https:\/\/michaelbern.com\/en\/wp-json\/wp\/v2\/product"}],"about":[{"href":"https:\/\/michaelbern.com\/en\/wp-json\/wp\/v2\/types\/product"}],"replies":[{"embeddable":true,"href":"https:\/\/michaelbern.com\/en\/wp-json\/wp\/v2\/comments?post=2431"}],"wp:featuredmedia":[{"embeddable":true,"href":"https:\/\/michaelbern.com\/en\/wp-json\/wp\/v2\/media\/2424"}],"wp:attachment":[{"href":"https:\/\/michaelbern.com\/en\/wp-json\/wp\/v2\/media?parent=2431"}],"wp:term":[{"taxonomy":"product_brand","embeddable":true,"href":"https:\/\/michaelbern.com\/en\/wp-json\/wp\/v2\/product_brand?post=2431"},{"taxonomy":"product_cat","embeddable":true,"href":"https:\/\/michaelbern.com\/en\/wp-json\/wp\/v2\/product_cat?post=2431"},{"taxonomy":"product_tag","embeddable":true,"href":"https:\/\/michaelbern.com\/en\/wp-json\/wp\/v2\/product_tag?post=2431"}],"curies":[{"name":"wp","href":"https:\/\/api.w.org\/{rel}","templated":true}]}}