{"id":2407,"date":"2021-02-06T04:06:18","date_gmt":"2021-02-06T03:06:18","guid":{"rendered":"https:\/\/michaelbern.com\/product\/rado-diamaster-m-jubile-moonphase-2\/"},"modified":"2022-04-08T15:25:52","modified_gmt":"2022-04-08T13:25:52","slug":"rado-diamaster-m-jubile-moonphase-2","status":"publish","type":"product","link":"https:\/\/michaelbern.com\/en\/product\/rado-diamaster-m-jubile-moonphase-2\/","title":{"rendered":"Rado DiaMaster M Jubil\u00e9 Moonphase"},"content":{"rendered":"<p>Minimalistisches Design, klassischer Stil und langlebige, moderne Materialien zeichnen Rados DiaMaster Kollektion aus. Auch die neuen Modelle von 2019 verf\u00fcgen \u00fcber diese Eigenschaften und verwenden zudem wertvolle Diamanten auf eine Art und Weise, die kennzeichnend f\u00fcr die Geschichte von Rado als \u201eMeister der Materialien\u201c ist.<br \/>\nAnhand der Kombination von Hightech-Materialien, die Rado mit seiner jahrelangen Erfahrung entwickelt hat, und gl\u00e4nzenden Brillantschliff-Diamanten hat Rado mit beeindruckender Wirkung zwei der h\u00e4rtesten, in der Welt der Uhrmacherei verf\u00fcgbaren Materialien vereint. Zifferbl\u00e4tter aus Perlmutt und Lederarmb\u00e4nder sorgen zudem f\u00fcr ein Gef\u00fchl von Weichheit und Weiblichkeit.<\/p>\n","protected":false},"excerpt":{"rendered":"<p>Minimalistisches Design, klassischer Stil und langlebige, moderne Materialien zeichnen Rados DiaMaster Kollektion aus. Auch die neuen Modelle von 2019 verf\u00fcgen \u00fcber diese Eigenschaften und verwenden zudem wertvolle Diamanten auf eine Art und Weise, die kennzeichnend f\u00fcr die Geschichte von Rado als \u201eMeister der Materialien\u201c ist. Anhand der Kombination von Hightech-Materialien, die Rado mit seiner jahrelangen [&hellip;]<\/p>\n","protected":false},"featured_media":2400,"comment_status":"open","ping_status":"closed","template":"","meta":{"inline_featured_image":false},"product_brand":[],"product_cat":[97,56,57],"product_tag":[],"class_list":{"0":"post-2407","1":"product","2":"type-product","3":"status-publish","4":"has-post-thumbnail","6":"product_cat-rado","7":"product_cat-watches","8":"product_cat-womens-watches","9":"post-item","11":"first","12":"outofstock","13":"taxable","14":"shipping-taxable","15":"purchasable","16":"product-type-simple"},"_links":{"self":[{"href":"https:\/\/michaelbern.com\/en\/wp-json\/wp\/v2\/product\/2407","targetHints":{"allow":["GET"]}}],"collection":[{"href":"https:\/\/michaelbern.com\/en\/wp-json\/wp\/v2\/product"}],"about":[{"href":"https:\/\/michaelbern.com\/en\/wp-json\/wp\/v2\/types\/product"}],"replies":[{"embeddable":true,"href":"https:\/\/michaelbern.com\/en\/wp-json\/wp\/v2\/comments?post=2407"}],"wp:featuredmedia":[{"embeddable":true,"href":"https:\/\/michaelbern.com\/en\/wp-json\/wp\/v2\/media\/2400"}],"wp:attachment":[{"href":"https:\/\/michaelbern.com\/en\/wp-json\/wp\/v2\/media?parent=2407"}],"wp:term":[{"taxonomy":"product_brand","embeddable":true,"href":"https:\/\/michaelbern.com\/en\/wp-json\/wp\/v2\/product_brand?post=2407"},{"taxonomy":"product_cat","embeddable":true,"href":"https:\/\/michaelbern.com\/en\/wp-json\/wp\/v2\/product_cat?post=2407"},{"taxonomy":"product_tag","embeddable":true,"href":"https:\/\/michaelbern.com\/en\/wp-json\/wp\/v2\/product_tag?post=2407"}],"curies":[{"name":"wp","href":"https:\/\/api.w.org\/{rel}","templated":true}]}}