{"id":2334,"date":"2021-02-06T04:05:32","date_gmt":"2021-02-06T03:05:32","guid":{"rendered":"https:\/\/michaelbern.com\/product\/rado-centrix-xs-superjubile-5\/"},"modified":"2022-04-08T15:25:54","modified_gmt":"2022-04-08T13:25:54","slug":"rado-centrix-xs-superjubile-5","status":"publish","type":"product","link":"https:\/\/michaelbern.com\/en\/product\/rado-centrix-xs-superjubile-5\/","title":{"rendered":"Rado Centrix XS Superjubil\u00e9"},"content":{"rendered":"<p>Die Rado Centrix Diamonds beweist ihre Vielseitigkeit mit einer Reihe verschiedener Gr\u00f6\u00dfen und Farbkombinationen \u2013 alle mit glamour\u00f6s funkelnden Diamanten auf dem Zifferblatt. Hier gibt es garantiert ein Modell f\u00fcr jeden Geschmack. Dank Rados charakteristischem Saphirglas f\u00fcr einen kratzfesten Glanz sind diese Uhren ein Leben lang sch\u00f6n anzuschauen.<\/p>\n","protected":false},"excerpt":{"rendered":"<p>Die Rado Centrix Diamonds beweist ihre Vielseitigkeit mit einer Reihe verschiedener Gr\u00f6\u00dfen und Farbkombinationen \u2013 alle mit glamour\u00f6s funkelnden Diamanten auf dem Zifferblatt. Hier gibt es garantiert ein Modell f\u00fcr jeden Geschmack. Dank Rados charakteristischem Saphirglas f\u00fcr einen kratzfesten Glanz sind diese Uhren ein Leben lang sch\u00f6n anzuschauen.<\/p>\n","protected":false},"featured_media":2330,"comment_status":"open","ping_status":"closed","template":"","meta":{"inline_featured_image":false},"product_brand":[],"product_cat":[97,56,57],"product_tag":[],"class_list":{"0":"post-2334","1":"product","2":"type-product","3":"status-publish","4":"has-post-thumbnail","6":"product_cat-rado","7":"product_cat-watches","8":"product_cat-womens-watches","9":"post-item","11":"first","12":"outofstock","13":"taxable","14":"shipping-taxable","15":"purchasable","16":"product-type-simple"},"_links":{"self":[{"href":"https:\/\/michaelbern.com\/en\/wp-json\/wp\/v2\/product\/2334","targetHints":{"allow":["GET"]}}],"collection":[{"href":"https:\/\/michaelbern.com\/en\/wp-json\/wp\/v2\/product"}],"about":[{"href":"https:\/\/michaelbern.com\/en\/wp-json\/wp\/v2\/types\/product"}],"replies":[{"embeddable":true,"href":"https:\/\/michaelbern.com\/en\/wp-json\/wp\/v2\/comments?post=2334"}],"wp:featuredmedia":[{"embeddable":true,"href":"https:\/\/michaelbern.com\/en\/wp-json\/wp\/v2\/media\/2330"}],"wp:attachment":[{"href":"https:\/\/michaelbern.com\/en\/wp-json\/wp\/v2\/media?parent=2334"}],"wp:term":[{"taxonomy":"product_brand","embeddable":true,"href":"https:\/\/michaelbern.com\/en\/wp-json\/wp\/v2\/product_brand?post=2334"},{"taxonomy":"product_cat","embeddable":true,"href":"https:\/\/michaelbern.com\/en\/wp-json\/wp\/v2\/product_cat?post=2334"},{"taxonomy":"product_tag","embeddable":true,"href":"https:\/\/michaelbern.com\/en\/wp-json\/wp\/v2\/product_tag?post=2334"}],"curies":[{"name":"wp","href":"https:\/\/api.w.org\/{rel}","templated":true}]}}