{"id":2309,"date":"2021-02-06T04:05:16","date_gmt":"2021-02-06T03:05:16","guid":{"rendered":"https:\/\/michaelbern.com\/product\/rado-centrix-xs\/"},"modified":"2022-04-08T15:25:55","modified_gmt":"2022-04-08T13:25:55","slug":"rado-centrix-xs","status":"publish","type":"product","link":"https:\/\/michaelbern.com\/en\/product\/rado-centrix-xs\/","title":{"rendered":"Rado Centrix XS"},"content":{"rendered":"<p>Rados beliebteste Kollektion beweist ihre Vielseitigkeit mit einer Reihe von Modellen in verschiedenen Gr\u00f6\u00dfen und Farbkombinationen, sodass es garantiert eine Centrix f\u00fcr jeden Geschmack gibt. Dank Rado&#8217;s charakteristischem Saphirglas f\u00fcr kratzfesten Glanz sind diese Uhren ein Leben lang sch\u00f6n anzuschauen.<\/p>\n","protected":false},"excerpt":{"rendered":"<p>Rados beliebteste Kollektion beweist ihre Vielseitigkeit mit einer Reihe von Modellen in verschiedenen Gr\u00f6\u00dfen und Farbkombinationen, sodass es garantiert eine Centrix f\u00fcr jeden Geschmack gibt. Dank Rado&#8217;s charakteristischem Saphirglas f\u00fcr kratzfesten Glanz sind diese Uhren ein Leben lang sch\u00f6n anzuschauen.<\/p>\n","protected":false},"featured_media":2306,"comment_status":"open","ping_status":"closed","template":"","meta":{"inline_featured_image":false},"product_brand":[],"product_cat":[97,56,57],"product_tag":[],"class_list":{"0":"post-2309","1":"product","2":"type-product","3":"status-publish","4":"has-post-thumbnail","6":"product_cat-rado","7":"product_cat-watches","8":"product_cat-womens-watches","9":"post-item","11":"first","12":"outofstock","13":"taxable","14":"shipping-taxable","15":"purchasable","16":"product-type-simple"},"_links":{"self":[{"href":"https:\/\/michaelbern.com\/en\/wp-json\/wp\/v2\/product\/2309","targetHints":{"allow":["GET"]}}],"collection":[{"href":"https:\/\/michaelbern.com\/en\/wp-json\/wp\/v2\/product"}],"about":[{"href":"https:\/\/michaelbern.com\/en\/wp-json\/wp\/v2\/types\/product"}],"replies":[{"embeddable":true,"href":"https:\/\/michaelbern.com\/en\/wp-json\/wp\/v2\/comments?post=2309"}],"wp:featuredmedia":[{"embeddable":true,"href":"https:\/\/michaelbern.com\/en\/wp-json\/wp\/v2\/media\/2306"}],"wp:attachment":[{"href":"https:\/\/michaelbern.com\/en\/wp-json\/wp\/v2\/media?parent=2309"}],"wp:term":[{"taxonomy":"product_brand","embeddable":true,"href":"https:\/\/michaelbern.com\/en\/wp-json\/wp\/v2\/product_brand?post=2309"},{"taxonomy":"product_cat","embeddable":true,"href":"https:\/\/michaelbern.com\/en\/wp-json\/wp\/v2\/product_cat?post=2309"},{"taxonomy":"product_tag","embeddable":true,"href":"https:\/\/michaelbern.com\/en\/wp-json\/wp\/v2\/product_tag?post=2309"}],"curies":[{"name":"wp","href":"https:\/\/api.w.org\/{rel}","templated":true}]}}