{"id":2296,"date":"2021-02-06T04:05:09","date_gmt":"2021-02-06T03:05:09","guid":{"rendered":"https:\/\/michaelbern.com\/product\/rado-centrix-m-automatik-open-heart-jubile\/"},"modified":"2022-04-08T15:25:56","modified_gmt":"2022-04-08T13:25:56","slug":"rado-centrix-m-automatik-open-heart-jubile","status":"publish","type":"product","link":"https:\/\/michaelbern.com\/en\/product\/rado-centrix-m-automatik-open-heart-jubile\/","title":{"rendered":"Rado Centrix M Automatik Open Heart Jubil\u00e9"},"content":{"rendered":"<p>Das durchbrochene Zifferblatt der Automatic Open Heart Diamonds ist mit glamour\u00f6sen Diamanten besetzt umd gew\u00e4hrt einen Blick auf das hochwertige Schweizer Automatikwerk im Inneren der Uhr. So beweist die beliebte Centrix Kollektion, dass es die inneren Werte sind, auf die es ankommt. Dank Rado&#8217;s charakteristischem Saphirglas f\u00fcr kratzfesten Glanz sind diese Uhren garantiert ein Leben lang sch\u00f6n anzuschauen.<\/p>\n","protected":false},"excerpt":{"rendered":"<p>Das durchbrochene Zifferblatt der Automatic Open Heart Diamonds ist mit glamour\u00f6sen Diamanten besetzt umd gew\u00e4hrt einen Blick auf das hochwertige Schweizer Automatikwerk im Inneren der Uhr. So beweist die beliebte Centrix Kollektion, dass es die inneren Werte sind, auf die es ankommt. Dank Rado&#8217;s charakteristischem Saphirglas f\u00fcr kratzfesten Glanz sind diese Uhren garantiert ein Leben [&hellip;]<\/p>\n","protected":false},"featured_media":2287,"comment_status":"open","ping_status":"closed","template":"","meta":{"inline_featured_image":false},"product_brand":[],"product_cat":[97,56,57],"product_tag":[],"class_list":{"0":"post-2296","1":"product","2":"type-product","3":"status-publish","4":"has-post-thumbnail","6":"product_cat-rado","7":"product_cat-watches","8":"product_cat-womens-watches","9":"post-item","11":"first","12":"outofstock","13":"taxable","14":"shipping-taxable","15":"purchasable","16":"product-type-simple"},"_links":{"self":[{"href":"https:\/\/michaelbern.com\/en\/wp-json\/wp\/v2\/product\/2296","targetHints":{"allow":["GET"]}}],"collection":[{"href":"https:\/\/michaelbern.com\/en\/wp-json\/wp\/v2\/product"}],"about":[{"href":"https:\/\/michaelbern.com\/en\/wp-json\/wp\/v2\/types\/product"}],"replies":[{"embeddable":true,"href":"https:\/\/michaelbern.com\/en\/wp-json\/wp\/v2\/comments?post=2296"}],"wp:featuredmedia":[{"embeddable":true,"href":"https:\/\/michaelbern.com\/en\/wp-json\/wp\/v2\/media\/2287"}],"wp:attachment":[{"href":"https:\/\/michaelbern.com\/en\/wp-json\/wp\/v2\/media?parent=2296"}],"wp:term":[{"taxonomy":"product_brand","embeddable":true,"href":"https:\/\/michaelbern.com\/en\/wp-json\/wp\/v2\/product_brand?post=2296"},{"taxonomy":"product_cat","embeddable":true,"href":"https:\/\/michaelbern.com\/en\/wp-json\/wp\/v2\/product_cat?post=2296"},{"taxonomy":"product_tag","embeddable":true,"href":"https:\/\/michaelbern.com\/en\/wp-json\/wp\/v2\/product_tag?post=2296"}],"curies":[{"name":"wp","href":"https:\/\/api.w.org\/{rel}","templated":true}]}}