{"id":2214,"date":"2021-02-06T04:04:15","date_gmt":"2021-02-06T03:04:15","guid":{"rendered":"https:\/\/michaelbern.com\/product\/bomberg-bb-68-smoked-black-chronograph\/"},"modified":"2022-04-08T15:25:58","modified_gmt":"2022-04-08T13:25:58","slug":"bomberg-bb-68-smoked-black-chronograph","status":"publish","type":"product","link":"https:\/\/michaelbern.com\/en\/product\/bomberg-bb-68-smoked-black-chronograph\/","title":{"rendered":"Bomberg BB-68 Smoked Black Chronograph"},"content":{"rendered":"<p>Als ein weiteres St\u00fcck in der BB-68-Reihe der klassischen Looks kommt dieser Zeitmesser mit einem wundersch\u00f6n rauchigen Ziffernblatt in Braun, einem eingekerbten ros\u00e9farbenen Geh\u00e4use und einem Kalbsleder-Armband. Ihr &#8220;Statement&#8221; lautet, alles ist gut, der Tr\u00e4ger f\u00fchlt sich wohl in der Welt und Zeit ist wichtig. Die Krone, die Zeiger und Unterzifferbl\u00e4tter der Uhr bieten Ihnen allesamt die Schweizer Pr\u00e4zision von Weltklasse und die Liebe zu Detail, die so typisch f\u00fcr Bomberg sind. Uhrwerk, Design und Montage alles made in Switzerland.<\/p>\n","protected":false},"excerpt":{"rendered":"<p>Als ein weiteres St\u00fcck in der BB-68-Reihe der klassischen Looks kommt dieser Zeitmesser mit einem wundersch\u00f6n rauchigen Ziffernblatt in Braun, einem eingekerbten ros\u00e9farbenen Geh\u00e4use und einem Kalbsleder-Armband. Ihr &#8220;Statement&#8221; lautet, alles ist gut, der Tr\u00e4ger f\u00fchlt sich wohl in der Welt und Zeit ist wichtig. Die Krone, die Zeiger und Unterzifferbl\u00e4tter der Uhr bieten Ihnen [&hellip;]<\/p>\n","protected":false},"featured_media":2208,"comment_status":"open","ping_status":"closed","template":"","meta":{"inline_featured_image":false},"product_brand":[],"product_cat":[106,56],"product_tag":[],"class_list":{"0":"post-2214","1":"product","2":"type-product","3":"status-publish","4":"has-post-thumbnail","6":"product_cat-bomberg","7":"product_cat-watches","8":"post-item","10":"first","11":"outofstock","12":"taxable","13":"shipping-taxable","14":"purchasable","15":"product-type-simple"},"_links":{"self":[{"href":"https:\/\/michaelbern.com\/en\/wp-json\/wp\/v2\/product\/2214","targetHints":{"allow":["GET"]}}],"collection":[{"href":"https:\/\/michaelbern.com\/en\/wp-json\/wp\/v2\/product"}],"about":[{"href":"https:\/\/michaelbern.com\/en\/wp-json\/wp\/v2\/types\/product"}],"replies":[{"embeddable":true,"href":"https:\/\/michaelbern.com\/en\/wp-json\/wp\/v2\/comments?post=2214"}],"wp:featuredmedia":[{"embeddable":true,"href":"https:\/\/michaelbern.com\/en\/wp-json\/wp\/v2\/media\/2208"}],"wp:attachment":[{"href":"https:\/\/michaelbern.com\/en\/wp-json\/wp\/v2\/media?parent=2214"}],"wp:term":[{"taxonomy":"product_brand","embeddable":true,"href":"https:\/\/michaelbern.com\/en\/wp-json\/wp\/v2\/product_brand?post=2214"},{"taxonomy":"product_cat","embeddable":true,"href":"https:\/\/michaelbern.com\/en\/wp-json\/wp\/v2\/product_cat?post=2214"},{"taxonomy":"product_tag","embeddable":true,"href":"https:\/\/michaelbern.com\/en\/wp-json\/wp\/v2\/product_tag?post=2214"}],"curies":[{"name":"wp","href":"https:\/\/api.w.org\/{rel}","templated":true}]}}