{"id":2193,"date":"2021-02-06T04:04:02","date_gmt":"2021-02-06T03:04:02","guid":{"rendered":"https:\/\/michaelbern.com\/product\/bomberg-bb-68-grey-chronograph\/"},"modified":"2022-04-08T15:25:59","modified_gmt":"2022-04-08T13:25:59","slug":"bomberg-bb-68-grey-chronograph","status":"publish","type":"product","link":"https:\/\/michaelbern.com\/en\/product\/bomberg-bb-68-grey-chronograph\/","title":{"rendered":"Bomberg BB-68 Grey Chronograph"},"content":{"rendered":"<p>Diese BB-68 ist klassisch mit einem weichen silberfarbenen Ziffernblatt und einem schwarzen Armband aus Kalbsleder. Diese Uhr wird Ihre Pers\u00f6nlichkeit als selbstsicherer, schlagfertiger und klardenkender Leader unterstreichen. Dieser Zeitmesser wirkt ruhig, heischt nicht nach Aufmerksamkeit, hat aber eine starke Wirkung, sobald man hinguckt. Die Zahlen der Minuten\/Sekunden sind auf den \u00e4usseren Rand des Geh\u00e4uses gepr\u00e4gt, w\u00e4hrend der Zeiger nur die Zahlen der Stunden anzeigt. Wie alle Bomberg-Uhren ist dieses hochpr\u00e4zise Schweizer St\u00fcck von Weltklasse bis ins feinste Detail ausgearbeitet. Uhrwerk, Design und Montage alles made in Switzerland.<\/p>\n","protected":false},"excerpt":{"rendered":"<p>Diese BB-68 ist klassisch mit einem weichen silberfarbenen Ziffernblatt und einem schwarzen Armband aus Kalbsleder. Diese Uhr wird Ihre Pers\u00f6nlichkeit als selbstsicherer, schlagfertiger und klardenkender Leader unterstreichen. Dieser Zeitmesser wirkt ruhig, heischt nicht nach Aufmerksamkeit, hat aber eine starke Wirkung, sobald man hinguckt. Die Zahlen der Minuten\/Sekunden sind auf den \u00e4usseren Rand des Geh\u00e4uses gepr\u00e4gt, [&hellip;]<\/p>\n","protected":false},"featured_media":2187,"comment_status":"open","ping_status":"closed","template":"","meta":{"inline_featured_image":false},"product_brand":[],"product_cat":[106,56],"product_tag":[],"class_list":{"0":"post-2193","1":"product","2":"type-product","3":"status-publish","4":"has-post-thumbnail","6":"product_cat-bomberg","7":"product_cat-watches","8":"post-item","10":"first","11":"outofstock","12":"taxable","13":"shipping-taxable","14":"purchasable","15":"product-type-simple"},"_links":{"self":[{"href":"https:\/\/michaelbern.com\/en\/wp-json\/wp\/v2\/product\/2193","targetHints":{"allow":["GET"]}}],"collection":[{"href":"https:\/\/michaelbern.com\/en\/wp-json\/wp\/v2\/product"}],"about":[{"href":"https:\/\/michaelbern.com\/en\/wp-json\/wp\/v2\/types\/product"}],"replies":[{"embeddable":true,"href":"https:\/\/michaelbern.com\/en\/wp-json\/wp\/v2\/comments?post=2193"}],"wp:featuredmedia":[{"embeddable":true,"href":"https:\/\/michaelbern.com\/en\/wp-json\/wp\/v2\/media\/2187"}],"wp:attachment":[{"href":"https:\/\/michaelbern.com\/en\/wp-json\/wp\/v2\/media?parent=2193"}],"wp:term":[{"taxonomy":"product_brand","embeddable":true,"href":"https:\/\/michaelbern.com\/en\/wp-json\/wp\/v2\/product_brand?post=2193"},{"taxonomy":"product_cat","embeddable":true,"href":"https:\/\/michaelbern.com\/en\/wp-json\/wp\/v2\/product_cat?post=2193"},{"taxonomy":"product_tag","embeddable":true,"href":"https:\/\/michaelbern.com\/en\/wp-json\/wp\/v2\/product_tag?post=2193"}],"curies":[{"name":"wp","href":"https:\/\/api.w.org\/{rel}","templated":true}]}}