{"id":2150,"date":"2021-02-06T04:03:34","date_gmt":"2021-02-06T03:03:34","guid":{"rendered":"https:\/\/michaelbern.com\/product\/bomberg-bb-01-automatic-blue\/"},"modified":"2022-04-08T15:27:18","modified_gmt":"2022-04-08T13:27:18","slug":"bomberg-bb-01-automatic-blue","status":"publish","type":"product","link":"https:\/\/michaelbern.com\/en\/product\/bomberg-bb-01-automatic-blue\/","title":{"rendered":"Bomberg BB-01 Automatic Blue"},"content":{"rendered":"<p>Hier ist eine Uhr, die dem festlichen Geist und dem kreativen Drang entspricht. Das Zifferblatt dieser sch\u00f6nen Automatikuhr ist in mehreren Blaut\u00f6nen gehalten und harmoniert zu einem brillanten Ganzen. Das dunkelblaue Silikonarmband passt perfekt zu den Farbt\u00f6nen des Zifferblatts, und die Krone, welche sich auf der 2-Uhr-Position befindet, wurde mit einem blauen Tupfer versehen. Eine Reihe von geschwungenen Linien bilden eine sechszackige Figur \u00fcber dem Zifferblatt, wie die Speichen eines Rades f\u00fcr den Rennfahrer in dir. Die Seiten des Uhrengeh\u00e4uses sind mit einem gerillten Granatenmuster verziert &#8211; ein feines Finish. Diese klassische, edle Uhr kann in jeder Situation getragen werden: zum Arbeiten, besonders wenn Sie in einem kreativen Bereich arbeiten, und zum Spielen &#8211; jedes Abenteuer, das Sie sich ausdenken k\u00f6nnen. Die Uhr w\u00fcrde einem dynamischen Lebensstil dienen, in dem Risiken eingegangen, Freuden genossen und Erf\u00fcllung erreicht werden. Die Uhr ist ein Genuss, sie zu betrachten und zu tragen, und die zuverl\u00e4ssige Schweizer Technik im Inneren des Geh\u00e4uses sorgt f\u00fcr eine lange Lebensdauer.<\/p>\n","protected":false},"excerpt":{"rendered":"<p>Hier ist eine Uhr, die dem festlichen Geist und dem kreativen Drang entspricht. Das Zifferblatt dieser sch\u00f6nen Automatikuhr ist in mehreren Blaut\u00f6nen gehalten und harmoniert zu einem brillanten Ganzen. Das dunkelblaue Silikonarmband passt perfekt zu den Farbt\u00f6nen des Zifferblatts, und die Krone, welche sich auf der 2-Uhr-Position befindet, wurde mit einem blauen Tupfer versehen. Eine [&hellip;]<\/p>\n","protected":false},"featured_media":2143,"comment_status":"open","ping_status":"closed","template":"","meta":{"inline_featured_image":false},"product_brand":[],"product_cat":[106,56],"product_tag":[],"class_list":{"0":"post-2150","1":"product","2":"type-product","3":"status-publish","4":"has-post-thumbnail","6":"product_cat-bomberg","7":"product_cat-watches","8":"post-item","10":"first","11":"outofstock","12":"taxable","13":"shipping-taxable","14":"purchasable","15":"product-type-simple"},"_links":{"self":[{"href":"https:\/\/michaelbern.com\/en\/wp-json\/wp\/v2\/product\/2150","targetHints":{"allow":["GET"]}}],"collection":[{"href":"https:\/\/michaelbern.com\/en\/wp-json\/wp\/v2\/product"}],"about":[{"href":"https:\/\/michaelbern.com\/en\/wp-json\/wp\/v2\/types\/product"}],"replies":[{"embeddable":true,"href":"https:\/\/michaelbern.com\/en\/wp-json\/wp\/v2\/comments?post=2150"}],"wp:featuredmedia":[{"embeddable":true,"href":"https:\/\/michaelbern.com\/en\/wp-json\/wp\/v2\/media\/2143"}],"wp:attachment":[{"href":"https:\/\/michaelbern.com\/en\/wp-json\/wp\/v2\/media?parent=2150"}],"wp:term":[{"taxonomy":"product_brand","embeddable":true,"href":"https:\/\/michaelbern.com\/en\/wp-json\/wp\/v2\/product_brand?post=2150"},{"taxonomy":"product_cat","embeddable":true,"href":"https:\/\/michaelbern.com\/en\/wp-json\/wp\/v2\/product_cat?post=2150"},{"taxonomy":"product_tag","embeddable":true,"href":"https:\/\/michaelbern.com\/en\/wp-json\/wp\/v2\/product_tag?post=2150"}],"curies":[{"name":"wp","href":"https:\/\/api.w.org\/{rel}","templated":true}]}}