{"id":2127,"date":"2021-02-06T04:03:19","date_gmt":"2021-02-06T03:03:19","guid":{"rendered":"https:\/\/michaelbern.com\/product\/bomberg-bb-01-automatic-gold\/"},"modified":"2022-04-08T15:27:19","modified_gmt":"2022-04-08T13:27:19","slug":"bomberg-bb-01-automatic-gold","status":"publish","type":"product","link":"https:\/\/michaelbern.com\/en\/product\/bomberg-bb-01-automatic-gold\/","title":{"rendered":"Bomberg BB-01 Automatic Gold"},"content":{"rendered":"<p>Diese Armbanduhr, der j\u00fcngste Neuzugang in unserer Serie von Rennohren, ist elegant und geschmackvoll &#8230; reich, robust und k\u00fchn &#8211; wie Sie. Gold ist das Thema, Gold wie eine Medaille an erster Stelle, Gold wie in der Suche der Entdecker, kostbares Gold, das seit vor der Zeit der Pharaonen allgemein begehrt und gehortet wurde, die Essenz des Goldes, die vom Reichtum und vom Sieg im Rennen spricht. Dieser automatische Zeitmesser verf\u00fcgt \u00fcber ein h\u00fcbsches goldenes Edelstahlgeh\u00e4use und eine Krone bei 2 Uhr, wobei eine k\u00fchle &#8220;Granaten&#8221;-Verzierung die Seite des Geh\u00e4uses ziert. Wie die anderen St\u00fccke dieser Serie ist die Uhr mit einem Rennradmotiv mit sechs Speichen versehen. Da es sich um eine Bomberg handelt, ist jedes Detail perfekt: das Saphirglas, die Messing-Leuchtzeiger, das rennsportlich glatte Silikonarmband (oder geschmeidiges Kalbsleder, wenn Sie das bevorzugen). Nat\u00fcrlich sorgt unsere Schweizer Uhrentechnologie daf\u00fcr, dass dieser goldene Zeitmesser viele Jahre lang wie ein Charme funktioniert.<\/p>\n","protected":false},"excerpt":{"rendered":"<p>Diese Armbanduhr, der j\u00fcngste Neuzugang in unserer Serie von Rennohren, ist elegant und geschmackvoll &#8230; reich, robust und k\u00fchn &#8211; wie Sie. Gold ist das Thema, Gold wie eine Medaille an erster Stelle, Gold wie in der Suche der Entdecker, kostbares Gold, das seit vor der Zeit der Pharaonen allgemein begehrt und gehortet wurde, die [&hellip;]<\/p>\n","protected":false},"featured_media":2121,"comment_status":"open","ping_status":"closed","template":"","meta":{"inline_featured_image":false},"product_brand":[],"product_cat":[106,56],"product_tag":[],"class_list":{"0":"post-2127","1":"product","2":"type-product","3":"status-publish","4":"has-post-thumbnail","6":"product_cat-bomberg","7":"product_cat-watches","8":"post-item","10":"first","11":"outofstock","12":"taxable","13":"shipping-taxable","14":"purchasable","15":"product-type-simple"},"_links":{"self":[{"href":"https:\/\/michaelbern.com\/en\/wp-json\/wp\/v2\/product\/2127","targetHints":{"allow":["GET"]}}],"collection":[{"href":"https:\/\/michaelbern.com\/en\/wp-json\/wp\/v2\/product"}],"about":[{"href":"https:\/\/michaelbern.com\/en\/wp-json\/wp\/v2\/types\/product"}],"replies":[{"embeddable":true,"href":"https:\/\/michaelbern.com\/en\/wp-json\/wp\/v2\/comments?post=2127"}],"wp:featuredmedia":[{"embeddable":true,"href":"https:\/\/michaelbern.com\/en\/wp-json\/wp\/v2\/media\/2121"}],"wp:attachment":[{"href":"https:\/\/michaelbern.com\/en\/wp-json\/wp\/v2\/media?parent=2127"}],"wp:term":[{"taxonomy":"product_brand","embeddable":true,"href":"https:\/\/michaelbern.com\/en\/wp-json\/wp\/v2\/product_brand?post=2127"},{"taxonomy":"product_cat","embeddable":true,"href":"https:\/\/michaelbern.com\/en\/wp-json\/wp\/v2\/product_cat?post=2127"},{"taxonomy":"product_tag","embeddable":true,"href":"https:\/\/michaelbern.com\/en\/wp-json\/wp\/v2\/product_tag?post=2127"}],"curies":[{"name":"wp","href":"https:\/\/api.w.org\/{rel}","templated":true}]}}