{"id":2026,"date":"2021-02-06T04:02:09","date_gmt":"2021-02-06T03:02:09","guid":{"rendered":"https:\/\/michaelbern.com\/product\/bomberg-bb-01-pink-black-lady-2\/"},"modified":"2022-04-08T15:27:22","modified_gmt":"2022-04-08T13:27:22","slug":"bomberg-bb-01-pink-black-lady-2","status":"publish","type":"product","link":"https:\/\/michaelbern.com\/en\/product\/bomberg-bb-01-pink-black-lady-2\/","title":{"rendered":"Bomberg BB-01 Pink &#038; Black Lady"},"content":{"rendered":"<p>Eine neue Serie der Bomberg-Zeitmesser BB-01: drei Zeiger, Quarzuhrwerk, Stahlgeh\u00e4use und freche Krone am Aussengeh\u00e4use auf zwei Uhr. Dieses Modell ist haupts\u00e4chlich blau und schwarz mit einem Armband aus NATO-Stoff. Der Stundenzeiger dreht sich in einem kleinen Ziffernkreis, w\u00e4hrend der Minutenzeiger auf einen \u00e4usseren Kreis mit den angegebenen Zahlen verweist \u2013 und der Sekundenzeiger dreht sich um den gesamten Umfang. Um diese stylische Armbanduhr in eine Taschenuhr und einen echten Hingucker zu verwandeln, kaufen Sie noch die Kette dazu, die direkt am Geh\u00e4use befestigt werden kann (nicht inbegriffen). Uhrwerk, Design und Montage, alles made in Switzerland.<\/p>\n","protected":false},"excerpt":{"rendered":"<p>Eine neue Serie der Bomberg-Zeitmesser BB-01: drei Zeiger, Quarzuhrwerk, Stahlgeh\u00e4use und freche Krone am Aussengeh\u00e4use auf zwei Uhr. Dieses Modell ist haupts\u00e4chlich blau und schwarz mit einem Armband aus NATO-Stoff. Der Stundenzeiger dreht sich in einem kleinen Ziffernkreis, w\u00e4hrend der Minutenzeiger auf einen \u00e4usseren Kreis mit den angegebenen Zahlen verweist \u2013 und der Sekundenzeiger dreht [&hellip;]<\/p>\n","protected":false},"featured_media":2020,"comment_status":"open","ping_status":"closed","template":"","meta":{"inline_featured_image":false},"product_brand":[],"product_cat":[106,56,57],"product_tag":[],"class_list":{"0":"post-2026","1":"product","2":"type-product","3":"status-publish","4":"has-post-thumbnail","6":"product_cat-bomberg","7":"product_cat-watches","8":"product_cat-womens-watches","9":"post-item","11":"first","12":"outofstock","13":"taxable","14":"shipping-taxable","15":"purchasable","16":"product-type-simple"},"_links":{"self":[{"href":"https:\/\/michaelbern.com\/en\/wp-json\/wp\/v2\/product\/2026","targetHints":{"allow":["GET"]}}],"collection":[{"href":"https:\/\/michaelbern.com\/en\/wp-json\/wp\/v2\/product"}],"about":[{"href":"https:\/\/michaelbern.com\/en\/wp-json\/wp\/v2\/types\/product"}],"replies":[{"embeddable":true,"href":"https:\/\/michaelbern.com\/en\/wp-json\/wp\/v2\/comments?post=2026"}],"wp:featuredmedia":[{"embeddable":true,"href":"https:\/\/michaelbern.com\/en\/wp-json\/wp\/v2\/media\/2020"}],"wp:attachment":[{"href":"https:\/\/michaelbern.com\/en\/wp-json\/wp\/v2\/media?parent=2026"}],"wp:term":[{"taxonomy":"product_brand","embeddable":true,"href":"https:\/\/michaelbern.com\/en\/wp-json\/wp\/v2\/product_brand?post=2026"},{"taxonomy":"product_cat","embeddable":true,"href":"https:\/\/michaelbern.com\/en\/wp-json\/wp\/v2\/product_cat?post=2026"},{"taxonomy":"product_tag","embeddable":true,"href":"https:\/\/michaelbern.com\/en\/wp-json\/wp\/v2\/product_tag?post=2026"}],"curies":[{"name":"wp","href":"https:\/\/api.w.org\/{rel}","templated":true}]}}