{"id":1968,"date":"2021-02-06T04:01:32","date_gmt":"2021-02-06T03:01:32","guid":{"rendered":"https:\/\/michaelbern.com\/product\/louis-erard-1931-chronograph-titan-2\/"},"modified":"2022-04-08T15:27:24","modified_gmt":"2022-04-08T13:27:24","slug":"louis-erard-1931-chronograph-titan-2","status":"publish","type":"product","link":"https:\/\/michaelbern.com\/en\/product\/louis-erard-1931-chronograph-titan-2\/","title":{"rendered":"Louis Erard 1931 Chronograph Titan"},"content":{"rendered":"<p>Louis Erard erweitert seine Kollektion um ein neues Material: Titan. Dank seiner perfekten Ausgewogenheit zwischen Robustheit und Leichtigkeit verleiht es dem neuen Automatik-Chronographen des Hauses eine markante Pers\u00f6nlichkeit. Im Einklang mit der urspr\u00fcnglichen Philosophie der Marke greift dieses Modell die Identit\u00e4t \u2013 insbesondere das Z\u00e4hlerrad bei 12 Uhr, das unverkennbare Merkmal der Linie 1931 \u2013 auf und gliedert sie in eine moderne und sportliche Interpretation ein.<\/p>\n","protected":false},"excerpt":{"rendered":"<p>Louis Erard erweitert seine Kollektion um ein neues Material: Titan. Dank seiner perfekten Ausgewogenheit zwischen Robustheit und Leichtigkeit verleiht es dem neuen Automatik-Chronographen des Hauses eine markante Pers\u00f6nlichkeit. Im Einklang mit der urspr\u00fcnglichen Philosophie der Marke greift dieses Modell die Identit\u00e4t \u2013 insbesondere das Z\u00e4hlerrad bei 12 Uhr, das unverkennbare Merkmal der Linie 1931 \u2013 [&hellip;]<\/p>\n","protected":false},"featured_media":1962,"comment_status":"open","ping_status":"closed","template":"","meta":{"inline_featured_image":false},"product_brand":[],"product_cat":[105,56],"product_tag":[],"class_list":{"0":"post-1968","1":"product","2":"type-product","3":"status-publish","4":"has-post-thumbnail","6":"product_cat-louis-erard","7":"product_cat-watches","8":"post-item","10":"first","11":"outofstock","12":"taxable","13":"shipping-taxable","14":"purchasable","15":"product-type-simple"},"_links":{"self":[{"href":"https:\/\/michaelbern.com\/en\/wp-json\/wp\/v2\/product\/1968","targetHints":{"allow":["GET"]}}],"collection":[{"href":"https:\/\/michaelbern.com\/en\/wp-json\/wp\/v2\/product"}],"about":[{"href":"https:\/\/michaelbern.com\/en\/wp-json\/wp\/v2\/types\/product"}],"replies":[{"embeddable":true,"href":"https:\/\/michaelbern.com\/en\/wp-json\/wp\/v2\/comments?post=1968"}],"wp:featuredmedia":[{"embeddable":true,"href":"https:\/\/michaelbern.com\/en\/wp-json\/wp\/v2\/media\/1962"}],"wp:attachment":[{"href":"https:\/\/michaelbern.com\/en\/wp-json\/wp\/v2\/media?parent=1968"}],"wp:term":[{"taxonomy":"product_brand","embeddable":true,"href":"https:\/\/michaelbern.com\/en\/wp-json\/wp\/v2\/product_brand?post=1968"},{"taxonomy":"product_cat","embeddable":true,"href":"https:\/\/michaelbern.com\/en\/wp-json\/wp\/v2\/product_cat?post=1968"},{"taxonomy":"product_tag","embeddable":true,"href":"https:\/\/michaelbern.com\/en\/wp-json\/wp\/v2\/product_tag?post=1968"}],"curies":[{"name":"wp","href":"https:\/\/api.w.org\/{rel}","templated":true}]}}