{"id":1957,"date":"2021-02-06T04:01:25","date_gmt":"2021-02-06T03:01:25","guid":{"rendered":"https:\/\/michaelbern.com\/product\/louis-erard-heritage-open-heart-blau\/"},"modified":"2022-04-08T15:27:25","modified_gmt":"2022-04-08T13:27:25","slug":"louis-erard-heritage-open-heart-blau","status":"publish","type":"product","link":"https:\/\/michaelbern.com\/en\/product\/louis-erard-heritage-open-heart-blau\/","title":{"rendered":"Louis Erard H\u00e9ritage Open Heart Blau"},"content":{"rendered":"<p>Ein blaues Sonnenschliff-Zifferblatt, das sich auf der Kontur progressiv nach schwarz abschattet, verleiht der H\u00e9ritage von Louis Erard Tiefe und Intensit\u00e4t. Inspiriert von der Natur, der Reinheit des Schweizer Juras und genauer gesagt von der magischen \u201eblauen Stunde\u201c, verweist sie auf die Zeit, nachdem die Sonne unter den Horizont sinkt und der Himmel f\u00fcr eine Weile in tiefes Blau \u00fcbergeht. Ihre innere Sch\u00f6nheit, ein edles Automatikwerk, ist durch ein Fenster auf der magischen Stunde Zw\u00f6lf zu sehen. Die H\u00e9ritage von Louis Erard ist ein voller Erfolg: die perfekte Synthese zwischen klassischem Zeitmesser und moderner Uhr, deren Automatikwerk Sellita SW200-1 h\u00f6chste Anspr\u00fcche erf\u00fcllt.<\/p>\n","protected":false},"excerpt":{"rendered":"<p>Ein blaues Sonnenschliff-Zifferblatt, das sich auf der Kontur progressiv nach schwarz abschattet, verleiht der H\u00e9ritage von Louis Erard Tiefe und Intensit\u00e4t. Inspiriert von der Natur, der Reinheit des Schweizer Juras und genauer gesagt von der magischen \u201eblauen Stunde\u201c, verweist sie auf die Zeit, nachdem die Sonne unter den Horizont sinkt und der Himmel f\u00fcr eine [&hellip;]<\/p>\n","protected":false},"featured_media":1952,"comment_status":"open","ping_status":"closed","template":"","meta":{"inline_featured_image":false},"product_brand":[],"product_cat":[105,56],"product_tag":[],"class_list":{"0":"post-1957","1":"product","2":"type-product","3":"status-publish","4":"has-post-thumbnail","6":"product_cat-louis-erard","7":"product_cat-watches","8":"post-item","10":"first","11":"outofstock","12":"taxable","13":"shipping-taxable","14":"purchasable","15":"product-type-simple"},"_links":{"self":[{"href":"https:\/\/michaelbern.com\/en\/wp-json\/wp\/v2\/product\/1957","targetHints":{"allow":["GET"]}}],"collection":[{"href":"https:\/\/michaelbern.com\/en\/wp-json\/wp\/v2\/product"}],"about":[{"href":"https:\/\/michaelbern.com\/en\/wp-json\/wp\/v2\/types\/product"}],"replies":[{"embeddable":true,"href":"https:\/\/michaelbern.com\/en\/wp-json\/wp\/v2\/comments?post=1957"}],"wp:featuredmedia":[{"embeddable":true,"href":"https:\/\/michaelbern.com\/en\/wp-json\/wp\/v2\/media\/1952"}],"wp:attachment":[{"href":"https:\/\/michaelbern.com\/en\/wp-json\/wp\/v2\/media?parent=1957"}],"wp:term":[{"taxonomy":"product_brand","embeddable":true,"href":"https:\/\/michaelbern.com\/en\/wp-json\/wp\/v2\/product_brand?post=1957"},{"taxonomy":"product_cat","embeddable":true,"href":"https:\/\/michaelbern.com\/en\/wp-json\/wp\/v2\/product_cat?post=1957"},{"taxonomy":"product_tag","embeddable":true,"href":"https:\/\/michaelbern.com\/en\/wp-json\/wp\/v2\/product_tag?post=1957"}],"curies":[{"name":"wp","href":"https:\/\/api.w.org\/{rel}","templated":true}]}}