{"id":1789,"date":"2021-02-06T03:59:39","date_gmt":"2021-02-06T02:59:39","guid":{"rendered":"https:\/\/michaelbern.com\/product\/mido-commander-automatik-chronograph\/"},"modified":"2022-04-08T15:27:30","modified_gmt":"2022-04-08T13:27:30","slug":"mido-commander-automatik-chronograph","status":"publish","type":"product","link":"https:\/\/michaelbern.com\/en\/product\/mido-commander-automatik-chronograph\/","title":{"rendered":"Mido Commander Automatik Chronograph"},"content":{"rendered":"<p>Das feine, runde Geh\u00e4use aus Stahl verleiht der Commander-Kollektion eine einzigartige Form mit hohem Wiedererkennungswert \u2013 so wie der Eiffelturm. Wie Letzterer ist auch sie ein Symbol der ewigen Jugend, an dem die Zeit scheinbar spurlos vorbeizieht. Ihre aussergew\u00f6hnliche Langlebigkeit ist ein klares Erfolgszeichen: Seit 1959 wird die Commander ununterbrochen durch Mido gefertigt. Sie hat mehr als f\u00fcnf Jahrzehnte \u00fcberdauert und konnte dabei ihre unverkennbare Identit\u00e4t bewahren, die ihr Erfolgsgeheimnis ist. So wie der Eiffelturm das Wahrzeichen von Paris ist, wurde die Commander ein Symbol f\u00fcr Schweizer Uhrmachertradition und Know-how. Ihr schlichtes Design bringt die Philosophie von Mido auf optimale Weise zum Ausdruck: timelessness is a mark of true design.<\/p>\n","protected":false},"excerpt":{"rendered":"<p>Das feine, runde Geh\u00e4use aus Stahl verleiht der Commander-Kollektion eine einzigartige Form mit hohem Wiedererkennungswert \u2013 so wie der Eiffelturm. Wie Letzterer ist auch sie ein Symbol der ewigen Jugend, an dem die Zeit scheinbar spurlos vorbeizieht. Ihre aussergew\u00f6hnliche Langlebigkeit ist ein klares Erfolgszeichen: Seit 1959 wird die Commander ununterbrochen durch Mido gefertigt. Sie hat [&hellip;]<\/p>\n","protected":false},"featured_media":1781,"comment_status":"open","ping_status":"closed","template":"","meta":{"inline_featured_image":false},"product_brand":[],"product_cat":[104,56],"product_tag":[],"class_list":{"0":"post-1789","1":"product","2":"type-product","3":"status-publish","4":"has-post-thumbnail","6":"product_cat-mido","7":"product_cat-watches","8":"post-item","10":"first","11":"outofstock","12":"taxable","13":"shipping-taxable","14":"purchasable","15":"product-type-simple"},"_links":{"self":[{"href":"https:\/\/michaelbern.com\/en\/wp-json\/wp\/v2\/product\/1789","targetHints":{"allow":["GET"]}}],"collection":[{"href":"https:\/\/michaelbern.com\/en\/wp-json\/wp\/v2\/product"}],"about":[{"href":"https:\/\/michaelbern.com\/en\/wp-json\/wp\/v2\/types\/product"}],"replies":[{"embeddable":true,"href":"https:\/\/michaelbern.com\/en\/wp-json\/wp\/v2\/comments?post=1789"}],"wp:featuredmedia":[{"embeddable":true,"href":"https:\/\/michaelbern.com\/en\/wp-json\/wp\/v2\/media\/1781"}],"wp:attachment":[{"href":"https:\/\/michaelbern.com\/en\/wp-json\/wp\/v2\/media?parent=1789"}],"wp:term":[{"taxonomy":"product_brand","embeddable":true,"href":"https:\/\/michaelbern.com\/en\/wp-json\/wp\/v2\/product_brand?post=1789"},{"taxonomy":"product_cat","embeddable":true,"href":"https:\/\/michaelbern.com\/en\/wp-json\/wp\/v2\/product_cat?post=1789"},{"taxonomy":"product_tag","embeddable":true,"href":"https:\/\/michaelbern.com\/en\/wp-json\/wp\/v2\/product_tag?post=1789"}],"curies":[{"name":"wp","href":"https:\/\/api.w.org\/{rel}","templated":true}]}}