{"id":1755,"date":"2021-02-06T03:59:18","date_gmt":"2021-02-06T02:59:18","guid":{"rendered":"https:\/\/michaelbern.com\/product\/mido-multifort-automatik-chronograph-4\/"},"modified":"2022-04-08T15:27:31","modified_gmt":"2022-04-08T13:27:31","slug":"mido-multifort-automatik-chronograph-4","status":"publish","type":"product","link":"https:\/\/michaelbern.com\/en\/product\/mido-multifort-automatik-chronograph-4\/","title":{"rendered":"Mido Multifort Automatik Chronograph"},"content":{"rendered":"<p>Die Kollektion Multifort wurde 1934 \u2013 genau zwei Jahre nach Vollendung der Hafenbr\u00fccke von Sydney \u2013 herausgebracht und besitzt dieselben bemerkenswerten Eigenschaften wie das ber\u00fchmte Bauwerk: Beide sind beispielhaft f\u00fcr die perfekte Verbindung von Funktionalit\u00e4t und \u00c4sthetik. Die Zeit konnte diese Wahrheit nur best\u00e4rken, da Mido 2014 das 80. Jubil\u00e4um der Produktion dieser legend\u00e4ren Kollektion feierte, die damit zu den zeitlich l\u00e4ngsten Produktionen der Schweizer Uhrmachergeschichte z\u00e4hlt.<\/p>\n","protected":false},"excerpt":{"rendered":"<p>Die Kollektion Multifort wurde 1934 \u2013 genau zwei Jahre nach Vollendung der Hafenbr\u00fccke von Sydney \u2013 herausgebracht und besitzt dieselben bemerkenswerten Eigenschaften wie das ber\u00fchmte Bauwerk: Beide sind beispielhaft f\u00fcr die perfekte Verbindung von Funktionalit\u00e4t und \u00c4sthetik. Die Zeit konnte diese Wahrheit nur best\u00e4rken, da Mido 2014 das 80. Jubil\u00e4um der Produktion dieser legend\u00e4ren Kollektion [&hellip;]<\/p>\n","protected":false},"featured_media":1749,"comment_status":"open","ping_status":"closed","template":"","meta":{"inline_featured_image":false},"product_brand":[],"product_cat":[104,56],"product_tag":[],"class_list":{"0":"post-1755","1":"product","2":"type-product","3":"status-publish","4":"has-post-thumbnail","6":"product_cat-mido","7":"product_cat-watches","8":"post-item","10":"first","11":"outofstock","12":"taxable","13":"shipping-taxable","14":"purchasable","15":"product-type-simple"},"_links":{"self":[{"href":"https:\/\/michaelbern.com\/en\/wp-json\/wp\/v2\/product\/1755","targetHints":{"allow":["GET"]}}],"collection":[{"href":"https:\/\/michaelbern.com\/en\/wp-json\/wp\/v2\/product"}],"about":[{"href":"https:\/\/michaelbern.com\/en\/wp-json\/wp\/v2\/types\/product"}],"replies":[{"embeddable":true,"href":"https:\/\/michaelbern.com\/en\/wp-json\/wp\/v2\/comments?post=1755"}],"wp:featuredmedia":[{"embeddable":true,"href":"https:\/\/michaelbern.com\/en\/wp-json\/wp\/v2\/media\/1749"}],"wp:attachment":[{"href":"https:\/\/michaelbern.com\/en\/wp-json\/wp\/v2\/media?parent=1755"}],"wp:term":[{"taxonomy":"product_brand","embeddable":true,"href":"https:\/\/michaelbern.com\/en\/wp-json\/wp\/v2\/product_brand?post=1755"},{"taxonomy":"product_cat","embeddable":true,"href":"https:\/\/michaelbern.com\/en\/wp-json\/wp\/v2\/product_cat?post=1755"},{"taxonomy":"product_tag","embeddable":true,"href":"https:\/\/michaelbern.com\/en\/wp-json\/wp\/v2\/product_tag?post=1755"}],"curies":[{"name":"wp","href":"https:\/\/api.w.org\/{rel}","templated":true}]}}