{"id":1721,"date":"2021-02-06T03:58:57","date_gmt":"2021-02-06T02:58:57","guid":{"rendered":"https:\/\/michaelbern.com\/product\/mido-multifort-dual-time-automatik\/"},"modified":"2022-04-08T15:27:32","modified_gmt":"2022-04-08T13:27:32","slug":"mido-multifort-dual-time-automatik","status":"publish","type":"product","link":"https:\/\/michaelbern.com\/en\/product\/mido-multifort-dual-time-automatik\/","title":{"rendered":"Mido Multifort Dual Time Automatik"},"content":{"rendered":"<p>Die Kollektion Multifort wurde 1934 \u2013 genau zwei Jahre nach Vollendung der Hafenbr\u00fccke von Sydney \u2013herausgebracht und besitzt dieselben bemerkenswerten Eigenschaften wie das ber\u00fchmte Bauwerk: ein perfekter Kompromiss zwischen Funktionalit\u00e4t und \u00c4sthetik. Die Zeit konnte diese Wahrheit nur best\u00e4rken, da Mido 2014 das 80. Jubil\u00e4um der Produktion dieser legend\u00e4ren Kollektion feierte, die damit zu den zeitlich l\u00e4ngsten Produktionen der Schweizer Uhrmachergeschichte z\u00e4hlt. Eine robuste und sportliche Ausstrahlung, rassiges Design und unfehlbare Pr\u00e4zision in einem: Die Multifort Automatik Chronograph Caliber 60 ist ein Zeitmesser mit ungest\u00fcmem Charakter. Sie findet ihren Platz am Handgelenk aller Sport-Liebhaber und insbesondere von Fans des Motorsports.<\/p>\n","protected":false},"excerpt":{"rendered":"<p>Die Kollektion Multifort wurde 1934 \u2013 genau zwei Jahre nach Vollendung der Hafenbr\u00fccke von Sydney \u2013herausgebracht und besitzt dieselben bemerkenswerten Eigenschaften wie das ber\u00fchmte Bauwerk: ein perfekter Kompromiss zwischen Funktionalit\u00e4t und \u00c4sthetik. Die Zeit konnte diese Wahrheit nur best\u00e4rken, da Mido 2014 das 80. Jubil\u00e4um der Produktion dieser legend\u00e4ren Kollektion feierte, die damit zu den [&hellip;]<\/p>\n","protected":false},"featured_media":1715,"comment_status":"open","ping_status":"closed","template":"","meta":{"inline_featured_image":false},"product_brand":[],"product_cat":[104,56],"product_tag":[],"class_list":{"0":"post-1721","1":"product","2":"type-product","3":"status-publish","4":"has-post-thumbnail","6":"product_cat-mido","7":"product_cat-watches","8":"post-item","10":"first","11":"outofstock","12":"taxable","13":"shipping-taxable","14":"purchasable","15":"product-type-simple"},"_links":{"self":[{"href":"https:\/\/michaelbern.com\/en\/wp-json\/wp\/v2\/product\/1721","targetHints":{"allow":["GET"]}}],"collection":[{"href":"https:\/\/michaelbern.com\/en\/wp-json\/wp\/v2\/product"}],"about":[{"href":"https:\/\/michaelbern.com\/en\/wp-json\/wp\/v2\/types\/product"}],"replies":[{"embeddable":true,"href":"https:\/\/michaelbern.com\/en\/wp-json\/wp\/v2\/comments?post=1721"}],"wp:featuredmedia":[{"embeddable":true,"href":"https:\/\/michaelbern.com\/en\/wp-json\/wp\/v2\/media\/1715"}],"wp:attachment":[{"href":"https:\/\/michaelbern.com\/en\/wp-json\/wp\/v2\/media?parent=1721"}],"wp:term":[{"taxonomy":"product_brand","embeddable":true,"href":"https:\/\/michaelbern.com\/en\/wp-json\/wp\/v2\/product_brand?post=1721"},{"taxonomy":"product_cat","embeddable":true,"href":"https:\/\/michaelbern.com\/en\/wp-json\/wp\/v2\/product_cat?post=1721"},{"taxonomy":"product_tag","embeddable":true,"href":"https:\/\/michaelbern.com\/en\/wp-json\/wp\/v2\/product_tag?post=1721"}],"curies":[{"name":"wp","href":"https:\/\/api.w.org\/{rel}","templated":true}]}}