{"id":1680,"date":"2021-02-06T03:58:32","date_gmt":"2021-02-06T02:58:32","guid":{"rendered":"https:\/\/michaelbern.com\/product\/mido-belluna-heures-minutes-decentrees\/"},"modified":"2022-04-08T15:27:33","modified_gmt":"2022-04-08T13:27:33","slug":"mido-belluna-heures-minutes-decentrees","status":"publish","type":"product","link":"https:\/\/michaelbern.com\/en\/product\/mido-belluna-heures-minutes-decentrees\/","title":{"rendered":"Mido Belluna Heures &#038; Minutes D\u00e9centr\u00e9es"},"content":{"rendered":"<p>Die 1871 zur F\u00f6rderung der K\u00fcnste und Wissenschaften eingeweihte Royal Albert Hall in London ist heute einer der bekanntesten Konzerts\u00e4le Grossbritanniens. Das in einem rein viktorianischen Stil errichtete immense Bauwerk aus rotem Backstein besteht aus verschiedenen konzentrischen Kreisen. Eine geschwungene Architektur voller Rundungen, die in der Mitte von einer imposanten Glaskuppel \u00fcberragt wird. Die Kollektion Belluna dr\u00fcckt ganz im Zeichen dieses prachtvollen Bauwerks eine perfekte Formharmonie aus und bringt ihre klassische und zeitlose Eleganz optimal zur Geltung.<\/p>\n","protected":false},"excerpt":{"rendered":"<p>Die 1871 zur F\u00f6rderung der K\u00fcnste und Wissenschaften eingeweihte Royal Albert Hall in London ist heute einer der bekanntesten Konzerts\u00e4le Grossbritanniens. Das in einem rein viktorianischen Stil errichtete immense Bauwerk aus rotem Backstein besteht aus verschiedenen konzentrischen Kreisen. Eine geschwungene Architektur voller Rundungen, die in der Mitte von einer imposanten Glaskuppel \u00fcberragt wird. Die Kollektion [&hellip;]<\/p>\n","protected":false},"featured_media":1672,"comment_status":"open","ping_status":"closed","template":"","meta":{"inline_featured_image":false},"product_brand":[],"product_cat":[104,56],"product_tag":[],"class_list":{"0":"post-1680","1":"product","2":"type-product","3":"status-publish","4":"has-post-thumbnail","6":"product_cat-mido","7":"product_cat-watches","8":"post-item","10":"first","11":"outofstock","12":"taxable","13":"shipping-taxable","14":"purchasable","15":"product-type-simple"},"_links":{"self":[{"href":"https:\/\/michaelbern.com\/en\/wp-json\/wp\/v2\/product\/1680","targetHints":{"allow":["GET"]}}],"collection":[{"href":"https:\/\/michaelbern.com\/en\/wp-json\/wp\/v2\/product"}],"about":[{"href":"https:\/\/michaelbern.com\/en\/wp-json\/wp\/v2\/types\/product"}],"replies":[{"embeddable":true,"href":"https:\/\/michaelbern.com\/en\/wp-json\/wp\/v2\/comments?post=1680"}],"wp:featuredmedia":[{"embeddable":true,"href":"https:\/\/michaelbern.com\/en\/wp-json\/wp\/v2\/media\/1672"}],"wp:attachment":[{"href":"https:\/\/michaelbern.com\/en\/wp-json\/wp\/v2\/media?parent=1680"}],"wp:term":[{"taxonomy":"product_brand","embeddable":true,"href":"https:\/\/michaelbern.com\/en\/wp-json\/wp\/v2\/product_brand?post=1680"},{"taxonomy":"product_cat","embeddable":true,"href":"https:\/\/michaelbern.com\/en\/wp-json\/wp\/v2\/product_cat?post=1680"},{"taxonomy":"product_tag","embeddable":true,"href":"https:\/\/michaelbern.com\/en\/wp-json\/wp\/v2\/product_tag?post=1680"}],"curies":[{"name":"wp","href":"https:\/\/api.w.org\/{rel}","templated":true}]}}