{"id":1513,"date":"2021-02-06T03:56:48","date_gmt":"2021-02-06T02:56:48","guid":{"rendered":"https:\/\/michaelbern.com\/product\/swiss-military-hanowa-flagship-racer-5\/"},"modified":"2022-04-08T15:27:39","modified_gmt":"2022-04-08T13:27:39","slug":"swiss-military-hanowa-flagship-racer-5","status":"publish","type":"product","link":"https:\/\/michaelbern.com\/en\/product\/swiss-military-hanowa-flagship-racer-5\/","title":{"rendered":"Swiss Military Hanowa Flagship Racer"},"content":{"rendered":"<p>Die\u00a0Flagship Racer von Swiss Military Hanowa \u00fcberzeugt durch sein sportliches und unverkennbarem Design. Ein erstklassiges Schweizer Quarzwerk (Ronda 505) sorgt f\u00fcr eine pr\u00e4zise Zeitmessung. Ein hochwertiges Edelstahlgeh\u00e4use (\u00d8 42 mm) mit einem einzigartigen Zifferblatt-Design, beeindruckt durch seine unverkennbare Karbon-Struktur. Die farbige L\u00fcnette unterstreicht die Sportlichkeit der Flagship Racer.<\/p>\n","protected":false},"excerpt":{"rendered":"<p>Die\u00a0Flagship Racer von Swiss Military Hanowa \u00fcberzeugt durch sein sportliches und unverkennbarem Design. Ein erstklassiges Schweizer Quarzwerk (Ronda 505) sorgt f\u00fcr eine pr\u00e4zise Zeitmessung. Ein hochwertiges Edelstahlgeh\u00e4use (\u00d8 42 mm) mit einem einzigartigen Zifferblatt-Design, beeindruckt durch seine unverkennbare Karbon-Struktur. Die farbige L\u00fcnette unterstreicht die Sportlichkeit der Flagship Racer.<\/p>\n","protected":false},"featured_media":1510,"comment_status":"open","ping_status":"closed","template":"","meta":{"inline_featured_image":false},"product_brand":[],"product_cat":[103,56],"product_tag":[],"class_list":{"0":"post-1513","1":"product","2":"type-product","3":"status-publish","4":"has-post-thumbnail","6":"product_cat-swiss-military-hanowa","7":"product_cat-watches","8":"post-item","10":"first","11":"outofstock","12":"taxable","13":"shipping-taxable","14":"purchasable","15":"product-type-simple"},"_links":{"self":[{"href":"https:\/\/michaelbern.com\/en\/wp-json\/wp\/v2\/product\/1513","targetHints":{"allow":["GET"]}}],"collection":[{"href":"https:\/\/michaelbern.com\/en\/wp-json\/wp\/v2\/product"}],"about":[{"href":"https:\/\/michaelbern.com\/en\/wp-json\/wp\/v2\/types\/product"}],"replies":[{"embeddable":true,"href":"https:\/\/michaelbern.com\/en\/wp-json\/wp\/v2\/comments?post=1513"}],"wp:featuredmedia":[{"embeddable":true,"href":"https:\/\/michaelbern.com\/en\/wp-json\/wp\/v2\/media\/1510"}],"wp:attachment":[{"href":"https:\/\/michaelbern.com\/en\/wp-json\/wp\/v2\/media?parent=1513"}],"wp:term":[{"taxonomy":"product_brand","embeddable":true,"href":"https:\/\/michaelbern.com\/en\/wp-json\/wp\/v2\/product_brand?post=1513"},{"taxonomy":"product_cat","embeddable":true,"href":"https:\/\/michaelbern.com\/en\/wp-json\/wp\/v2\/product_cat?post=1513"},{"taxonomy":"product_tag","embeddable":true,"href":"https:\/\/michaelbern.com\/en\/wp-json\/wp\/v2\/product_tag?post=1513"}],"curies":[{"name":"wp","href":"https:\/\/api.w.org\/{rel}","templated":true}]}}