{"id":1472,"date":"2021-02-06T03:56:23","date_gmt":"2021-02-06T02:56:23","guid":{"rendered":"https:\/\/michaelbern.com\/product\/swiss-military-hanowa-flagship-racer-chronograph-3\/"},"modified":"2022-04-08T15:27:41","modified_gmt":"2022-04-08T13:27:41","slug":"swiss-military-hanowa-flagship-racer-chronograph-3","status":"publish","type":"product","link":"https:\/\/michaelbern.com\/en\/product\/swiss-military-hanowa-flagship-racer-chronograph-3\/","title":{"rendered":"Swiss Military Hanowa Flagship Racer Chronograph"},"content":{"rendered":"<p>Die Flagship Racer Chronograph \u00fcberzeugt durch sein sportliches und unverkennbarem Design. Ein erstklassiges Schweizer Quarz-Chronograph Uhrwerk sorgt f\u00fcr eine pr\u00e4zise Zeitmessung. Das hochwertige Edelstahlgeh\u00e4use umschliesst ein einzigartiges Zifferblatt-Design, welches durch seine unverkennbare Karbon-Struktur beeindruckt. Dieses bildet die perfekte Basis, um eine beeindruckende Palette von Funktionen in Szene zu setzen: drei Totalisatoren f\u00fcr die laufenden Stunden, eine 30-Minuten und 1\/5 Sekunden. Das Datumsfenster bei 4 Uhr erweitert die Funktionalit\u00e4t dieser Uhr noch zus\u00e4tzlich. Die farbige L\u00fcnette unterstreicht die Sportlichkeit der Flagship Racer Chronograph. Als besonderes Zeichen der Swiss Made Qualit\u00e4t tr\u00e4gt die Uhr das Schweizer Emblem auf dem mit Saphirglas gesch\u00fctzten Zifferblatt. Die Leuchtzeiger und -indexe erlauben ein einfaches Ablesen der Zeit.<\/p>\n","protected":false},"excerpt":{"rendered":"<p>Die Flagship Racer Chronograph \u00fcberzeugt durch sein sportliches und unverkennbarem Design. Ein erstklassiges Schweizer Quarz-Chronograph Uhrwerk sorgt f\u00fcr eine pr\u00e4zise Zeitmessung. Das hochwertige Edelstahlgeh\u00e4use umschliesst ein einzigartiges Zifferblatt-Design, welches durch seine unverkennbare Karbon-Struktur beeindruckt. Dieses bildet die perfekte Basis, um eine beeindruckende Palette von Funktionen in Szene zu setzen: drei Totalisatoren f\u00fcr die laufenden Stunden, [&hellip;]<\/p>\n","protected":false},"featured_media":1468,"comment_status":"open","ping_status":"closed","template":"","meta":{"inline_featured_image":false},"product_brand":[],"product_cat":[103,56],"product_tag":[],"class_list":{"0":"post-1472","1":"product","2":"type-product","3":"status-publish","4":"has-post-thumbnail","6":"product_cat-swiss-military-hanowa","7":"product_cat-watches","8":"post-item","10":"first","11":"outofstock","12":"taxable","13":"shipping-taxable","14":"purchasable","15":"product-type-simple"},"_links":{"self":[{"href":"https:\/\/michaelbern.com\/en\/wp-json\/wp\/v2\/product\/1472","targetHints":{"allow":["GET"]}}],"collection":[{"href":"https:\/\/michaelbern.com\/en\/wp-json\/wp\/v2\/product"}],"about":[{"href":"https:\/\/michaelbern.com\/en\/wp-json\/wp\/v2\/types\/product"}],"replies":[{"embeddable":true,"href":"https:\/\/michaelbern.com\/en\/wp-json\/wp\/v2\/comments?post=1472"}],"wp:featuredmedia":[{"embeddable":true,"href":"https:\/\/michaelbern.com\/en\/wp-json\/wp\/v2\/media\/1468"}],"wp:attachment":[{"href":"https:\/\/michaelbern.com\/en\/wp-json\/wp\/v2\/media?parent=1472"}],"wp:term":[{"taxonomy":"product_brand","embeddable":true,"href":"https:\/\/michaelbern.com\/en\/wp-json\/wp\/v2\/product_brand?post=1472"},{"taxonomy":"product_cat","embeddable":true,"href":"https:\/\/michaelbern.com\/en\/wp-json\/wp\/v2\/product_cat?post=1472"},{"taxonomy":"product_tag","embeddable":true,"href":"https:\/\/michaelbern.com\/en\/wp-json\/wp\/v2\/product_tag?post=1472"}],"curies":[{"name":"wp","href":"https:\/\/api.w.org\/{rel}","templated":true}]}}