{"id":1269,"date":"2021-02-06T03:54:20","date_gmt":"2021-02-06T02:54:20","guid":{"rendered":"https:\/\/michaelbern.com\/product\/luminox-atacama-field-automatic-1900-series\/"},"modified":"2022-04-08T15:27:50","modified_gmt":"2022-04-08T13:27:50","slug":"luminox-atacama-field-automatic-1900-series","status":"publish","type":"product","link":"https:\/\/michaelbern.com\/en\/product\/luminox-atacama-field-automatic-1900-series\/","title":{"rendered":"Luminox Atacama Field Automatic 1900 Series"},"content":{"rendered":"<p>Luminox ist stolz, die neue Atacama Field Automatic 1900 Serie, die neueste Erg\u00e4nzung der LAND-Kollektion der Marke, ank\u00fcndigen zu k\u00f6nnen. Bestehend aus drei Modellen, bietet die Serie mehrere Armbandoptionen und eine scharfe, moderne \u00c4sthetik. Diese Herrenuhr verf\u00fcgt \u00fcber ein Automatikwerk, ein 44mm Edelstahlgeh\u00e4use und eine verschraubte Krone. Zu den weitere Highlights geh\u00f6ren eine erh\u00f6hte Wasserdichtigkeit bis zu 20 ATM, ein gew\u00f6lbtes und kratzfeste Saphirglas und drei robuste Armbandoptionen: olivgr\u00fcnes Stoffarmband, schwarzes Echtleder und Edelstahl. Die Farben dieser Serie zeichnen sich durch eine klare, moderne \u00c4sthetik aus, wobei das Lederarmband und das Edelstahlarmband ein schwarzes und silbernes Zifferblatt tragen, w\u00e4hrend das Stoffarmband ein elfenbeinfarbenes Zifferblatt aufweist.<\/p>\n","protected":false},"excerpt":{"rendered":"<p>Luminox ist stolz, die neue Atacama Field Automatic 1900 Serie, die neueste Erg\u00e4nzung der LAND-Kollektion der Marke, ank\u00fcndigen zu k\u00f6nnen. Bestehend aus drei Modellen, bietet die Serie mehrere Armbandoptionen und eine scharfe, moderne \u00c4sthetik. Diese Herrenuhr verf\u00fcgt \u00fcber ein Automatikwerk, ein 44mm Edelstahlgeh\u00e4use und eine verschraubte Krone. Zu den weitere Highlights geh\u00f6ren eine erh\u00f6hte Wasserdichtigkeit [&hellip;]<\/p>\n","protected":false},"featured_media":1261,"comment_status":"open","ping_status":"closed","template":"","meta":{"inline_featured_image":false},"product_brand":[],"product_cat":[102,56],"product_tag":[],"class_list":{"0":"post-1269","1":"product","2":"type-product","3":"status-publish","4":"has-post-thumbnail","6":"product_cat-luminox","7":"product_cat-watches","8":"post-item","10":"first","11":"outofstock","12":"taxable","13":"shipping-taxable","14":"purchasable","15":"product-type-simple"},"_links":{"self":[{"href":"https:\/\/michaelbern.com\/en\/wp-json\/wp\/v2\/product\/1269","targetHints":{"allow":["GET"]}}],"collection":[{"href":"https:\/\/michaelbern.com\/en\/wp-json\/wp\/v2\/product"}],"about":[{"href":"https:\/\/michaelbern.com\/en\/wp-json\/wp\/v2\/types\/product"}],"replies":[{"embeddable":true,"href":"https:\/\/michaelbern.com\/en\/wp-json\/wp\/v2\/comments?post=1269"}],"wp:featuredmedia":[{"embeddable":true,"href":"https:\/\/michaelbern.com\/en\/wp-json\/wp\/v2\/media\/1261"}],"wp:attachment":[{"href":"https:\/\/michaelbern.com\/en\/wp-json\/wp\/v2\/media?parent=1269"}],"wp:term":[{"taxonomy":"product_brand","embeddable":true,"href":"https:\/\/michaelbern.com\/en\/wp-json\/wp\/v2\/product_brand?post=1269"},{"taxonomy":"product_cat","embeddable":true,"href":"https:\/\/michaelbern.com\/en\/wp-json\/wp\/v2\/product_cat?post=1269"},{"taxonomy":"product_tag","embeddable":true,"href":"https:\/\/michaelbern.com\/en\/wp-json\/wp\/v2\/product_tag?post=1269"}],"curies":[{"name":"wp","href":"https:\/\/api.w.org\/{rel}","templated":true}]}}