{"id":1185,"date":"2021-02-06T03:53:29","date_gmt":"2021-02-06T02:53:29","guid":{"rendered":"https:\/\/michaelbern.com\/product\/luminox-ice-sar-arctic-1200-series-3\/"},"modified":"2022-04-08T15:27:52","modified_gmt":"2022-04-08T13:27:52","slug":"luminox-ice-sar-arctic-1200-series-3","status":"publish","type":"product","link":"https:\/\/michaelbern.com\/en\/product\/luminox-ice-sar-arctic-1200-series-3\/","title":{"rendered":"Luminox Ice Sar Arctic 1200 Series"},"content":{"rendered":"<p>Nach dem ph\u00e4nomenalen Erfolg im Jahr 2018 stellt Luminox die neuen Edelstahlmodelle der Arctic 1200 Serie in der ICE-SAR-Linie vor, komplett mit interessanten Details und neuen Farben.<br \/>\nDer Blickfang ist die ICE-SAR Arctic 1200 mit dem blauen Geh\u00e4use auf einem Textilband, aber dieses Modell ist auch in vier weiteren Varianten erh\u00e4ltlich: schwarz auf Textilband, schwarz auf Stahlband, silber auf Textilband und auf einem Stahlband. Das Textilband ist mit einem reflektierenden Material versehen, das in das Textil eingebettet ist, um zus\u00e4tzliche Sicherheit bei Nacht zu gew\u00e4hrleisten. Es \u00e4hnelt der Kleidung, die die ICE-SAR-Teams tragen.<\/p>\n","protected":false},"excerpt":{"rendered":"<p>Nach dem ph\u00e4nomenalen Erfolg im Jahr 2018 stellt Luminox die neuen Edelstahlmodelle der Arctic 1200 Serie in der ICE-SAR-Linie vor, komplett mit interessanten Details und neuen Farben. Der Blickfang ist die ICE-SAR Arctic 1200 mit dem blauen Geh\u00e4use auf einem Textilband, aber dieses Modell ist auch in vier weiteren Varianten erh\u00e4ltlich: schwarz auf Textilband, schwarz [&hellip;]<\/p>\n","protected":false},"featured_media":1179,"comment_status":"open","ping_status":"closed","template":"","meta":{"inline_featured_image":false},"product_brand":[],"product_cat":[102,56],"product_tag":[],"class_list":{"0":"post-1185","1":"product","2":"type-product","3":"status-publish","4":"has-post-thumbnail","6":"product_cat-luminox","7":"product_cat-watches","8":"post-item","10":"first","11":"outofstock","12":"taxable","13":"shipping-taxable","14":"purchasable","15":"product-type-simple"},"_links":{"self":[{"href":"https:\/\/michaelbern.com\/en\/wp-json\/wp\/v2\/product\/1185","targetHints":{"allow":["GET"]}}],"collection":[{"href":"https:\/\/michaelbern.com\/en\/wp-json\/wp\/v2\/product"}],"about":[{"href":"https:\/\/michaelbern.com\/en\/wp-json\/wp\/v2\/types\/product"}],"replies":[{"embeddable":true,"href":"https:\/\/michaelbern.com\/en\/wp-json\/wp\/v2\/comments?post=1185"}],"wp:featuredmedia":[{"embeddable":true,"href":"https:\/\/michaelbern.com\/en\/wp-json\/wp\/v2\/media\/1179"}],"wp:attachment":[{"href":"https:\/\/michaelbern.com\/en\/wp-json\/wp\/v2\/media?parent=1185"}],"wp:term":[{"taxonomy":"product_brand","embeddable":true,"href":"https:\/\/michaelbern.com\/en\/wp-json\/wp\/v2\/product_brand?post=1185"},{"taxonomy":"product_cat","embeddable":true,"href":"https:\/\/michaelbern.com\/en\/wp-json\/wp\/v2\/product_cat?post=1185"},{"taxonomy":"product_tag","embeddable":true,"href":"https:\/\/michaelbern.com\/en\/wp-json\/wp\/v2\/product_tag?post=1185"}],"curies":[{"name":"wp","href":"https:\/\/api.w.org\/{rel}","templated":true}]}}