{"id":1079,"date":"2021-02-06T03:52:25","date_gmt":"2021-02-06T02:52:25","guid":{"rendered":"https:\/\/michaelbern.com\/product\/alpina-seastrong-diver-300-gmt-grau\/"},"modified":"2022-04-08T15:27:55","modified_gmt":"2022-04-08T13:27:55","slug":"alpina-seastrong-diver-300-gmt-grau","status":"publish","type":"product","link":"https:\/\/michaelbern.com\/en\/product\/alpina-seastrong-diver-300-gmt-grau\/","title":{"rendered":"Alpina Seastrong Diver 300 GMT Grau"},"content":{"rendered":"<p>Die neue Alpina Seastrong Diver 300 GMT ist eine professionelle Taucheruhr mit kissenf\u00f6rmigem 44-mm-Edelstahlgeh\u00e4use. Sie h\u00e4lt einem Druck von bis zu 30 bar stand, was einer Wassertiefe von 300 m entspricht. Das Design stellt die optimale Ablesbarkeit der Tauchzeit in den Fokus und zeichnet sich durch seine schlichte, funktionale Sch\u00f6nheit aus, die diesen Zeitmesser auch ausserhalb des Wassers zu einer ansprechenden maskulinen Uhr macht.<\/p>\n","protected":false},"excerpt":{"rendered":"<p>Die neue Alpina Seastrong Diver 300 GMT ist eine professionelle Taucheruhr mit kissenf\u00f6rmigem 44-mm-Edelstahlgeh\u00e4use. Sie h\u00e4lt einem Druck von bis zu 30 bar stand, was einer Wassertiefe von 300 m entspricht. Das Design stellt die optimale Ablesbarkeit der Tauchzeit in den Fokus und zeichnet sich durch seine schlichte, funktionale Sch\u00f6nheit aus, die diesen Zeitmesser auch [&hellip;]<\/p>\n","protected":false},"featured_media":1071,"comment_status":"open","ping_status":"closed","template":"","meta":{"inline_featured_image":false},"product_brand":[],"product_cat":[142,56],"product_tag":[],"class_list":{"0":"post-1079","1":"product","2":"type-product","3":"status-publish","4":"has-post-thumbnail","6":"product_cat-brands","7":"product_cat-watches","8":"post-item","10":"first","11":"outofstock","12":"taxable","13":"shipping-taxable","14":"purchasable","15":"product-type-simple"},"_links":{"self":[{"href":"https:\/\/michaelbern.com\/en\/wp-json\/wp\/v2\/product\/1079","targetHints":{"allow":["GET"]}}],"collection":[{"href":"https:\/\/michaelbern.com\/en\/wp-json\/wp\/v2\/product"}],"about":[{"href":"https:\/\/michaelbern.com\/en\/wp-json\/wp\/v2\/types\/product"}],"replies":[{"embeddable":true,"href":"https:\/\/michaelbern.com\/en\/wp-json\/wp\/v2\/comments?post=1079"}],"wp:featuredmedia":[{"embeddable":true,"href":"https:\/\/michaelbern.com\/en\/wp-json\/wp\/v2\/media\/1071"}],"wp:attachment":[{"href":"https:\/\/michaelbern.com\/en\/wp-json\/wp\/v2\/media?parent=1079"}],"wp:term":[{"taxonomy":"product_brand","embeddable":true,"href":"https:\/\/michaelbern.com\/en\/wp-json\/wp\/v2\/product_brand?post=1079"},{"taxonomy":"product_cat","embeddable":true,"href":"https:\/\/michaelbern.com\/en\/wp-json\/wp\/v2\/product_cat?post=1079"},{"taxonomy":"product_tag","embeddable":true,"href":"https:\/\/michaelbern.com\/en\/wp-json\/wp\/v2\/product_tag?post=1079"}],"curies":[{"name":"wp","href":"https:\/\/api.w.org\/{rel}","templated":true}]}}