{"id":1031,"date":"2021-02-06T03:51:54","date_gmt":"2021-02-06T02:51:54","guid":{"rendered":"https:\/\/michaelbern.com\/product\/alpina-horological-smartwatch-alpinerx-2\/"},"modified":"2022-04-08T15:27:56","modified_gmt":"2022-04-08T13:27:56","slug":"alpina-horological-smartwatch-alpinerx-2","status":"publish","type":"product","link":"https:\/\/michaelbern.com\/en\/product\/alpina-horological-smartwatch-alpinerx-2\/","title":{"rendered":"Alpina Horological Smartwatch AlpinerX"},"content":{"rendered":"<p>AlpinerX \u2013 Die sch\u00f6nste Outdoor-Smartwatch<br \/>\nDie AlpinerX ist die ultimative vernetzte Outdoor-Uhr. Mit ihren f\u00fcnf Sensoren misst sie UV-Index, Temperatur, H\u00f6he, Luftdruck und Himmelsrichtung. Als ideale Fusion aus klassischem Alpina Sportuhrendesign und moderner vernetzter Technologie bietet die Uhr eine F\u00fclle von Funktionen und ist zugleich ein Musterbeispiel attraktiver Uhrmacherkunst. Die Funktionen der AlpinerX sind in die drei Kategorien Umwelt, K\u00f6rper und Zeit &#038; Benachrichtigung unterteilt.<\/p>\n","protected":false},"excerpt":{"rendered":"<p>AlpinerX \u2013 Die sch\u00f6nste Outdoor-Smartwatch Die AlpinerX ist die ultimative vernetzte Outdoor-Uhr. Mit ihren f\u00fcnf Sensoren misst sie UV-Index, Temperatur, H\u00f6he, Luftdruck und Himmelsrichtung. Als ideale Fusion aus klassischem Alpina Sportuhrendesign und moderner vernetzter Technologie bietet die Uhr eine F\u00fclle von Funktionen und ist zugleich ein Musterbeispiel attraktiver Uhrmacherkunst. Die Funktionen der AlpinerX sind in [&hellip;]<\/p>\n","protected":false},"featured_media":1023,"comment_status":"open","ping_status":"closed","template":"","meta":{"inline_featured_image":false},"product_brand":[],"product_cat":[56,96],"product_tag":[],"class_list":{"0":"post-1031","1":"product","2":"type-product","3":"status-publish","4":"has-post-thumbnail","6":"product_cat-watches","7":"product_cat-smartwatches","8":"post-item","10":"first","11":"outofstock","12":"taxable","13":"shipping-taxable","14":"purchasable","15":"product-type-simple"},"_links":{"self":[{"href":"https:\/\/michaelbern.com\/en\/wp-json\/wp\/v2\/product\/1031","targetHints":{"allow":["GET"]}}],"collection":[{"href":"https:\/\/michaelbern.com\/en\/wp-json\/wp\/v2\/product"}],"about":[{"href":"https:\/\/michaelbern.com\/en\/wp-json\/wp\/v2\/types\/product"}],"replies":[{"embeddable":true,"href":"https:\/\/michaelbern.com\/en\/wp-json\/wp\/v2\/comments?post=1031"}],"wp:featuredmedia":[{"embeddable":true,"href":"https:\/\/michaelbern.com\/en\/wp-json\/wp\/v2\/media\/1023"}],"wp:attachment":[{"href":"https:\/\/michaelbern.com\/en\/wp-json\/wp\/v2\/media?parent=1031"}],"wp:term":[{"taxonomy":"product_brand","embeddable":true,"href":"https:\/\/michaelbern.com\/en\/wp-json\/wp\/v2\/product_brand?post=1031"},{"taxonomy":"product_cat","embeddable":true,"href":"https:\/\/michaelbern.com\/en\/wp-json\/wp\/v2\/product_cat?post=1031"},{"taxonomy":"product_tag","embeddable":true,"href":"https:\/\/michaelbern.com\/en\/wp-json\/wp\/v2\/product_tag?post=1031"}],"curies":[{"name":"wp","href":"https:\/\/api.w.org\/{rel}","templated":true}]}}